{"id":21487,"date":"2021-07-02T15:59:58","date_gmt":"2021-07-02T18:59:58","guid":{"rendered":"https:\/\/semead.com.br\/29-novo\/?page_id=21487"},"modified":"2021-11-08T11:42:37","modified_gmt":"2021-11-08T14:42:37","slug":"business-speakers-2","status":"publish","type":"page","link":"https:\/\/semead.com.br\/29\/es\/business-speakers-2\/","title":{"rendered":"Business Speakers"},"content":{"rendered":"\t\t<div data-elementor-type=\"wp-post\" data-elementor-id=\"21487\" class=\"elementor elementor-21487 elementor-17883\" data-elementor-post-type=\"page\">\n\t\t\t\t\t\t<section class=\"elementor-section elementor-top-section elementor-element elementor-element-758a75d elementor-section-boxed elementor-section-height-default elementor-section-height-default\" data-id=\"758a75d\" data-element_type=\"section\" data-e-type=\"section\">\n\t\t\t\t\t\t<div class=\"elementor-container elementor-column-gap-default\">\n\t\t\t\t\t<div class=\"elementor-column elementor-col-100 elementor-top-column elementor-element elementor-element-959efe2\" data-id=\"959efe2\" data-element_type=\"column\" data-e-type=\"column\">\n\t\t\t<div class=\"elementor-widget-wrap elementor-element-populated\">\n\t\t\t\t\t\t<div class=\"elementor-element elementor-element-82578d7 elementor-widget elementor-widget-text-editor\" data-id=\"82578d7\" data-element_type=\"widget\" data-e-type=\"widget\" data-widget_type=\"text-editor.default\">\n\t\t\t\t<div class=\"elementor-widget-container\">\n\t\t\t\t\t\t\t\t\t<p>La sesi\u00f3n de Business Speakers del SemeAd es una actividad que cuenta con la participaci\u00f3n de empresarios y gestores estrat\u00e9gicos de organizaciones reconocidas a nivel nacional e internacional. Los invitados discuten temas emergentes de la vida cotidiana de las organizaciones y estudios de caso. Confira la programaci\u00f3n de Business Speakers para el XXIV SemeAd!<\/p>\t\t\t\t\t\t\t\t<\/div>\n\t\t\t\t<\/div>\n\t\t\t\t\t<\/div>\n\t\t<\/div>\n\t\t\t\t\t<\/div>\n\t\t<\/section>\n\t\t\t\t<section class=\"elementor-section elementor-top-section elementor-element elementor-element-0daf7c8 elementor-section-boxed elementor-section-height-default elementor-section-height-default\" data-id=\"0daf7c8\" data-element_type=\"section\" data-e-type=\"section\">\n\t\t\t\t\t\t<div class=\"elementor-container elementor-column-gap-default\">\n\t\t\t\t\t<div class=\"elementor-column elementor-col-66 elementor-top-column elementor-element elementor-element-5b61cf2\" data-id=\"5b61cf2\" data-element_type=\"column\" data-e-type=\"column\">\n\t\t\t<div class=\"elementor-widget-wrap elementor-element-populated\">\n\t\t\t\t\t\t<div class=\"elementor-element elementor-element-7420b64 elementor-widget elementor-widget-image\" data-id=\"7420b64\" data-element_type=\"widget\" data-e-type=\"widget\" data-widget_type=\"image.default\">\n\t\t\t\t<div class=\"elementor-widget-container\">\n\t\t\t\t\t\t\t\t\t\t\t\t\t\t\t<img fetchpriority=\"high\" decoding=\"async\" width=\"1024\" height=\"1024\" src=\"https:\/\/i0.wp.com\/semead.com.br\/29\/wp-content\/uploads\/sites\/21\/2021\/11\/Luiz-Alberto-Esteves.png?fit=1024%2C1024&amp;ssl=1\" class=\"attachment-large size-large wp-image-23487\" alt=\"\" srcset=\"https:\/\/i0.wp.com\/semead.com.br\/29\/wp-content\/uploads\/sites\/21\/2021\/11\/Luiz-Alberto-Esteves.png?w=1080&amp;ssl=1 1080w, https:\/\/i0.wp.com\/semead.com.br\/29\/wp-content\/uploads\/sites\/21\/2021\/11\/Luiz-Alberto-Esteves.png?resize=300%2C300&amp;ssl=1 300w, https:\/\/i0.wp.com\/semead.com.br\/29\/wp-content\/uploads\/sites\/21\/2021\/11\/Luiz-Alberto-Esteves.png?resize=1024%2C1024&amp;ssl=1 1024w, https:\/\/i0.wp.com\/semead.com.br\/29\/wp-content\/uploads\/sites\/21\/2021\/11\/Luiz-Alberto-Esteves.png?resize=150%2C150&amp;ssl=1 150w, https:\/\/i0.wp.com\/semead.com.br\/29\/wp-content\/uploads\/sites\/21\/2021\/11\/Luiz-Alberto-Esteves.png?resize=400%2C400&amp;ssl=1 400w\" sizes=\"(max-width: 1024px) 100vw, 1024px\" \/>\t\t\t\t\t\t\t\t\t\t\t\t\t\t\t<\/div>\n\t\t\t\t<\/div>\n\t\t\t\t\t<\/div>\n\t\t<\/div>\n\t\t\t\t<div class=\"elementor-column elementor-col-33 elementor-top-column elementor-element elementor-element-f80f57a\" data-id=\"f80f57a\" data-element_type=\"column\" data-e-type=\"column\">\n\t\t\t<div class=\"elementor-widget-wrap elementor-element-populated\">\n\t\t\t\t\t\t<div class=\"elementor-element elementor-element-a08cbda elementor-widget elementor-widget-text-editor\" data-id=\"a08cbda\" data-element_type=\"widget\" data-e-type=\"widget\" data-widget_type=\"text-editor.default\">\n\t\t\t\t<div class=\"elementor-widget-container\">\n\t\t\t\t\t\t\t\t\t<h4><strong>10\/11 &#8211; 13:30 \u00e0s 14:30<\/strong><\/h4><p><b style=\"color: var( --e-global-color-text ); font-family: var( --e-global-typography-text-font-family );\">Assista:<\/b><\/p><p><a href=\"https:\/\/semead-br.zoom.us\/webinar\/register\/WN_nIIeCTONS4SVH6_a9LoFww\">https:\/\/semead-br.zoom.us\/webinar\/register\/WN_nIIeCTONS4SVH6_a9LoFww<\/a><\/p>\t\t\t\t\t\t\t\t<\/div>\n\t\t\t\t<\/div>\n\t\t\t\t\t<\/div>\n\t\t<\/div>\n\t\t\t\t\t<\/div>\n\t\t<\/section>\n\t\t\t\t<section class=\"elementor-section elementor-top-section elementor-element elementor-element-330e5f9 elementor-section-boxed elementor-section-height-default elementor-section-height-default\" data-id=\"330e5f9\" data-element_type=\"section\" data-e-type=\"section\">\n\t\t\t\t\t\t<div class=\"elementor-container elementor-column-gap-default\">\n\t\t\t\t\t<div class=\"elementor-column elementor-col-66 elementor-top-column elementor-element elementor-element-4ef9a46\" data-id=\"4ef9a46\" data-element_type=\"column\" data-e-type=\"column\">\n\t\t\t<div class=\"elementor-widget-wrap elementor-element-populated\">\n\t\t\t\t\t\t<div class=\"elementor-element elementor-element-c7327b7 elementor-widget elementor-widget-image\" data-id=\"c7327b7\" data-element_type=\"widget\" data-e-type=\"widget\" data-widget_type=\"image.default\">\n\t\t\t\t<div class=\"elementor-widget-container\">\n\t\t\t\t\t\t\t\t\t\t\t\t\t\t\t<img decoding=\"async\" width=\"1024\" height=\"1024\" src=\"https:\/\/i0.wp.com\/semead.com.br\/29\/wp-content\/uploads\/sites\/21\/2021\/11\/Carlos-Ohde.png?fit=1024%2C1024&amp;ssl=1\" class=\"attachment-large size-large wp-image-23490\" alt=\"\" srcset=\"https:\/\/i0.wp.com\/semead.com.br\/29\/wp-content\/uploads\/sites\/21\/2021\/11\/Carlos-Ohde.png?w=1080&amp;ssl=1 1080w, https:\/\/i0.wp.com\/semead.com.br\/29\/wp-content\/uploads\/sites\/21\/2021\/11\/Carlos-Ohde.png?resize=300%2C300&amp;ssl=1 300w, https:\/\/i0.wp.com\/semead.com.br\/29\/wp-content\/uploads\/sites\/21\/2021\/11\/Carlos-Ohde.png?resize=1024%2C1024&amp;ssl=1 1024w, https:\/\/i0.wp.com\/semead.com.br\/29\/wp-content\/uploads\/sites\/21\/2021\/11\/Carlos-Ohde.png?resize=150%2C150&amp;ssl=1 150w, https:\/\/i0.wp.com\/semead.com.br\/29\/wp-content\/uploads\/sites\/21\/2021\/11\/Carlos-Ohde.png?resize=400%2C400&amp;ssl=1 400w\" sizes=\"(max-width: 1024px) 100vw, 1024px\" \/>\t\t\t\t\t\t\t\t\t\t\t\t\t\t\t<\/div>\n\t\t\t\t<\/div>\n\t\t\t\t\t<\/div>\n\t\t<\/div>\n\t\t\t\t<div class=\"elementor-column elementor-col-33 elementor-top-column elementor-element elementor-element-9d940a2\" data-id=\"9d940a2\" data-element_type=\"column\" data-e-type=\"column\">\n\t\t\t<div class=\"elementor-widget-wrap elementor-element-populated\">\n\t\t\t\t\t\t<div class=\"elementor-element elementor-element-b874997 elementor-widget elementor-widget-text-editor\" data-id=\"b874997\" data-element_type=\"widget\" data-e-type=\"widget\" data-widget_type=\"text-editor.default\">\n\t\t\t\t<div class=\"elementor-widget-container\">\n\t\t\t\t\t\t\t\t\t<h4><strong>11\/11 &#8211; 13:30 \u00e0s 14:30<\/strong><\/h4><p><b style=\"color: var( --e-global-color-text ); font-family: var( --e-global-typography-text-font-family );\">Assista:<\/b><\/p><p><a href=\"https:\/\/semead-br.zoom.us\/j\/84479884471?pwd=NmpiNTZjNmRMVHlDNnNXRG5oc2l0Zz09\">https:\/\/semead-br.zoom.us\/j\/84479884471?pwd=NmpiNTZjNmRMVHlDNnNXRG5oc2l0Zz09<\/a><\/p><div><strong>\u00a0<\/strong><\/div>\t\t\t\t\t\t\t\t<\/div>\n\t\t\t\t<\/div>\n\t\t\t\t\t<\/div>\n\t\t<\/div>\n\t\t\t\t\t<\/div>\n\t\t<\/section>\n\t\t\t\t<section class=\"elementor-section elementor-top-section elementor-element elementor-element-f14ba40 elementor-section-boxed elementor-section-height-default elementor-section-height-default\" data-id=\"f14ba40\" data-element_type=\"section\" data-e-type=\"section\">\n\t\t\t\t\t\t<div class=\"elementor-container elementor-column-gap-default\">\n\t\t\t\t\t<div class=\"elementor-column elementor-col-66 elementor-top-column elementor-element elementor-element-972bdf2\" data-id=\"972bdf2\" data-element_type=\"column\" data-e-type=\"column\">\n\t\t\t<div class=\"elementor-widget-wrap elementor-element-populated\">\n\t\t\t\t\t\t<div class=\"elementor-element elementor-element-6755620 elementor-widget elementor-widget-image\" data-id=\"6755620\" data-element_type=\"widget\" data-e-type=\"widget\" data-widget_type=\"image.default\">\n\t\t\t\t<div class=\"elementor-widget-container\">\n\t\t\t\t\t\t\t\t\t\t\t\t\t\t\t<img decoding=\"async\" width=\"1024\" height=\"1024\" src=\"https:\/\/i0.wp.com\/semead.com.br\/29\/wp-content\/uploads\/sites\/21\/2021\/10\/Djalma-Scartezini.png?fit=1024%2C1024&amp;ssl=1\" class=\"attachment-large size-large wp-image-23107\" alt=\"\" srcset=\"https:\/\/i0.wp.com\/semead.com.br\/29\/wp-content\/uploads\/sites\/21\/2021\/10\/Djalma-Scartezini.png?w=1080&amp;ssl=1 1080w, https:\/\/i0.wp.com\/semead.com.br\/29\/wp-content\/uploads\/sites\/21\/2021\/10\/Djalma-Scartezini.png?resize=300%2C300&amp;ssl=1 300w, https:\/\/i0.wp.com\/semead.com.br\/29\/wp-content\/uploads\/sites\/21\/2021\/10\/Djalma-Scartezini.png?resize=1024%2C1024&amp;ssl=1 1024w, https:\/\/i0.wp.com\/semead.com.br\/29\/wp-content\/uploads\/sites\/21\/2021\/10\/Djalma-Scartezini.png?resize=150%2C150&amp;ssl=1 150w, https:\/\/i0.wp.com\/semead.com.br\/29\/wp-content\/uploads\/sites\/21\/2021\/10\/Djalma-Scartezini.png?resize=400%2C400&amp;ssl=1 400w\" sizes=\"(max-width: 1024px) 100vw, 1024px\" \/>\t\t\t\t\t\t\t\t\t\t\t\t\t\t\t<\/div>\n\t\t\t\t<\/div>\n\t\t\t\t\t<\/div>\n\t\t<\/div>\n\t\t\t\t<div class=\"elementor-column elementor-col-33 elementor-top-column elementor-element elementor-element-f8859c1\" data-id=\"f8859c1\" data-element_type=\"column\" data-e-type=\"column\">\n\t\t\t<div class=\"elementor-widget-wrap elementor-element-populated\">\n\t\t\t\t\t\t<div class=\"elementor-element elementor-element-eec04ff elementor-widget elementor-widget-text-editor\" data-id=\"eec04ff\" data-element_type=\"widget\" data-e-type=\"widget\" data-widget_type=\"text-editor.default\">\n\t\t\t\t<div class=\"elementor-widget-container\">\n\t\t\t\t\t\t\t\t\t<h4><strong>11\/11 &#8211; 13:00 \u00e0s 14:00<\/strong><\/h4><div><p><b style=\"color: var( --e-global-color-text ); font-family: var( --e-global-typography-text-font-family );\">Assista:<\/b><\/p><p><a href=\"https:\/\/semead-br.zoom.us\/j\/82071137989?pwd=UlRGWERjSG14K04xbEtUZkY2MHlsdz09\">https:\/\/semead-br.zoom.us\/j\/82071137989?pwd=UlRGWERjSG14K04xbEtUZkY2MHlsdz09<\/a><\/p><\/div>\t\t\t\t\t\t\t\t<\/div>\n\t\t\t\t<\/div>\n\t\t\t\t\t<\/div>\n\t\t<\/div>\n\t\t\t\t\t<\/div>\n\t\t<\/section>\n\t\t\t\t<section class=\"elementor-section elementor-top-section elementor-element elementor-element-8a056c9 elementor-section-boxed elementor-section-height-default elementor-section-height-default\" data-id=\"8a056c9\" data-element_type=\"section\" data-e-type=\"section\">\n\t\t\t\t\t\t<div class=\"elementor-container elementor-column-gap-default\">\n\t\t\t\t\t<div class=\"elementor-column elementor-col-66 elementor-top-column elementor-element elementor-element-9e2f503\" data-id=\"9e2f503\" data-element_type=\"column\" data-e-type=\"column\">\n\t\t\t<div class=\"elementor-widget-wrap elementor-element-populated\">\n\t\t\t\t\t\t<div class=\"elementor-element elementor-element-8778792 elementor-widget elementor-widget-image\" data-id=\"8778792\" data-element_type=\"widget\" data-e-type=\"widget\" data-widget_type=\"image.default\">\n\t\t\t\t<div class=\"elementor-widget-container\">\n\t\t\t\t\t\t\t\t\t\t\t\t\t\t\t<img loading=\"lazy\" decoding=\"async\" width=\"1024\" height=\"1024\" src=\"https:\/\/i0.wp.com\/semead.com.br\/29\/wp-content\/uploads\/sites\/21\/2021\/10\/Ana-Claudia-Scheiner.png?fit=1024%2C1024&amp;ssl=1\" class=\"attachment-large size-large wp-image-23113\" alt=\"\" srcset=\"https:\/\/i0.wp.com\/semead.com.br\/29\/wp-content\/uploads\/sites\/21\/2021\/10\/Ana-Claudia-Scheiner.png?w=1080&amp;ssl=1 1080w, https:\/\/i0.wp.com\/semead.com.br\/29\/wp-content\/uploads\/sites\/21\/2021\/10\/Ana-Claudia-Scheiner.png?resize=300%2C300&amp;ssl=1 300w, https:\/\/i0.wp.com\/semead.com.br\/29\/wp-content\/uploads\/sites\/21\/2021\/10\/Ana-Claudia-Scheiner.png?resize=1024%2C1024&amp;ssl=1 1024w, https:\/\/i0.wp.com\/semead.com.br\/29\/wp-content\/uploads\/sites\/21\/2021\/10\/Ana-Claudia-Scheiner.png?resize=150%2C150&amp;ssl=1 150w, https:\/\/i0.wp.com\/semead.com.br\/29\/wp-content\/uploads\/sites\/21\/2021\/10\/Ana-Claudia-Scheiner.png?resize=400%2C400&amp;ssl=1 400w\" sizes=\"(max-width: 1024px) 100vw, 1024px\" \/>\t\t\t\t\t\t\t\t\t\t\t\t\t\t\t<\/div>\n\t\t\t\t<\/div>\n\t\t\t\t\t<\/div>\n\t\t<\/div>\n\t\t\t\t<div class=\"elementor-column elementor-col-33 elementor-top-column elementor-element elementor-element-77a192d\" data-id=\"77a192d\" data-element_type=\"column\" data-e-type=\"column\">\n\t\t\t<div class=\"elementor-widget-wrap elementor-element-populated\">\n\t\t\t\t\t\t<div class=\"elementor-element elementor-element-61c5764 elementor-widget elementor-widget-text-editor\" data-id=\"61c5764\" data-element_type=\"widget\" data-e-type=\"widget\" data-widget_type=\"text-editor.default\">\n\t\t\t\t<div class=\"elementor-widget-container\">\n\t\t\t\t\t\t\t\t\t<h4><strong>12\/11 &#8211; 13:00 \u00e0s 14:00<\/strong><\/h4><div><p><b style=\"color: var( --e-global-color-text ); font-family: var( --e-global-typography-text-font-family );\">Assista:<\/b><\/p><p><a href=\"https:\/\/semead-br.zoom.us\/j\/88652330337?pwd=cmVqc3BzQnFkTVZNdE5id21JdDhJdz09\">https:\/\/semead-br.zoom.us\/j\/88652330337?pwd=cmVqc3BzQnFkTVZNdE5id21JdDhJdz09<\/a><\/p><\/div>\t\t\t\t\t\t\t\t<\/div>\n\t\t\t\t<\/div>\n\t\t\t\t\t<\/div>\n\t\t<\/div>\n\t\t\t\t\t<\/div>\n\t\t<\/section>\n\t\t\t\t<\/div>\n\t\t","protected":false},"excerpt":{"rendered":"<p>La sesi\u00f3n de Business Speakers del SemeAd es una actividad que cuenta con la participaci\u00f3n de empresarios y gestores estrat\u00e9gicos de organizaciones reconocidas a nivel nacional e internacional. Los invitados discuten temas emergentes de la vida cotidiana de las organizaciones y estudios de caso. Confira la programaci\u00f3n de Business Speakers para el XXIV SemeAd! 10\/11 [&hellip;]<\/p>\n","protected":false},"author":8,"featured_media":0,"parent":0,"menu_order":0,"comment_status":"closed","ping_status":"closed","template":"","meta":{"_acf_changed":false,"tpgb_global_settings":"","inline_featured_image":false,"_monsterinsights_skip_tracking":false,"_monsterinsights_sitenote_active":false,"_monsterinsights_sitenote_note":"","_monsterinsights_sitenote_category":0,"footnotes":""},"class_list":["post-21487","page","type-page","status-publish","hentry"],"acf":{"coordenadores":null,"audio_da_coordenacao":null,"temas":[{"tema_nome":"Administra\u00e7\u00e3o P\u00fablica","tema_descricao":"","audio":"","lideres":null},{"tema_nome":"Empreendedorismo","tema_descricao":"","audio":"","lideres":null},{"tema_nome":"Estrat\u00e9gia","tema_descricao":"","audio":"","lideres":null},{"tema_nome":"Inova\u00e7\u00e3o\t","tema_descricao":"","audio":"","lideres":null},{"tema_nome":"Estudos Organizacionais\t","tema_descricao":"","audio":"","lideres":null},{"tema_nome":"Gest\u00e3o Socio Ambiental\t","tema_descricao":"","audio":"","lideres":null},{"tema_nome":"Tecnologia da Informa\u00e7\u00e3o","tema_descricao":"","audio":"","lideres":null},{"tema_nome":"Finan\u00e7as","tema_descricao":"","audio":"","lideres":null},{"tema_nome":"Gest\u00e3o de Pessoas","tema_descricao":"","audio":"","lideres":null},{"tema_nome":"","tema_descricao":"","audio":null,"lideres":null}]},"yoast_head":"<!-- This site is optimized with the Yoast SEO plugin v27.5 - https:\/\/yoast.com\/product\/yoast-seo-wordpress\/ -->\n<title>Business Speakers - XXIX SemeAd<\/title>\n<meta name=\"robots\" content=\"index, follow, max-snippet:-1, max-image-preview:large, max-video-preview:-1\" \/>\n<link rel=\"canonical\" href=\"https:\/\/semead.com.br\/29\/es\/business-speakers-2\/\" \/>\n<meta property=\"og:locale\" content=\"es_ES\" \/>\n<meta property=\"og:type\" content=\"article\" \/>\n<meta property=\"og:title\" content=\"Business Speakers - XXIX SemeAd\" \/>\n<meta property=\"og:description\" content=\"La sesi\u00f3n de Business Speakers del SemeAd es una actividad que cuenta con la participaci\u00f3n de empresarios y gestores estrat\u00e9gicos de organizaciones reconocidas a nivel nacional e internacional. Los invitados discuten temas emergentes de la vida cotidiana de las organizaciones y estudios de caso. Confira la programaci\u00f3n de Business Speakers para el XXIV SemeAd! 10\/11 [&hellip;]\" \/>\n<meta property=\"og:url\" content=\"https:\/\/semead.com.br\/29\/es\/business-speakers-2\/\" \/>\n<meta property=\"og:site_name\" content=\"XXIX SemeAd\" \/>\n<meta property=\"article:modified_time\" content=\"2021-11-08T14:42:37+00:00\" \/>\n<meta property=\"og:image\" content=\"https:\/\/semead.com.br\/29-novo\/wp-content\/uploads\/sites\/21\/2021\/11\/Luiz-Alberto-Esteves-1024x1024.png\" \/>\n<meta name=\"twitter:card\" content=\"summary_large_image\" \/>\n<meta name=\"twitter:label1\" content=\"Tiempo de lectura\" \/>\n\t<meta name=\"twitter:data1\" content=\"2 minutos\" \/>\n<script type=\"application\/ld+json\" class=\"yoast-schema-graph\">{\"@context\":\"https:\\\/\\\/schema.org\",\"@graph\":[{\"@type\":\"WebPage\",\"@id\":\"https:\\\/\\\/semead.com.br\\\/29\\\/es\\\/business-speakers-2\\\/\",\"url\":\"https:\\\/\\\/semead.com.br\\\/29\\\/es\\\/business-speakers-2\\\/\",\"name\":\"Business Speakers - XXIX SemeAd\",\"isPartOf\":{\"@id\":\"https:\\\/\\\/semead.com.br\\\/29\\\/es\\\/#website\"},\"primaryImageOfPage\":{\"@id\":\"https:\\\/\\\/semead.com.br\\\/29\\\/es\\\/business-speakers-2\\\/#primaryimage\"},\"image\":{\"@id\":\"https:\\\/\\\/semead.com.br\\\/29\\\/es\\\/business-speakers-2\\\/#primaryimage\"},\"thumbnailUrl\":\"https:\\\/\\\/semead.com.br\\\/29-novo\\\/wp-content\\\/uploads\\\/sites\\\/21\\\/2021\\\/11\\\/Luiz-Alberto-Esteves-1024x1024.png\",\"datePublished\":\"2021-07-02T18:59:58+00:00\",\"dateModified\":\"2021-11-08T14:42:37+00:00\",\"breadcrumb\":{\"@id\":\"https:\\\/\\\/semead.com.br\\\/29\\\/es\\\/business-speakers-2\\\/#breadcrumb\"},\"inLanguage\":\"es\",\"potentialAction\":[{\"@type\":\"ReadAction\",\"target\":[\"https:\\\/\\\/semead.com.br\\\/29\\\/es\\\/business-speakers-2\\\/\"]}]},{\"@type\":\"ImageObject\",\"inLanguage\":\"es\",\"@id\":\"https:\\\/\\\/semead.com.br\\\/29\\\/es\\\/business-speakers-2\\\/#primaryimage\",\"url\":\"https:\\\/\\\/semead.com.br\\\/29-novo\\\/wp-content\\\/uploads\\\/sites\\\/21\\\/2021\\\/11\\\/Luiz-Alberto-Esteves-1024x1024.png\",\"contentUrl\":\"https:\\\/\\\/semead.com.br\\\/29-novo\\\/wp-content\\\/uploads\\\/sites\\\/21\\\/2021\\\/11\\\/Luiz-Alberto-Esteves-1024x1024.png\"},{\"@type\":\"BreadcrumbList\",\"@id\":\"https:\\\/\\\/semead.com.br\\\/29\\\/es\\\/business-speakers-2\\\/#breadcrumb\",\"itemListElement\":[{\"@type\":\"ListItem\",\"position\":1,\"name\":\"In\u00edcio\",\"item\":\"https:\\\/\\\/semead.com.br\\\/29\\\/es\\\/\"},{\"@type\":\"ListItem\",\"position\":2,\"name\":\"Business Speakers\"}]},{\"@type\":\"WebSite\",\"@id\":\"https:\\\/\\\/semead.com.br\\\/29\\\/es\\\/#website\",\"url\":\"https:\\\/\\\/semead.com.br\\\/29\\\/es\\\/\",\"name\":\"XXIX SemeAd\",\"description\":\"Semin\u00e1rios em administra\u00e7\u00e3o\",\"potentialAction\":[{\"@type\":\"SearchAction\",\"target\":{\"@type\":\"EntryPoint\",\"urlTemplate\":\"https:\\\/\\\/semead.com.br\\\/29\\\/es\\\/?s={search_term_string}\"},\"query-input\":{\"@type\":\"PropertyValueSpecification\",\"valueRequired\":true,\"valueName\":\"search_term_string\"}}],\"inLanguage\":\"es\"}]}<\/script>\n<!-- \/ Yoast SEO plugin. -->","yoast_head_json":{"title":"Business Speakers - XXIX SemeAd","robots":{"index":"index","follow":"follow","max-snippet":"max-snippet:-1","max-image-preview":"max-image-preview:large","max-video-preview":"max-video-preview:-1"},"canonical":"https:\/\/semead.com.br\/29\/es\/business-speakers-2\/","og_locale":"es_ES","og_type":"article","og_title":"Business Speakers - XXIX SemeAd","og_description":"La sesi\u00f3n de Business Speakers del SemeAd es una actividad que cuenta con la participaci\u00f3n de empresarios y gestores estrat\u00e9gicos de organizaciones reconocidas a nivel nacional e internacional. Los invitados discuten temas emergentes de la vida cotidiana de las organizaciones y estudios de caso. Confira la programaci\u00f3n de Business Speakers para el XXIV SemeAd! 10\/11 [&hellip;]","og_url":"https:\/\/semead.com.br\/29\/es\/business-speakers-2\/","og_site_name":"XXIX SemeAd","article_modified_time":"2021-11-08T14:42:37+00:00","og_image":[{"url":"https:\/\/semead.com.br\/29-novo\/wp-content\/uploads\/sites\/21\/2021\/11\/Luiz-Alberto-Esteves-1024x1024.png","type":"","width":"","height":""}],"twitter_card":"summary_large_image","twitter_misc":{"Tiempo de lectura":"2 minutos"},"schema":{"@context":"https:\/\/schema.org","@graph":[{"@type":"WebPage","@id":"https:\/\/semead.com.br\/29\/es\/business-speakers-2\/","url":"https:\/\/semead.com.br\/29\/es\/business-speakers-2\/","name":"Business Speakers - XXIX SemeAd","isPartOf":{"@id":"https:\/\/semead.com.br\/29\/es\/#website"},"primaryImageOfPage":{"@id":"https:\/\/semead.com.br\/29\/es\/business-speakers-2\/#primaryimage"},"image":{"@id":"https:\/\/semead.com.br\/29\/es\/business-speakers-2\/#primaryimage"},"thumbnailUrl":"https:\/\/semead.com.br\/29-novo\/wp-content\/uploads\/sites\/21\/2021\/11\/Luiz-Alberto-Esteves-1024x1024.png","datePublished":"2021-07-02T18:59:58+00:00","dateModified":"2021-11-08T14:42:37+00:00","breadcrumb":{"@id":"https:\/\/semead.com.br\/29\/es\/business-speakers-2\/#breadcrumb"},"inLanguage":"es","potentialAction":[{"@type":"ReadAction","target":["https:\/\/semead.com.br\/29\/es\/business-speakers-2\/"]}]},{"@type":"ImageObject","inLanguage":"es","@id":"https:\/\/semead.com.br\/29\/es\/business-speakers-2\/#primaryimage","url":"https:\/\/semead.com.br\/29-novo\/wp-content\/uploads\/sites\/21\/2021\/11\/Luiz-Alberto-Esteves-1024x1024.png","contentUrl":"https:\/\/semead.com.br\/29-novo\/wp-content\/uploads\/sites\/21\/2021\/11\/Luiz-Alberto-Esteves-1024x1024.png"},{"@type":"BreadcrumbList","@id":"https:\/\/semead.com.br\/29\/es\/business-speakers-2\/#breadcrumb","itemListElement":[{"@type":"ListItem","position":1,"name":"In\u00edcio","item":"https:\/\/semead.com.br\/29\/es\/"},{"@type":"ListItem","position":2,"name":"Business Speakers"}]},{"@type":"WebSite","@id":"https:\/\/semead.com.br\/29\/es\/#website","url":"https:\/\/semead.com.br\/29\/es\/","name":"XXIX SemeAd","description":"Semin\u00e1rios em administra\u00e7\u00e3o","potentialAction":[{"@type":"SearchAction","target":{"@type":"EntryPoint","urlTemplate":"https:\/\/semead.com.br\/29\/es\/?s={search_term_string}"},"query-input":{"@type":"PropertyValueSpecification","valueRequired":true,"valueName":"search_term_string"}}],"inLanguage":"es"}]}},"tpgb_featured_images":null,"tpgb_post_meta_info":{"get_date":"2 de julio de 2021","get_modified_date":"8 de noviembre de 2021","author_name":"amandaaguiarbarbosa","author_url":"https:\/\/semead.com.br\/29\/es\/author\/amandaaguiarbarbosa\/","author_email":"amandaaguiarbarbosa@usp.br","author_website":"","author_description":"","author_facebook":"","author_twitter":"","author_instagram":"","author_role":[],"author_firstname":"Amanda","author_lastname":"Barbosa","user_login":"amandaaguiarbarbosa","author_avatar":"<img alt='' src='https:\/\/secure.gravatar.com\/avatar\/0e2e26878f42b625151adb4996e7d9070b31dcf6bf686bd693f5ba2bab5a0f32?s=200&#038;d=mm&#038;r=g' srcset='https:\/\/secure.gravatar.com\/avatar\/0e2e26878f42b625151adb4996e7d9070b31dcf6bf686bd693f5ba2bab5a0f32?s=400&#038;d=mm&#038;r=g 2x' class='avatar avatar-200 photo' height='200' width='200' decoding='async'\/>","author_avatar_url":"https:\/\/secure.gravatar.com\/avatar\/0e2e26878f42b625151adb4996e7d9070b31dcf6bf686bd693f5ba2bab5a0f32?s=96&d=mm&r=g","comment_count":0,"post_likes":0,"post_views":0},"tpgb_post_category":[],"jetpack_sharing_enabled":true,"_links":{"self":[{"href":"https:\/\/semead.com.br\/29\/es\/wp-json\/wp\/v2\/pages\/21487","targetHints":{"allow":["GET"]}}],"collection":[{"href":"https:\/\/semead.com.br\/29\/es\/wp-json\/wp\/v2\/pages"}],"about":[{"href":"https:\/\/semead.com.br\/29\/es\/wp-json\/wp\/v2\/types\/page"}],"author":[{"embeddable":true,"href":"https:\/\/semead.com.br\/29\/es\/wp-json\/wp\/v2\/users\/8"}],"replies":[{"embeddable":true,"href":"https:\/\/semead.com.br\/29\/es\/wp-json\/wp\/v2\/comments?post=21487"}],"version-history":[{"count":0,"href":"https:\/\/semead.com.br\/29\/es\/wp-json\/wp\/v2\/pages\/21487\/revisions"}],"wp:attachment":[{"href":"https:\/\/semead.com.br\/29\/es\/wp-json\/wp\/v2\/media?parent=21487"}],"curies":[{"name":"wp","href":"https:\/\/api.w.org\/{rel}","templated":true}]}}