{"id":22120,"date":"2021-07-29T11:28:57","date_gmt":"2021-07-29T14:28:57","guid":{"rendered":"https:\/\/semead.com.br\/29-novo\/?page_id=22120"},"modified":"2021-08-13T22:24:44","modified_gmt":"2021-08-14T01:24:44","slug":"workshops-2","status":"publish","type":"page","link":"https:\/\/semead.com.br\/29\/es\/workshops-2\/","title":{"rendered":"Workshops"},"content":{"rendered":"\t\t<div data-elementor-type=\"wp-post\" data-elementor-id=\"22120\" class=\"elementor elementor-22120\" data-elementor-post-type=\"page\">\n\t\t\t\t\t\t<section class=\"elementor-section elementor-top-section elementor-element elementor-element-579d625 elementor-section-boxed elementor-section-height-default elementor-section-height-default\" data-id=\"579d625\" data-element_type=\"section\" data-e-type=\"section\">\n\t\t\t\t\t\t<div class=\"elementor-container elementor-column-gap-default\">\n\t\t\t\t\t<div class=\"elementor-column elementor-col-66 elementor-top-column elementor-element elementor-element-fa1018a\" data-id=\"fa1018a\" data-element_type=\"column\" data-e-type=\"column\">\n\t\t\t<div class=\"elementor-widget-wrap elementor-element-populated\">\n\t\t\t\t\t\t<div class=\"elementor-element elementor-element-84089eb elementor-widget elementor-widget-text-editor\" data-id=\"84089eb\" data-element_type=\"widget\" data-e-type=\"widget\" data-widget_type=\"text-editor.default\">\n\t\t\t\t<div class=\"elementor-widget-container\">\n\t\t\t\t\t\t\t\t\t<p class=\"MsoNormal\"><span class=\"JLqJ4b ChMk0b\" data-language-for-alternatives=\"es\" data-language-to-translate-into=\"pt\" data-phrase-index=\"0\">La sesi\u00f3n de Workshops y Cursos Metodol\u00f3gicos es una actividad de SemeAd que tiene como objetivo promover actividades pr\u00e1cticas y discusiones en profundidad sobre temas espec\u00edficos de la investigaci\u00f3n acad\u00e9mica.<\/span> <span class=\"JLqJ4b ChMk0b\" data-language-for-alternatives=\"es\" data-language-to-translate-into=\"pt\" data-phrase-index=\"1\">Los Workshops cuentan con investigadores experimentados en cada uno de los temas propuestos.<\/span><\/p>\t\t\t\t\t\t\t\t<\/div>\n\t\t\t\t<\/div>\n\t\t\t\t<div class=\"elementor-element elementor-element-c01e12b elementor-button-warning elementor-align-center elementor-widget elementor-widget-button\" data-id=\"c01e12b\" data-element_type=\"widget\" data-e-type=\"widget\" data-widget_type=\"button.default\">\n\t\t\t\t<div class=\"elementor-widget-container\">\n\t\t\t\t\t\t\t\t\t<div class=\"elementor-button-wrapper\">\n\t\t\t\t\t<a class=\"elementor-button elementor-button-link elementor-size-xl\" href=\"https:\/\/semead.com.br\/24\/workshops-confirmados\/?lang=es\" target=\"_blank\">\n\t\t\t\t\t\t<span class=\"elementor-button-content-wrapper\">\n\t\t\t\t\t\t\t\t\t<span class=\"elementor-button-text\">Vea Workshops Confirmados <\/span>\n\t\t\t\t\t<\/span>\n\t\t\t\t\t<\/a>\n\t\t\t\t<\/div>\n\t\t\t\t\t\t\t\t<\/div>\n\t\t\t\t<\/div>\n\t\t\t\t\t<\/div>\n\t\t<\/div>\n\t\t\t\t<div class=\"elementor-column elementor-col-33 elementor-top-column elementor-element elementor-element-34f7e73\" data-id=\"34f7e73\" data-element_type=\"column\" data-e-type=\"column\">\n\t\t\t<div class=\"elementor-widget-wrap elementor-element-populated\">\n\t\t\t\t\t\t<div class=\"elementor-element elementor-element-cc0536f elementor-widget elementor-widget-wp-widget-nav_menu\" data-id=\"cc0536f\" data-element_type=\"widget\" data-e-type=\"widget\" data-widget_type=\"wp-widget-nav_menu.default\">\n\t\t\t\t<div class=\"elementor-widget-container\">\n\t\t\t\t\t<h5>Atividades SemeAD<\/h5><div class=\"menu-atividades-espanhol-container\"><ul id=\"menu-atividades-espanhol\" class=\"menu\"><li id=\"menu-item-21316\" class=\"menu-item menu-item-type-post_type menu-item-object-page menu-item-21316\"><a href=\"https:\/\/semead.com.br\/29\/es\/seminario-de-preparacion-para-procesos-de-seleccion-para-doctorado\/\">Seminario de Preparaci\u00f3n para Procesos de Selecci\u00f3n para Doctorado<\/a><\/li>\n<li id=\"menu-item-21491\" class=\"menu-item menu-item-type-post_type menu-item-object-page menu-item-21491\"><a href=\"https:\/\/semead.com.br\/29\/es\/business-speakers-2\/\">Business Speakers<\/a><\/li>\n<li id=\"menu-item-21373\" class=\"menu-item menu-item-type-post_type menu-item-object-page menu-item-21373\"><a href=\"https:\/\/semead.com.br\/29\/es\/sesiones-de-presentacion-de-trabajos\/\">Sesiones de Presentaci\u00f3n de Trabajos<\/a><\/li>\n<li id=\"menu-item-21399\" class=\"menu-item menu-item-type-post_type menu-item-object-page menu-item-21399\"><a href=\"https:\/\/semead.com.br\/29\/es\/revistas-a1-en-fast-track\/\">Revistas A1 en Fast-Track<\/a><\/li>\n<li id=\"menu-item-25145\" class=\"menu-item menu-item-type-post_type menu-item-object-page menu-item-25145\"><a href=\"https:\/\/semead.com.br\/29\/fast-track-e-special-issues\/\">Special Issues &#038; Fast-Track<\/a><\/li>\n<li id=\"menu-item-21520\" class=\"menu-item menu-item-type-post_type menu-item-object-page menu-item-21520\"><a href=\"https:\/\/semead.com.br\/29\/es\/submission-process-on-fast-track\/\">Submission Process on Fast-Track<\/a><\/li>\n<li id=\"menu-item-26401\" class=\"menu-item menu-item-type-post_type menu-item-object-page menu-item-26401\"><a href=\"https:\/\/semead.com.br\/29\/es\/informativo\/\">Informativo<\/a><\/li>\n<li id=\"menu-item-25146\" class=\"menu-item menu-item-type-post_type menu-item-object-page menu-item-25146\"><a href=\"https:\/\/semead.com.br\/29\/bolsa-semead-pq-jr\/\">Lan\u00e7amento: Bolsa SemeAd PQ Jr.<\/a><\/li>\n<li id=\"menu-item-25148\" class=\"menu-item menu-item-type-post_type menu-item-object-page menu-item-25148\"><a href=\"https:\/\/semead.com.br\/29\/voluntarios\/\">Volunt\u00e1rios<\/a><\/li>\n<li id=\"menu-item-26405\" class=\"menu-item menu-item-type-post_type menu-item-object-page menu-item-26405\"><a href=\"https:\/\/semead.com.br\/29\/es\/certificados-disponibles\/\">Certificados Disponibles<\/a><\/li>\n<li id=\"menu-item-25150\" class=\"menu-item menu-item-type-post_type menu-item-object-page menu-item-25150\"><a href=\"https:\/\/semead.com.br\/29\/divulgacao-promocao-livros\/\">Divulga\u00e7\u00e3o e Promo\u00e7\u00e3o de Livros<\/a><\/li>\n<li id=\"menu-item-25151\" class=\"menu-item menu-item-type-post_type menu-item-object-page menu-item-25151\"><a href=\"https:\/\/semead.com.br\/29\/evento\/voluntariado\/lideres-de-nucleo\/\">L\u00edderes de N\u00facleo<\/a><\/li>\n<li id=\"menu-item-26416\" class=\"menu-item menu-item-type-post_type menu-item-object-page current_page_parent menu-item-26416\"><a href=\"https:\/\/semead.com.br\/29\/es\/blog\/\">Blog<\/a><\/li>\n<li id=\"menu-item-26255\" class=\"menu-item menu-item-type-post_type menu-item-object-page menu-item-26255\"><a href=\"https:\/\/semead.com.br\/29\/ar\/\">Papers Subjects<\/a><\/li>\n<li id=\"menu-item-25155\" class=\"menu-item menu-item-type-post_type menu-item-object-page menu-item-25155\"><a href=\"https:\/\/semead.com.br\/29\/resultados-bolsa-pq\/\">Resultados Bolsa SemeAd PQ Jr.<\/a><\/li>\n<li id=\"menu-item-26382\" class=\"menu-item menu-item-type-post_type menu-item-object-page menu-item-26382\"><a href=\"https:\/\/semead.com.br\/29\/es\/encuentro-con-editores\/\">Encuentro con Editores<\/a><\/li>\n<li id=\"menu-item-23176\" class=\"menu-item menu-item-type-post_type menu-item-object-page menu-item-23176\"><a href=\"https:\/\/semead.com.br\/29\/es\/consorcio-doctoral\/programacion-consorcio-doctoral\/\">Programaci\u00f3n Consorcio Doctoral<\/a><\/li>\n<\/ul><\/div>\t\t\t\t<\/div>\n\t\t\t\t<\/div>\n\t\t\t\t\t<\/div>\n\t\t<\/div>\n\t\t\t\t\t<\/div>\n\t\t<\/section>\n\t\t\t\t<section class=\"elementor-section elementor-top-section elementor-element elementor-element-748a97a elementor-section-boxed elementor-section-height-default elementor-section-height-default\" data-id=\"748a97a\" data-element_type=\"section\" data-e-type=\"section\">\n\t\t\t\t\t\t<div class=\"elementor-container elementor-column-gap-default\">\n\t\t\t\t\t<div class=\"elementor-column elementor-col-100 elementor-top-column elementor-element elementor-element-9049cbd\" data-id=\"9049cbd\" data-element_type=\"column\" data-e-type=\"column\">\n\t\t\t<div class=\"elementor-widget-wrap elementor-element-populated\">\n\t\t\t\t\t\t<div class=\"elementor-element elementor-element-0de71e8 elementor-widget elementor-widget-text-editor\" data-id=\"0de71e8\" data-element_type=\"widget\" data-e-type=\"widget\" data-widget_type=\"text-editor.default\">\n\t\t\t\t<div class=\"elementor-widget-container\">\n\t\t\t\t\t\t\t\t\t<h5>Pr\u00f3ximamente estar\u00e1n disponibles m\u00e1s informaci\u00f3n y el calendario detallado de cada Workshop.<\/h5>\t\t\t\t\t\t\t\t<\/div>\n\t\t\t\t<\/div>\n\t\t\t\t\t<\/div>\n\t\t<\/div>\n\t\t\t\t\t<\/div>\n\t\t<\/section>\n\t\t\t\t<\/div>\n\t\t","protected":false},"excerpt":{"rendered":"<p>La sesi\u00f3n de Workshops y Cursos Metodol\u00f3gicos es una actividad de SemeAd que tiene como objetivo promover actividades pr\u00e1cticas y discusiones en profundidad sobre temas espec\u00edficos de la investigaci\u00f3n acad\u00e9mica. Los Workshops cuentan con investigadores experimentados en cada uno de los temas propuestos. Vea Workshops Confirmados Pr\u00f3ximamente estar\u00e1n disponibles m\u00e1s informaci\u00f3n y el calendario detallado [&hellip;]<\/p>\n","protected":false},"author":10,"featured_media":0,"parent":0,"menu_order":0,"comment_status":"closed","ping_status":"closed","template":"","meta":{"_acf_changed":false,"tpgb_global_settings":"","inline_featured_image":false,"_monsterinsights_skip_tracking":false,"_monsterinsights_sitenote_active":false,"_monsterinsights_sitenote_note":"","_monsterinsights_sitenote_category":0,"footnotes":""},"class_list":["post-22120","page","type-page","status-publish","hentry"],"acf":{"coordenadores":null,"audio_da_coordenacao":null,"temas":null},"yoast_head":"<!-- This site is optimized with the Yoast SEO plugin v27.5 - https:\/\/yoast.com\/product\/yoast-seo-wordpress\/ -->\n<title>Workshops - XXIX SemeAd<\/title>\n<meta name=\"robots\" content=\"index, follow, max-snippet:-1, max-image-preview:large, max-video-preview:-1\" \/>\n<link rel=\"canonical\" href=\"https:\/\/semead.com.br\/29\/es\/workshops-2\/\" \/>\n<meta property=\"og:locale\" content=\"es_ES\" \/>\n<meta property=\"og:type\" content=\"article\" \/>\n<meta property=\"og:title\" content=\"Workshops - XXIX SemeAd\" \/>\n<meta property=\"og:description\" content=\"La sesi\u00f3n de Workshops y Cursos Metodol\u00f3gicos es una actividad de SemeAd que tiene como objetivo promover actividades pr\u00e1cticas y discusiones en profundidad sobre temas espec\u00edficos de la investigaci\u00f3n acad\u00e9mica. Los Workshops cuentan con investigadores experimentados en cada uno de los temas propuestos. Vea Workshops Confirmados Pr\u00f3ximamente estar\u00e1n disponibles m\u00e1s informaci\u00f3n y el calendario detallado [&hellip;]\" \/>\n<meta property=\"og:url\" content=\"https:\/\/semead.com.br\/29\/es\/workshops-2\/\" \/>\n<meta property=\"og:site_name\" content=\"XXIX SemeAd\" \/>\n<meta property=\"article:modified_time\" content=\"2021-08-14T01:24:44+00:00\" \/>\n<meta name=\"twitter:card\" content=\"summary_large_image\" \/>\n<meta name=\"twitter:label1\" content=\"Tiempo de lectura\" \/>\n\t<meta name=\"twitter:data1\" content=\"1 minuto\" \/>\n<script type=\"application\/ld+json\" class=\"yoast-schema-graph\">{\"@context\":\"https:\\\/\\\/schema.org\",\"@graph\":[{\"@type\":\"WebPage\",\"@id\":\"https:\\\/\\\/semead.com.br\\\/29\\\/es\\\/workshops-2\\\/\",\"url\":\"https:\\\/\\\/semead.com.br\\\/29\\\/es\\\/workshops-2\\\/\",\"name\":\"Workshops - XXIX SemeAd\",\"isPartOf\":{\"@id\":\"https:\\\/\\\/semead.com.br\\\/29\\\/es\\\/#website\"},\"datePublished\":\"2021-07-29T14:28:57+00:00\",\"dateModified\":\"2021-08-14T01:24:44+00:00\",\"breadcrumb\":{\"@id\":\"https:\\\/\\\/semead.com.br\\\/29\\\/es\\\/workshops-2\\\/#breadcrumb\"},\"inLanguage\":\"es\",\"potentialAction\":[{\"@type\":\"ReadAction\",\"target\":[\"https:\\\/\\\/semead.com.br\\\/29\\\/es\\\/workshops-2\\\/\"]}]},{\"@type\":\"BreadcrumbList\",\"@id\":\"https:\\\/\\\/semead.com.br\\\/29\\\/es\\\/workshops-2\\\/#breadcrumb\",\"itemListElement\":[{\"@type\":\"ListItem\",\"position\":1,\"name\":\"In\u00edcio\",\"item\":\"https:\\\/\\\/semead.com.br\\\/29\\\/es\\\/\"},{\"@type\":\"ListItem\",\"position\":2,\"name\":\"Workshops\"}]},{\"@type\":\"WebSite\",\"@id\":\"https:\\\/\\\/semead.com.br\\\/29\\\/es\\\/#website\",\"url\":\"https:\\\/\\\/semead.com.br\\\/29\\\/es\\\/\",\"name\":\"XXIX SemeAd\",\"description\":\"Semin\u00e1rios em administra\u00e7\u00e3o\",\"potentialAction\":[{\"@type\":\"SearchAction\",\"target\":{\"@type\":\"EntryPoint\",\"urlTemplate\":\"https:\\\/\\\/semead.com.br\\\/29\\\/es\\\/?s={search_term_string}\"},\"query-input\":{\"@type\":\"PropertyValueSpecification\",\"valueRequired\":true,\"valueName\":\"search_term_string\"}}],\"inLanguage\":\"es\"}]}<\/script>\n<!-- \/ Yoast SEO plugin. -->","yoast_head_json":{"title":"Workshops - XXIX SemeAd","robots":{"index":"index","follow":"follow","max-snippet":"max-snippet:-1","max-image-preview":"max-image-preview:large","max-video-preview":"max-video-preview:-1"},"canonical":"https:\/\/semead.com.br\/29\/es\/workshops-2\/","og_locale":"es_ES","og_type":"article","og_title":"Workshops - XXIX SemeAd","og_description":"La sesi\u00f3n de Workshops y Cursos Metodol\u00f3gicos es una actividad de SemeAd que tiene como objetivo promover actividades pr\u00e1cticas y discusiones en profundidad sobre temas espec\u00edficos de la investigaci\u00f3n acad\u00e9mica. Los Workshops cuentan con investigadores experimentados en cada uno de los temas propuestos. Vea Workshops Confirmados Pr\u00f3ximamente estar\u00e1n disponibles m\u00e1s informaci\u00f3n y el calendario detallado [&hellip;]","og_url":"https:\/\/semead.com.br\/29\/es\/workshops-2\/","og_site_name":"XXIX SemeAd","article_modified_time":"2021-08-14T01:24:44+00:00","twitter_card":"summary_large_image","twitter_misc":{"Tiempo de lectura":"1 minuto"},"schema":{"@context":"https:\/\/schema.org","@graph":[{"@type":"WebPage","@id":"https:\/\/semead.com.br\/29\/es\/workshops-2\/","url":"https:\/\/semead.com.br\/29\/es\/workshops-2\/","name":"Workshops - XXIX SemeAd","isPartOf":{"@id":"https:\/\/semead.com.br\/29\/es\/#website"},"datePublished":"2021-07-29T14:28:57+00:00","dateModified":"2021-08-14T01:24:44+00:00","breadcrumb":{"@id":"https:\/\/semead.com.br\/29\/es\/workshops-2\/#breadcrumb"},"inLanguage":"es","potentialAction":[{"@type":"ReadAction","target":["https:\/\/semead.com.br\/29\/es\/workshops-2\/"]}]},{"@type":"BreadcrumbList","@id":"https:\/\/semead.com.br\/29\/es\/workshops-2\/#breadcrumb","itemListElement":[{"@type":"ListItem","position":1,"name":"In\u00edcio","item":"https:\/\/semead.com.br\/29\/es\/"},{"@type":"ListItem","position":2,"name":"Workshops"}]},{"@type":"WebSite","@id":"https:\/\/semead.com.br\/29\/es\/#website","url":"https:\/\/semead.com.br\/29\/es\/","name":"XXIX SemeAd","description":"Semin\u00e1rios em administra\u00e7\u00e3o","potentialAction":[{"@type":"SearchAction","target":{"@type":"EntryPoint","urlTemplate":"https:\/\/semead.com.br\/29\/es\/?s={search_term_string}"},"query-input":{"@type":"PropertyValueSpecification","valueRequired":true,"valueName":"search_term_string"}}],"inLanguage":"es"}]}},"tpgb_featured_images":null,"tpgb_post_meta_info":{"get_date":"29 de julio de 2021","get_modified_date":"13 de agosto de 2021","author_name":"","author_url":"https:\/\/semead.com.br\/29\/es\/author\/","author_email":"","author_website":"","author_description":"","author_facebook":"","author_twitter":"","author_instagram":"","author_role":"","author_firstname":"","author_lastname":"","user_login":"","author_avatar":"<img alt='' src='https:\/\/secure.gravatar.com\/avatar\/?s=200&#038;d=mm&#038;r=g' srcset='https:\/\/secure.gravatar.com\/avatar\/?s=400&#038;d=mm&#038;r=g 2x' class='avatar avatar-200 photo avatar-default' height='200' width='200' decoding='async'\/>","author_avatar_url":"https:\/\/secure.gravatar.com\/avatar\/?s=96&d=mm&r=g","comment_count":0,"post_likes":0,"post_views":0},"tpgb_post_category":[],"jetpack_sharing_enabled":true,"_links":{"self":[{"href":"https:\/\/semead.com.br\/29\/es\/wp-json\/wp\/v2\/pages\/22120","targetHints":{"allow":["GET"]}}],"collection":[{"href":"https:\/\/semead.com.br\/29\/es\/wp-json\/wp\/v2\/pages"}],"about":[{"href":"https:\/\/semead.com.br\/29\/es\/wp-json\/wp\/v2\/types\/page"}],"author":[{"embeddable":true,"href":"https:\/\/semead.com.br\/29\/es\/wp-json\/wp\/v2\/users\/10"}],"replies":[{"embeddable":true,"href":"https:\/\/semead.com.br\/29\/es\/wp-json\/wp\/v2\/comments?post=22120"}],"version-history":[{"count":0,"href":"https:\/\/semead.com.br\/29\/es\/wp-json\/wp\/v2\/pages\/22120\/revisions"}],"wp:attachment":[{"href":"https:\/\/semead.com.br\/29\/es\/wp-json\/wp\/v2\/media?parent=22120"}],"curies":[{"name":"wp","href":"https:\/\/api.w.org\/{rel}","templated":true}]}}