{"id":23313,"date":"2021-11-04T10:35:12","date_gmt":"2021-11-04T13:35:12","guid":{"rendered":"https:\/\/semead.com.br\/29-novo\/?page_id=23313"},"modified":"2021-11-08T14:09:25","modified_gmt":"2021-11-08T17:09:25","slug":"encuentro-con-editores","status":"publish","type":"page","link":"https:\/\/semead.com.br\/29\/es\/encuentro-con-editores\/","title":{"rendered":"Encuentro con Editores"},"content":{"rendered":"\t\t<div data-elementor-type=\"wp-post\" data-elementor-id=\"23313\" class=\"elementor elementor-23313 elementor-23284\" data-elementor-post-type=\"page\">\n\t\t\t\t\t\t<section class=\"elementor-section elementor-top-section elementor-element elementor-element-758a75d elementor-section-boxed elementor-section-height-default elementor-section-height-default\" data-id=\"758a75d\" data-element_type=\"section\" data-e-type=\"section\">\n\t\t\t\t\t\t<div class=\"elementor-container elementor-column-gap-default\">\n\t\t\t\t\t<div class=\"elementor-column elementor-col-100 elementor-top-column elementor-element elementor-element-959efe2\" data-id=\"959efe2\" data-element_type=\"column\" data-e-type=\"column\">\n\t\t\t<div class=\"elementor-widget-wrap elementor-element-populated\">\n\t\t\t\t\t\t<div class=\"elementor-element elementor-element-82578d7 elementor-widget elementor-widget-text-editor\" data-id=\"82578d7\" data-element_type=\"widget\" data-e-type=\"widget\" data-widget_type=\"text-editor.default\">\n\t\t\t\t<div class=\"elementor-widget-container\">\n\t\t\t\t\t\t\t\t\t<p>En esta actividad, el congresista SemeAd tendr\u00e1 la oportunidad de escuchar y dialogar con los editores de revistas de renombre. Se presentar\u00e1n consejos y pautas para publicar en revistas de alto impacto. \u00a1Consulta las tablas de la XXIV edici\u00f3n de SemeAd!<\/p>\t\t\t\t\t\t\t\t<\/div>\n\t\t\t\t<\/div>\n\t\t\t\t\t<\/div>\n\t\t<\/div>\n\t\t\t\t\t<\/div>\n\t\t<\/section>\n\t\t\t\t<section class=\"elementor-section elementor-top-section elementor-element elementor-element-57745e7 elementor-section-boxed elementor-section-height-default elementor-section-height-default\" data-id=\"57745e7\" data-element_type=\"section\" data-e-type=\"section\">\n\t\t\t\t\t\t<div class=\"elementor-container elementor-column-gap-default\">\n\t\t\t\t\t<div class=\"elementor-column elementor-col-100 elementor-top-column elementor-element elementor-element-c9340df\" data-id=\"c9340df\" data-element_type=\"column\" data-e-type=\"column\">\n\t\t\t<div class=\"elementor-widget-wrap elementor-element-populated\">\n\t\t\t\t\t\t<div class=\"elementor-element elementor-element-7ba941c elementor-widget elementor-widget-image\" data-id=\"7ba941c\" data-element_type=\"widget\" data-e-type=\"widget\" data-widget_type=\"image.default\">\n\t\t\t\t<div class=\"elementor-widget-container\">\n\t\t\t\t\t\t\t\t\t\t\t\t\t\t\t\t<a href=\"https:\/\/semead-br.zoom.us\/webinar\/register\/WN_Cnoo7ZNUTM2dUlbCTCnnog\" target=\"_blank\">\n\t\t\t\t\t\t\t<img fetchpriority=\"high\" decoding=\"async\" width=\"1024\" height=\"1024\" src=\"https:\/\/i0.wp.com\/semead.com.br\/29\/wp-content\/uploads\/sites\/21\/2021\/11\/Meeting-with-the-Editor-insta-1.png?fit=1024%2C1024&amp;ssl=1\" class=\"attachment-large size-large wp-image-23347\" alt=\"\" srcset=\"https:\/\/i0.wp.com\/semead.com.br\/29\/wp-content\/uploads\/sites\/21\/2021\/11\/Meeting-with-the-Editor-insta-1.png?w=1080&amp;ssl=1 1080w, https:\/\/i0.wp.com\/semead.com.br\/29\/wp-content\/uploads\/sites\/21\/2021\/11\/Meeting-with-the-Editor-insta-1.png?resize=300%2C300&amp;ssl=1 300w, https:\/\/i0.wp.com\/semead.com.br\/29\/wp-content\/uploads\/sites\/21\/2021\/11\/Meeting-with-the-Editor-insta-1.png?resize=1024%2C1024&amp;ssl=1 1024w, https:\/\/i0.wp.com\/semead.com.br\/29\/wp-content\/uploads\/sites\/21\/2021\/11\/Meeting-with-the-Editor-insta-1.png?resize=150%2C150&amp;ssl=1 150w, https:\/\/i0.wp.com\/semead.com.br\/29\/wp-content\/uploads\/sites\/21\/2021\/11\/Meeting-with-the-Editor-insta-1.png?resize=400%2C400&amp;ssl=1 400w\" sizes=\"(max-width: 1024px) 100vw, 1024px\" \/>\t\t\t\t\t\t\t\t<\/a>\n\t\t\t\t\t\t\t\t\t\t\t\t\t\t\t<\/div>\n\t\t\t\t<\/div>\n\t\t\t\t<div class=\"elementor-element elementor-element-50585dc elementor-widget elementor-widget-image\" data-id=\"50585dc\" data-element_type=\"widget\" data-e-type=\"widget\" data-widget_type=\"image.default\">\n\t\t\t\t<div class=\"elementor-widget-container\">\n\t\t\t\t\t\t\t\t\t\t\t\t\t\t\t\t<a href=\"https:\/\/semead-br.zoom.us\/webinar\/register\/WN_m5jlxum4TpWjFh5czpH2qA\" target=\"_blank\">\n\t\t\t\t\t\t\t<img decoding=\"async\" width=\"1024\" height=\"1024\" src=\"https:\/\/i0.wp.com\/semead.com.br\/29\/wp-content\/uploads\/sites\/21\/2021\/11\/Meeting-with-the-Editor-insta-2-2.png?fit=1024%2C1024&amp;ssl=1\" class=\"attachment-large size-large wp-image-23350\" alt=\"\" srcset=\"https:\/\/i0.wp.com\/semead.com.br\/29\/wp-content\/uploads\/sites\/21\/2021\/11\/Meeting-with-the-Editor-insta-2-2.png?w=1080&amp;ssl=1 1080w, https:\/\/i0.wp.com\/semead.com.br\/29\/wp-content\/uploads\/sites\/21\/2021\/11\/Meeting-with-the-Editor-insta-2-2.png?resize=300%2C300&amp;ssl=1 300w, https:\/\/i0.wp.com\/semead.com.br\/29\/wp-content\/uploads\/sites\/21\/2021\/11\/Meeting-with-the-Editor-insta-2-2.png?resize=1024%2C1024&amp;ssl=1 1024w, https:\/\/i0.wp.com\/semead.com.br\/29\/wp-content\/uploads\/sites\/21\/2021\/11\/Meeting-with-the-Editor-insta-2-2.png?resize=150%2C150&amp;ssl=1 150w, https:\/\/i0.wp.com\/semead.com.br\/29\/wp-content\/uploads\/sites\/21\/2021\/11\/Meeting-with-the-Editor-insta-2-2.png?resize=400%2C400&amp;ssl=1 400w\" sizes=\"(max-width: 1024px) 100vw, 1024px\" \/>\t\t\t\t\t\t\t\t<\/a>\n\t\t\t\t\t\t\t\t\t\t\t\t\t\t\t<\/div>\n\t\t\t\t<\/div>\n\t\t\t\t<div class=\"elementor-element elementor-element-a6dbaf1 elementor-widget elementor-widget-image\" data-id=\"a6dbaf1\" data-element_type=\"widget\" data-e-type=\"widget\" data-widget_type=\"image.default\">\n\t\t\t\t<div class=\"elementor-widget-container\">\n\t\t\t\t\t\t\t\t\t\t\t\t\t\t\t\t<a href=\"https:\/\/semead-br.zoom.us\/webinar\/register\/WN_yQIoQh19Q6atA77Y6CFJZw\" target=\"_blank\">\n\t\t\t\t\t\t\t<img decoding=\"async\" width=\"1024\" height=\"1024\" src=\"https:\/\/i0.wp.com\/semead.com.br\/29\/wp-content\/uploads\/sites\/21\/2021\/11\/Meeting-with-the-Editor-insta-3-1.png?fit=1024%2C1024&amp;ssl=1\" class=\"attachment-large size-large wp-image-23353\" alt=\"\" srcset=\"https:\/\/i0.wp.com\/semead.com.br\/29\/wp-content\/uploads\/sites\/21\/2021\/11\/Meeting-with-the-Editor-insta-3-1.png?w=1080&amp;ssl=1 1080w, https:\/\/i0.wp.com\/semead.com.br\/29\/wp-content\/uploads\/sites\/21\/2021\/11\/Meeting-with-the-Editor-insta-3-1.png?resize=300%2C300&amp;ssl=1 300w, https:\/\/i0.wp.com\/semead.com.br\/29\/wp-content\/uploads\/sites\/21\/2021\/11\/Meeting-with-the-Editor-insta-3-1.png?resize=1024%2C1024&amp;ssl=1 1024w, https:\/\/i0.wp.com\/semead.com.br\/29\/wp-content\/uploads\/sites\/21\/2021\/11\/Meeting-with-the-Editor-insta-3-1.png?resize=150%2C150&amp;ssl=1 150w, https:\/\/i0.wp.com\/semead.com.br\/29\/wp-content\/uploads\/sites\/21\/2021\/11\/Meeting-with-the-Editor-insta-3-1.png?resize=400%2C400&amp;ssl=1 400w\" sizes=\"(max-width: 1024px) 100vw, 1024px\" \/>\t\t\t\t\t\t\t\t<\/a>\n\t\t\t\t\t\t\t\t\t\t\t\t\t\t\t<\/div>\n\t\t\t\t<\/div>\n\t\t\t\t\t<\/div>\n\t\t<\/div>\n\t\t\t\t\t<\/div>\n\t\t<\/section>\n\t\t\t\t<\/div>\n\t\t","protected":false},"excerpt":{"rendered":"<p>En esta actividad, el congresista SemeAd tendr\u00e1 la oportunidad de escuchar y dialogar con los editores de revistas de renombre. Se presentar\u00e1n consejos y pautas para publicar en revistas de alto impacto. \u00a1Consulta las tablas de la XXIV edici\u00f3n de SemeAd!<\/p>\n","protected":false},"author":10,"featured_media":0,"parent":0,"menu_order":0,"comment_status":"closed","ping_status":"closed","template":"","meta":{"_acf_changed":false,"tpgb_global_settings":"","inline_featured_image":false,"_monsterinsights_skip_tracking":false,"_monsterinsights_sitenote_active":false,"_monsterinsights_sitenote_note":"","_monsterinsights_sitenote_category":0,"footnotes":""},"class_list":["post-23313","page","type-page","status-publish","hentry"],"acf":{"coordenadores":null,"audio_da_coordenacao":null,"temas":[{"tema_nome":"Administra\u00e7\u00e3o P\u00fablica","tema_descricao":"","audio":"","lideres":null},{"tema_nome":"Empreendedorismo","tema_descricao":"","audio":"","lideres":null},{"tema_nome":"Estrat\u00e9gia","tema_descricao":"","audio":"","lideres":null},{"tema_nome":"Inova\u00e7\u00e3o\t","tema_descricao":"","audio":"","lideres":null},{"tema_nome":"Estudos Organizacionais\t","tema_descricao":"","audio":"","lideres":null},{"tema_nome":"Gest\u00e3o Socio Ambiental\t","tema_descricao":"","audio":"","lideres":null},{"tema_nome":"Tecnologia da Informa\u00e7\u00e3o","tema_descricao":"","audio":"","lideres":null},{"tema_nome":"Finan\u00e7as","tema_descricao":"","audio":"","lideres":null},{"tema_nome":"Gest\u00e3o de Pessoas","tema_descricao":"","audio":"","lideres":null},{"tema_nome":"","tema_descricao":"","audio":null,"lideres":null}]},"yoast_head":"<!-- This site is optimized with the Yoast SEO plugin v27.5 - https:\/\/yoast.com\/product\/yoast-seo-wordpress\/ -->\n<title>Encuentro con Editores - XXIX SemeAd<\/title>\n<meta name=\"robots\" content=\"index, follow, max-snippet:-1, max-image-preview:large, max-video-preview:-1\" \/>\n<link rel=\"canonical\" href=\"https:\/\/semead.com.br\/29\/es\/encuentro-con-editores\/\" \/>\n<meta property=\"og:locale\" content=\"es_ES\" \/>\n<meta property=\"og:type\" content=\"article\" \/>\n<meta property=\"og:title\" content=\"Encuentro con Editores - XXIX SemeAd\" \/>\n<meta property=\"og:description\" content=\"En esta actividad, el congresista SemeAd tendr\u00e1 la oportunidad de escuchar y dialogar con los editores de revistas de renombre. Se presentar\u00e1n consejos y pautas para publicar en revistas de alto impacto. \u00a1Consulta las tablas de la XXIV edici\u00f3n de SemeAd!\" \/>\n<meta property=\"og:url\" content=\"https:\/\/semead.com.br\/29\/es\/encuentro-con-editores\/\" \/>\n<meta property=\"og:site_name\" content=\"XXIX SemeAd\" \/>\n<meta property=\"article:modified_time\" content=\"2021-11-08T17:09:25+00:00\" \/>\n<meta property=\"og:image\" content=\"https:\/\/semead.com.br\/29-novo\/wp-content\/uploads\/sites\/21\/2021\/11\/Meeting-with-the-Editor-insta-1-1024x1024.png\" \/>\n<meta name=\"twitter:card\" content=\"summary_large_image\" \/>\n<meta name=\"twitter:label1\" content=\"Tiempo de lectura\" \/>\n\t<meta name=\"twitter:data1\" content=\"1 minuto\" \/>\n<script type=\"application\/ld+json\" class=\"yoast-schema-graph\">{\"@context\":\"https:\\\/\\\/schema.org\",\"@graph\":[{\"@type\":\"WebPage\",\"@id\":\"https:\\\/\\\/semead.com.br\\\/29\\\/es\\\/encuentro-con-editores\\\/\",\"url\":\"https:\\\/\\\/semead.com.br\\\/29\\\/es\\\/encuentro-con-editores\\\/\",\"name\":\"Encuentro con Editores - XXIX SemeAd\",\"isPartOf\":{\"@id\":\"https:\\\/\\\/semead.com.br\\\/29\\\/es\\\/#website\"},\"primaryImageOfPage\":{\"@id\":\"https:\\\/\\\/semead.com.br\\\/29\\\/es\\\/encuentro-con-editores\\\/#primaryimage\"},\"image\":{\"@id\":\"https:\\\/\\\/semead.com.br\\\/29\\\/es\\\/encuentro-con-editores\\\/#primaryimage\"},\"thumbnailUrl\":\"https:\\\/\\\/semead.com.br\\\/29-novo\\\/wp-content\\\/uploads\\\/sites\\\/21\\\/2021\\\/11\\\/Meeting-with-the-Editor-insta-1-1024x1024.png\",\"datePublished\":\"2021-11-04T13:35:12+00:00\",\"dateModified\":\"2021-11-08T17:09:25+00:00\",\"breadcrumb\":{\"@id\":\"https:\\\/\\\/semead.com.br\\\/29\\\/es\\\/encuentro-con-editores\\\/#breadcrumb\"},\"inLanguage\":\"es\",\"potentialAction\":[{\"@type\":\"ReadAction\",\"target\":[\"https:\\\/\\\/semead.com.br\\\/29\\\/es\\\/encuentro-con-editores\\\/\"]}]},{\"@type\":\"ImageObject\",\"inLanguage\":\"es\",\"@id\":\"https:\\\/\\\/semead.com.br\\\/29\\\/es\\\/encuentro-con-editores\\\/#primaryimage\",\"url\":\"https:\\\/\\\/semead.com.br\\\/29-novo\\\/wp-content\\\/uploads\\\/sites\\\/21\\\/2021\\\/11\\\/Meeting-with-the-Editor-insta-1-1024x1024.png\",\"contentUrl\":\"https:\\\/\\\/semead.com.br\\\/29-novo\\\/wp-content\\\/uploads\\\/sites\\\/21\\\/2021\\\/11\\\/Meeting-with-the-Editor-insta-1-1024x1024.png\"},{\"@type\":\"BreadcrumbList\",\"@id\":\"https:\\\/\\\/semead.com.br\\\/29\\\/es\\\/encuentro-con-editores\\\/#breadcrumb\",\"itemListElement\":[{\"@type\":\"ListItem\",\"position\":1,\"name\":\"In\u00edcio\",\"item\":\"https:\\\/\\\/semead.com.br\\\/29\\\/es\\\/\"},{\"@type\":\"ListItem\",\"position\":2,\"name\":\"Encuentro con Editores\"}]},{\"@type\":\"WebSite\",\"@id\":\"https:\\\/\\\/semead.com.br\\\/29\\\/es\\\/#website\",\"url\":\"https:\\\/\\\/semead.com.br\\\/29\\\/es\\\/\",\"name\":\"XXIX SemeAd\",\"description\":\"Semin\u00e1rios em administra\u00e7\u00e3o\",\"potentialAction\":[{\"@type\":\"SearchAction\",\"target\":{\"@type\":\"EntryPoint\",\"urlTemplate\":\"https:\\\/\\\/semead.com.br\\\/29\\\/es\\\/?s={search_term_string}\"},\"query-input\":{\"@type\":\"PropertyValueSpecification\",\"valueRequired\":true,\"valueName\":\"search_term_string\"}}],\"inLanguage\":\"es\"}]}<\/script>\n<!-- \/ Yoast SEO plugin. -->","yoast_head_json":{"title":"Encuentro con Editores - XXIX SemeAd","robots":{"index":"index","follow":"follow","max-snippet":"max-snippet:-1","max-image-preview":"max-image-preview:large","max-video-preview":"max-video-preview:-1"},"canonical":"https:\/\/semead.com.br\/29\/es\/encuentro-con-editores\/","og_locale":"es_ES","og_type":"article","og_title":"Encuentro con Editores - XXIX SemeAd","og_description":"En esta actividad, el congresista SemeAd tendr\u00e1 la oportunidad de escuchar y dialogar con los editores de revistas de renombre. Se presentar\u00e1n consejos y pautas para publicar en revistas de alto impacto. \u00a1Consulta las tablas de la XXIV edici\u00f3n de SemeAd!","og_url":"https:\/\/semead.com.br\/29\/es\/encuentro-con-editores\/","og_site_name":"XXIX SemeAd","article_modified_time":"2021-11-08T17:09:25+00:00","og_image":[{"url":"https:\/\/semead.com.br\/29-novo\/wp-content\/uploads\/sites\/21\/2021\/11\/Meeting-with-the-Editor-insta-1-1024x1024.png","type":"","width":"","height":""}],"twitter_card":"summary_large_image","twitter_misc":{"Tiempo de lectura":"1 minuto"},"schema":{"@context":"https:\/\/schema.org","@graph":[{"@type":"WebPage","@id":"https:\/\/semead.com.br\/29\/es\/encuentro-con-editores\/","url":"https:\/\/semead.com.br\/29\/es\/encuentro-con-editores\/","name":"Encuentro con Editores - XXIX SemeAd","isPartOf":{"@id":"https:\/\/semead.com.br\/29\/es\/#website"},"primaryImageOfPage":{"@id":"https:\/\/semead.com.br\/29\/es\/encuentro-con-editores\/#primaryimage"},"image":{"@id":"https:\/\/semead.com.br\/29\/es\/encuentro-con-editores\/#primaryimage"},"thumbnailUrl":"https:\/\/semead.com.br\/29-novo\/wp-content\/uploads\/sites\/21\/2021\/11\/Meeting-with-the-Editor-insta-1-1024x1024.png","datePublished":"2021-11-04T13:35:12+00:00","dateModified":"2021-11-08T17:09:25+00:00","breadcrumb":{"@id":"https:\/\/semead.com.br\/29\/es\/encuentro-con-editores\/#breadcrumb"},"inLanguage":"es","potentialAction":[{"@type":"ReadAction","target":["https:\/\/semead.com.br\/29\/es\/encuentro-con-editores\/"]}]},{"@type":"ImageObject","inLanguage":"es","@id":"https:\/\/semead.com.br\/29\/es\/encuentro-con-editores\/#primaryimage","url":"https:\/\/semead.com.br\/29-novo\/wp-content\/uploads\/sites\/21\/2021\/11\/Meeting-with-the-Editor-insta-1-1024x1024.png","contentUrl":"https:\/\/semead.com.br\/29-novo\/wp-content\/uploads\/sites\/21\/2021\/11\/Meeting-with-the-Editor-insta-1-1024x1024.png"},{"@type":"BreadcrumbList","@id":"https:\/\/semead.com.br\/29\/es\/encuentro-con-editores\/#breadcrumb","itemListElement":[{"@type":"ListItem","position":1,"name":"In\u00edcio","item":"https:\/\/semead.com.br\/29\/es\/"},{"@type":"ListItem","position":2,"name":"Encuentro con Editores"}]},{"@type":"WebSite","@id":"https:\/\/semead.com.br\/29\/es\/#website","url":"https:\/\/semead.com.br\/29\/es\/","name":"XXIX SemeAd","description":"Semin\u00e1rios em administra\u00e7\u00e3o","potentialAction":[{"@type":"SearchAction","target":{"@type":"EntryPoint","urlTemplate":"https:\/\/semead.com.br\/29\/es\/?s={search_term_string}"},"query-input":{"@type":"PropertyValueSpecification","valueRequired":true,"valueName":"search_term_string"}}],"inLanguage":"es"}]}},"tpgb_featured_images":null,"tpgb_post_meta_info":{"get_date":"4 de noviembre de 2021","get_modified_date":"8 de noviembre de 2021","author_name":"","author_url":"https:\/\/semead.com.br\/29\/es\/author\/","author_email":"","author_website":"","author_description":"","author_facebook":"","author_twitter":"","author_instagram":"","author_role":"","author_firstname":"","author_lastname":"","user_login":"","author_avatar":"<img alt='' src='https:\/\/secure.gravatar.com\/avatar\/?s=200&#038;d=mm&#038;r=g' srcset='https:\/\/secure.gravatar.com\/avatar\/?s=400&#038;d=mm&#038;r=g 2x' class='avatar avatar-200 photo avatar-default' height='200' width='200' decoding='async'\/>","author_avatar_url":"https:\/\/secure.gravatar.com\/avatar\/?s=96&d=mm&r=g","comment_count":0,"post_likes":0,"post_views":0},"tpgb_post_category":[],"jetpack_sharing_enabled":true,"_links":{"self":[{"href":"https:\/\/semead.com.br\/29\/es\/wp-json\/wp\/v2\/pages\/23313","targetHints":{"allow":["GET"]}}],"collection":[{"href":"https:\/\/semead.com.br\/29\/es\/wp-json\/wp\/v2\/pages"}],"about":[{"href":"https:\/\/semead.com.br\/29\/es\/wp-json\/wp\/v2\/types\/page"}],"author":[{"embeddable":true,"href":"https:\/\/semead.com.br\/29\/es\/wp-json\/wp\/v2\/users\/10"}],"replies":[{"embeddable":true,"href":"https:\/\/semead.com.br\/29\/es\/wp-json\/wp\/v2\/comments?post=23313"}],"version-history":[{"count":0,"href":"https:\/\/semead.com.br\/29\/es\/wp-json\/wp\/v2\/pages\/23313\/revisions"}],"wp:attachment":[{"href":"https:\/\/semead.com.br\/29\/es\/wp-json\/wp\/v2\/media?parent=23313"}],"curies":[{"name":"wp","href":"https:\/\/api.w.org\/{rel}","templated":true}]}}