{"id":26390,"date":"2022-07-12T15:07:30","date_gmt":"2022-07-12T18:07:30","guid":{"rendered":"https:\/\/semead.com.br\/29-novo\/?page_id=26390"},"modified":"2022-07-12T15:07:31","modified_gmt":"2022-07-12T18:07:31","slug":"areas","status":"publish","type":"page","link":"https:\/\/semead.com.br\/29\/es\/areas\/","title":{"rendered":"Areas"},"content":{"rendered":"\t\t<div data-elementor-type=\"wp-page\" data-elementor-id=\"26390\" class=\"elementor elementor-26390\" data-elementor-post-type=\"page\">\n\t\t\t\t\t\t<section class=\"elementor-section elementor-top-section elementor-element elementor-element-586262a elementor-section-boxed elementor-section-height-default elementor-section-height-default\" data-id=\"586262a\" data-element_type=\"section\" data-e-type=\"section\">\n\t\t\t\t\t\t<div class=\"elementor-container elementor-column-gap-default\">\n\t\t\t\t\t<div class=\"elementor-column elementor-col-100 elementor-top-column elementor-element elementor-element-b098418\" data-id=\"b098418\" data-element_type=\"column\" data-e-type=\"column\">\n\t\t\t<div class=\"elementor-widget-wrap elementor-element-populated\">\n\t\t\t\t\t\t<div class=\"elementor-element elementor-element-d356947 elementor-widget elementor-widget-sidebar\" data-id=\"d356947\" data-element_type=\"widget\" data-e-type=\"widget\" data-widget_type=\"sidebar.default\">\n\t\t\t\t<div class=\"elementor-widget-container\">\n\t\t\t\t\t<li id=\"nav_menu-7\" class=\"widget widget_nav_menu\"><h2 class=\"widgettitle\">Todas as \u00e1reas<\/h2>\n<div class=\"menu-areas-cientificas-espanhol-container\"><ul id=\"menu-areas-cientificas-espanhol\" class=\"menu\"><li id=\"menu-item-20675\" class=\"menu-item menu-item-type-post_type menu-item-object-page menu-item-20675\"><a href=\"https:\/\/semead.com.br\/29\/es\/areas-2\/areas-cientificas\/agroindustria\/\">Agroindustria<\/a><\/li>\n<li id=\"menu-item-20736\" class=\"menu-item menu-item-type-post_type menu-item-object-page menu-item-20736\"><a href=\"https:\/\/semead.com.br\/29\/es\/areas-2\/areas-cientificas\/ensenanza-e-investigacion\/\">M\u00e9todos y T\u00e9cnicas de Investigaci\u00f3n en Administraci\u00f3n<\/a><\/li>\n<li id=\"menu-item-20877\" class=\"menu-item menu-item-type-post_type menu-item-object-page menu-item-20877\"><a href=\"https:\/\/semead.com.br\/29\/es\/areas-2\/areas-cientificas\/estrategia-en-organizaciones\/\">Estrategia en Organizaciones<\/a><\/li>\n<li id=\"menu-item-20921\" class=\"menu-item menu-item-type-post_type menu-item-object-page menu-item-20921\"><a href=\"https:\/\/semead.com.br\/29\/es\/areas-2\/areas-cientificas\/estudios-organizacionales\/\">Estudios Organizacionales<\/a><\/li>\n<li id=\"menu-item-20960\" class=\"menu-item menu-item-type-post_type menu-item-object-page menu-item-20960\"><a href=\"https:\/\/semead.com.br\/29\/es\/areas-2\/areas-cientificas\/finanzas\/\">Finanzas<\/a><\/li>\n<li id=\"menu-item-21017\" class=\"menu-item menu-item-type-post_type menu-item-object-page menu-item-21017\"><a href=\"https:\/\/semead.com.br\/29\/es\/areas-2\/areas-cientificas\/gestion-de-la-innovacion\/\">Gesti\u00f3n de la Innovaci\u00f3n<\/a><\/li>\n<li id=\"menu-item-21081\" class=\"menu-item menu-item-type-post_type menu-item-object-page menu-item-21081\"><a href=\"https:\/\/semead.com.br\/29\/es\/areas-2\/areas-cientificas\/socioenvironmental-management\/\">Gesti\u00f3n Socioambiental<\/a><\/li>\n<li id=\"menu-item-21116\" class=\"menu-item menu-item-type-post_type menu-item-object-page menu-item-21116\"><a href=\"https:\/\/semead.com.br\/29\/es\/areas-2\/areas-cientificas\/marketing\/\">Marketing<\/a><\/li>\n<li id=\"menu-item-21151\" class=\"menu-item menu-item-type-post_type menu-item-object-page menu-item-21151\"><a href=\"https:\/\/semead.com.br\/29\/es\/areas-2\/areas-cientificas\/operations\/\">Operaciones<\/a><\/li>\n<li id=\"menu-item-21173\" class=\"menu-item menu-item-type-post_type menu-item-object-page menu-item-21173\"><a href=\"https:\/\/semead.com.br\/29\/es\/areas-2\/areas-cientificas\/information-technology-2\/\">Tecnolog\u00eda de la Informaci\u00f3n<\/a><\/li>\n<li id=\"menu-item-21207\" class=\"menu-item menu-item-type-post_type menu-item-object-page menu-item-21207\"><a href=\"https:\/\/semead.com.br\/29\/es\/areas-2\/areas-cientificas\/tourism-and-hospitality-2\/\">Turismo y Hospitalidad<\/a><\/li>\n<li id=\"menu-item-21233\" class=\"menu-item menu-item-type-post_type menu-item-object-page menu-item-21233\"><a href=\"https:\/\/semead.com.br\/29\/es\/areas-2\/applied-articles\/\">Art\u00edculos Aplicados<\/a><\/li>\n<\/ul><\/div><\/li>\n\t\t\t\t<\/div>\n\t\t\t\t<\/div>\n\t\t\t\t\t<\/div>\n\t\t<\/div>\n\t\t\t\t\t<\/div>\n\t\t<\/section>\n\t\t\t\t<\/div>\n\t\t","protected":false},"excerpt":{"rendered":"","protected":false},"author":4,"featured_media":0,"parent":0,"menu_order":0,"comment_status":"closed","ping_status":"closed","template":"","meta":{"_acf_changed":false,"tpgb_global_settings":"","inline_featured_image":false,"_monsterinsights_skip_tracking":false,"_monsterinsights_sitenote_active":false,"_monsterinsights_sitenote_note":"","_monsterinsights_sitenote_category":0,"footnotes":""},"class_list":["post-26390","page","type-page","status-publish","hentry"],"acf":{"coordenadores":null,"audio_da_coordenacao":null,"temas":null},"yoast_head":"<!-- This site is optimized with the Yoast SEO plugin v27.5 - https:\/\/yoast.com\/product\/yoast-seo-wordpress\/ -->\n<title>Areas - XXIX SemeAd<\/title>\n<meta name=\"robots\" content=\"index, follow, max-snippet:-1, max-image-preview:large, max-video-preview:-1\" \/>\n<link rel=\"canonical\" href=\"https:\/\/semead.com.br\/29\/es\/areas\/\" \/>\n<meta property=\"og:locale\" content=\"es_ES\" \/>\n<meta property=\"og:type\" content=\"article\" \/>\n<meta property=\"og:title\" content=\"Areas - XXIX SemeAd\" \/>\n<meta property=\"og:url\" content=\"https:\/\/semead.com.br\/29\/es\/areas\/\" \/>\n<meta property=\"og:site_name\" content=\"XXIX SemeAd\" \/>\n<meta property=\"article:modified_time\" content=\"2022-07-12T18:07:31+00:00\" \/>\n<meta name=\"twitter:card\" content=\"summary_large_image\" \/>\n<script type=\"application\/ld+json\" class=\"yoast-schema-graph\">{\"@context\":\"https:\\\/\\\/schema.org\",\"@graph\":[{\"@type\":\"WebPage\",\"@id\":\"https:\\\/\\\/semead.com.br\\\/29\\\/es\\\/areas\\\/\",\"url\":\"https:\\\/\\\/semead.com.br\\\/29\\\/es\\\/areas\\\/\",\"name\":\"Areas - XXIX SemeAd\",\"isPartOf\":{\"@id\":\"https:\\\/\\\/semead.com.br\\\/29\\\/es\\\/#website\"},\"datePublished\":\"2022-07-12T18:07:30+00:00\",\"dateModified\":\"2022-07-12T18:07:31+00:00\",\"breadcrumb\":{\"@id\":\"https:\\\/\\\/semead.com.br\\\/29\\\/es\\\/areas\\\/#breadcrumb\"},\"inLanguage\":\"es\",\"potentialAction\":[{\"@type\":\"ReadAction\",\"target\":[\"https:\\\/\\\/semead.com.br\\\/29\\\/es\\\/areas\\\/\"]}]},{\"@type\":\"BreadcrumbList\",\"@id\":\"https:\\\/\\\/semead.com.br\\\/29\\\/es\\\/areas\\\/#breadcrumb\",\"itemListElement\":[{\"@type\":\"ListItem\",\"position\":1,\"name\":\"In\u00edcio\",\"item\":\"https:\\\/\\\/semead.com.br\\\/29\\\/es\\\/\"},{\"@type\":\"ListItem\",\"position\":2,\"name\":\"Areas\"}]},{\"@type\":\"WebSite\",\"@id\":\"https:\\\/\\\/semead.com.br\\\/29\\\/es\\\/#website\",\"url\":\"https:\\\/\\\/semead.com.br\\\/29\\\/es\\\/\",\"name\":\"XXIX SemeAd\",\"description\":\"Semin\u00e1rios em administra\u00e7\u00e3o\",\"potentialAction\":[{\"@type\":\"SearchAction\",\"target\":{\"@type\":\"EntryPoint\",\"urlTemplate\":\"https:\\\/\\\/semead.com.br\\\/29\\\/es\\\/?s={search_term_string}\"},\"query-input\":{\"@type\":\"PropertyValueSpecification\",\"valueRequired\":true,\"valueName\":\"search_term_string\"}}],\"inLanguage\":\"es\"}]}<\/script>\n<!-- \/ Yoast SEO plugin. -->","yoast_head_json":{"title":"Areas - XXIX SemeAd","robots":{"index":"index","follow":"follow","max-snippet":"max-snippet:-1","max-image-preview":"max-image-preview:large","max-video-preview":"max-video-preview:-1"},"canonical":"https:\/\/semead.com.br\/29\/es\/areas\/","og_locale":"es_ES","og_type":"article","og_title":"Areas - XXIX SemeAd","og_url":"https:\/\/semead.com.br\/29\/es\/areas\/","og_site_name":"XXIX SemeAd","article_modified_time":"2022-07-12T18:07:31+00:00","twitter_card":"summary_large_image","schema":{"@context":"https:\/\/schema.org","@graph":[{"@type":"WebPage","@id":"https:\/\/semead.com.br\/29\/es\/areas\/","url":"https:\/\/semead.com.br\/29\/es\/areas\/","name":"Areas - XXIX SemeAd","isPartOf":{"@id":"https:\/\/semead.com.br\/29\/es\/#website"},"datePublished":"2022-07-12T18:07:30+00:00","dateModified":"2022-07-12T18:07:31+00:00","breadcrumb":{"@id":"https:\/\/semead.com.br\/29\/es\/areas\/#breadcrumb"},"inLanguage":"es","potentialAction":[{"@type":"ReadAction","target":["https:\/\/semead.com.br\/29\/es\/areas\/"]}]},{"@type":"BreadcrumbList","@id":"https:\/\/semead.com.br\/29\/es\/areas\/#breadcrumb","itemListElement":[{"@type":"ListItem","position":1,"name":"In\u00edcio","item":"https:\/\/semead.com.br\/29\/es\/"},{"@type":"ListItem","position":2,"name":"Areas"}]},{"@type":"WebSite","@id":"https:\/\/semead.com.br\/29\/es\/#website","url":"https:\/\/semead.com.br\/29\/es\/","name":"XXIX SemeAd","description":"Semin\u00e1rios em administra\u00e7\u00e3o","potentialAction":[{"@type":"SearchAction","target":{"@type":"EntryPoint","urlTemplate":"https:\/\/semead.com.br\/29\/es\/?s={search_term_string}"},"query-input":{"@type":"PropertyValueSpecification","valueRequired":true,"valueName":"search_term_string"}}],"inLanguage":"es"}]}},"tpgb_featured_images":null,"tpgb_post_meta_info":{"get_date":"12 de julio de 2022","get_modified_date":"12 de julio de 2022","author_name":"semeadfernandoyada77","author_url":"https:\/\/semead.com.br\/29\/es\/author\/semeadfernandoyada77\/","author_email":"fernandoyada+semead@gmail.com","author_website":"","author_description":"","author_facebook":"","author_twitter":"","author_instagram":"","author_role":["administrator"],"author_firstname":"","author_lastname":"","user_login":"semeadfernandoyada77","author_avatar":"<img alt='' src='https:\/\/secure.gravatar.com\/avatar\/5cf727b92add7940479f95be27b8a9f4752bdd62514030afb7ce6d274c363cee?s=200&#038;d=mm&#038;r=g' srcset='https:\/\/secure.gravatar.com\/avatar\/5cf727b92add7940479f95be27b8a9f4752bdd62514030afb7ce6d274c363cee?s=400&#038;d=mm&#038;r=g 2x' class='avatar avatar-200 photo' height='200' width='200' decoding='async'\/>","author_avatar_url":"https:\/\/secure.gravatar.com\/avatar\/5cf727b92add7940479f95be27b8a9f4752bdd62514030afb7ce6d274c363cee?s=96&d=mm&r=g","comment_count":0,"post_likes":0,"post_views":0},"tpgb_post_category":[],"jetpack_sharing_enabled":true,"_links":{"self":[{"href":"https:\/\/semead.com.br\/29\/es\/wp-json\/wp\/v2\/pages\/26390","targetHints":{"allow":["GET"]}}],"collection":[{"href":"https:\/\/semead.com.br\/29\/es\/wp-json\/wp\/v2\/pages"}],"about":[{"href":"https:\/\/semead.com.br\/29\/es\/wp-json\/wp\/v2\/types\/page"}],"author":[{"embeddable":true,"href":"https:\/\/semead.com.br\/29\/es\/wp-json\/wp\/v2\/users\/4"}],"replies":[{"embeddable":true,"href":"https:\/\/semead.com.br\/29\/es\/wp-json\/wp\/v2\/comments?post=26390"}],"version-history":[{"count":0,"href":"https:\/\/semead.com.br\/29\/es\/wp-json\/wp\/v2\/pages\/26390\/revisions"}],"wp:attachment":[{"href":"https:\/\/semead.com.br\/29\/es\/wp-json\/wp\/v2\/media?parent=26390"}],"curies":[{"name":"wp","href":"https:\/\/api.w.org\/{rel}","templated":true}]}}