{"id":35781,"date":"2026-04-26T19:47:55","date_gmt":"2026-04-26T22:47:55","guid":{"rendered":"https:\/\/semead.com.br\/29\/?page_id=35781"},"modified":"2026-04-26T19:53:25","modified_gmt":"2026-04-26T22:53:25","slug":"regras-para-submissao-ao-consorcio","status":"publish","type":"page","link":"https:\/\/semead.com.br\/29\/es\/regras-para-submissao-ao-consorcio\/","title":{"rendered":"Reglas de Sumisi\u00f3n al Consorcio Doctoral"},"content":{"rendered":"\t\t<div data-elementor-type=\"wp-page\" data-elementor-id=\"35781\" class=\"elementor elementor-35781 elementor-33184\" data-elementor-post-type=\"page\">\n\t\t\t\t\t\t<section class=\"elementor-section elementor-top-section elementor-element elementor-element-94a14ca elementor-section-boxed elementor-section-height-default elementor-section-height-default\" data-id=\"94a14ca\" data-element_type=\"section\" data-e-type=\"section\">\n\t\t\t\t\t\t<div class=\"elementor-container elementor-column-gap-default\">\n\t\t\t\t\t<div class=\"elementor-column elementor-col-100 elementor-top-column elementor-element elementor-element-5089c99\" data-id=\"5089c99\" data-element_type=\"column\" data-e-type=\"column\">\n\t\t\t<div class=\"elementor-widget-wrap elementor-element-populated\">\n\t\t\t\t\t\t<div class=\"elementor-element elementor-element-62c5dfb elementor-widget elementor-widget-text-editor\" data-id=\"62c5dfb\" data-element_type=\"widget\" data-e-type=\"widget\" data-widget_type=\"text-editor.default\">\n\t\t\t\t<div class=\"elementor-widget-container\">\n\t\t\t\t\t\t\t\t\t<h6><b>Presentaci\u00f3n del Consorcio Doctoral<\/b><\/h6>\n<p>El proyecto de tesis deber\u00e1 ser sometido en formato de trabajo cient\u00edfico de acuerdo con las instrucciones a continuaci\u00f3n.<\/p>\n<h6><b>Formato del Trabajo:<\/b><\/h6><p>\n\u2013 Formato del papel: A4;<br>\n\u2013 Fuente: Times New Roman, tama\u00f1o 12;<br>\n\u2013 Espaciado: sencillo, texto dispuesto en una columna;<br>\n\u2013 Alineaci\u00f3n: justificada;<br>\n\u2013 M\u00e1rgenes: Superior: 3 cm; inferior: 2 cm; izquierdo: 3 cm; derecho: 2 cm<br>\n\u2013 Paginaci\u00f3n: insertar n\u00famero de p\u00e1ginas en el pie de p\u00e1gina con alineaci\u00f3n al lado derecho;<br>\n\u2013 T\u00edtulos en letras may\u00fasculas y subt\u00edtulos en letras min\u00fasculas;<br>\n\u2013 Formato del archivo: PDF;<br>\n\u2013 El trabajo puede tener un m\u00e1ximo de 10 p\u00e1ginas incluyendo el texto propiamente dicho, ilustraciones y referencias bibliogr\u00e1ficas;<br>\n\u2013 El texto debe comenzar por el t\u00edtulo seguido de la introducci\u00f3n. Sugerimos a los autores que preparen el resumen en un documento separado y copien y peguen en el campo espec\u00edfico en el acto de la sumisi\u00f3n;<br>\n\u2013 Las referencias bibliogr\u00e1ficas deber\u00e1n ser citadas a lo largo del texto de acuerdo con el sistema (autor-fecha), y presentadas en orden alfab\u00e9tico al final del trabajo, de acuerdo con las normas APA o ABNT\/NBR-6023.<\/p>\n<h6><b>Estructura sugerida del Proyecto (archivo en PDF) para ambas modalidades (1 y 2):<\/b><br>\n<\/h6><h6><b>Encabezado (centralizado en la primera p\u00e1gina): <\/b>T\u00edtulo, Tema de Investigaci\u00f3n (siga el descriptivo de las \u00e1reas tem\u00e1ticas del SemeAd) y Modalidad (1 o 2)<\/h6><h6>\n<b>A continuaci\u00f3n en la primera p\u00e1gina:<\/b><\/h6>\n<h6><b>1) Introducci\u00f3n:<\/b><\/h6>\n<p>1.1 Problema y Objetivo de Investigaci\u00f3n:<\/p>\n<ul>\n<li>Contextualizar y Describir el estado del arte de la tem\u00e1tica en cuesti\u00f3n.<\/li>\n<li>Presentar el principal objetivo de investigaci\u00f3n (la tesis a ser defendida) y eventuales objetivos espec\u00edficos.<\/li>\n<li>Presentar de forma argumentativa la problem\u00e1tica de investigaci\u00f3n.<\/li>\n<\/ul>\n<p>1.2 Justificaci\u00f3n\/Contribuciones esperadas:<\/p>\n<ul>\n<li>Presentar de forma fundamentada la(s) contribuci\u00f3n(es) acad\u00e9mica(s) esperada(s).<\/li>\n<li>Presentar eventual contribuci\u00f3n gerencial o para pol\u00edticas p\u00fablicas (fuertemente recomendado, pero no obligatorio).<\/li>\n<li>Presentar eventual contribuci\u00f3n metodol\u00f3gica (no obligatorio).<\/li>\n<li>Presentar el esperado impacto social de su proyecto (fuertemente recomendado, pero no obligatorio).<\/li>\n<\/ul>\n<h6><b>2<\/b>) Fundamentaci\u00f3n Te\u00f3rica:<\/h6>\n<ul>\n<li>Presentar el(los) principal(es) argumento(s) te\u00f3rico(s).<\/li>\n<li>Fundamentaci\u00f3n y definici\u00f3n de los constructos clave del proyecto.<\/li>\n<li>Modelo conceptual, proposiciones y\/o hip\u00f3tesis.<\/li>\n<\/ul>\n<h6><b>3) Metodolog\u00eda: describir el dise\u00f1o de investigaci\u00f3n<\/b><\/h6>\n<ul>\n<li>Enfoque (ejemplo: cualitativo, cuantitativo).<\/li>\n<li>M\u00e9todo o Estrategia de Investigaci\u00f3n (ejemplo: Recolecci\u00f3n de Datos Primarios, Estudio de Caso, Grounded Theory, etc.).<\/li>\n<li>T\u00e9cnica de recolecci\u00f3n (ejemplo: Survey, Entrevista en Profundidad, Observaci\u00f3n, etc.).<\/li>\n<li>T\u00e9cnica de an\u00e1lisis de datos (ejemplo: An\u00e1lisis Multivariado, An\u00e1lisis de Contenido, An\u00e1lisis del Discurso, etc.).<\/li>\n<\/ul>\n<h6><b>4) Referencias Bibliogr\u00e1ficas.<\/b><\/h6>\n<h6><b>Informaciones en la p\u00e1gina de la sumisi\u00f3n:<\/b><\/h6>\n<ul>\n<li style=\"list-style-type: none;\">\n<ul>\n<li>T\u00edtulo (m\u00e1ximo 190 caracteres);<\/li>\n<li>Tres Palabras Clave<\/li>\n<li>\u00c1rea (Consorcio Doctoral)<\/li>\n<li>Tema (seleccionar de acuerdo con la adherencia del proyecto)<\/li>\n<li>Modalidad del proyecto (Etapa Pre-Calificaci\u00f3n o Etapa Pos-Calificaci\u00f3n de acuerdo con la etapa de la propuesta)<\/li>\n<li>Idioma (Portugu\u00e9s, Ingl\u00e9s o Espa\u00f1ol)<\/li>\n<li>\u00bfUso de herramientas de IA? (S\u00ed o No. En caso afirmativo, finalidad y nombres de las herramientas)<\/li>\n<li>Resumen (m\u00e1ximo 1200 caracteres)<\/li>\n<li>Agradecimiento a \u00f3rgano de fomento (opcional)<\/li>\n<li>Autores (adem\u00e1s del\/de la doctorando\/a, el orientador puede ser incluido como coautor, lo que no compromete el l\u00edmite de env\u00edo de 3 trabajos tradicionales \u2013 art\u00edculos cient\u00edficos)<\/li>\n<\/ul>\n<\/li>\n<\/ul>\n<h6><u><b>Trabajos que no est\u00e9n en el formato especificado no ser\u00e1n aceptados.<\/b><\/u><\/h6>\n<p>La sumisi\u00f3n del resumen y del proyecto otorga a los organizadores el permiso de enviar a los l\u00edderes y evaluadores que compondr\u00e1n la banca. A su vez, los trabajos provenientes del Consorcio Doctoral no formar\u00e1n parte de los Anales del Evento.<\/p>\n<p>La inscripci\u00f3n y la presentaci\u00f3n de trabajos en el Consorcio Doctoral permitir\u00e1n el acceso del doctorando a las sesiones de presentaci\u00f3n de art\u00edculos. Los certificados de presentaci\u00f3n estar\u00e1n disponibles en el sistema del SemeAd despu\u00e9s de la realizaci\u00f3n del evento.<\/p>\t\t\t\t\t\t\t\t<\/div>\n\t\t\t\t<\/div>\n\t\t\t\t<div class=\"elementor-element elementor-element-d259976 elementor-widget elementor-widget-text-editor\" data-id=\"d259976\" data-element_type=\"widget\" data-e-type=\"widget\" data-widget_type=\"text-editor.default\">\n\t\t\t\t<div class=\"elementor-widget-container\">\n\t\t\t\t\t\t\t\t\t<h6><b>Presentaci\u00f3n del Consorcio Doctoral<\/b><\/h6>\n<p>El proyecto de tesis deber\u00e1 ser sometido en formato de trabajo cient\u00edfico de acuerdo con las instrucciones a continuaci\u00f3n.<\/p>\n<h6><b>Formato del Trabajo:<\/b><\/h6><p>\n\u2013 Formato del papel: A4;<br>\n\u2013 Fuente: Times New Roman, tama\u00f1o 12;<br>\n\u2013 Espaciado: sencillo, texto dispuesto en una columna;<br>\n\u2013 Alineaci\u00f3n: justificada;<br>\n\u2013 M\u00e1rgenes: Superior: 3 cm; inferior: 2 cm; izquierdo: 3 cm; derecho: 2 cm<br>\n\u2013 Paginaci\u00f3n: insertar n\u00famero de p\u00e1ginas en el pie de p\u00e1gina con alineaci\u00f3n al lado derecho;<br>\n\u2013 T\u00edtulos en letras may\u00fasculas y subt\u00edtulos en letras min\u00fasculas;<br>\n\u2013 Formato del archivo: PDF;<br>\n\u2013 El trabajo puede tener un m\u00e1ximo de 10 p\u00e1ginas incluyendo el texto propiamente dicho, ilustraciones y referencias bibliogr\u00e1ficas;<br>\n\u2013 El texto debe comenzar por el t\u00edtulo seguido de la introducci\u00f3n. Sugerimos a los autores que preparen el resumen en un documento separado y copien y peguen en el campo espec\u00edfico en el acto de la sumisi\u00f3n;<br>\n\u2013 Las referencias bibliogr\u00e1ficas deber\u00e1n ser citadas a lo largo del texto de acuerdo con el sistema (autor-fecha), y presentadas en orden alfab\u00e9tico al final del trabajo, de acuerdo con las normas APA o ABNT\/NBR-6023.<\/p>\n<h6><b>Estructura sugerida del Proyecto (archivo en PDF) para ambas modalidades (1 y 2):<\/b><br>\n<\/h6><h6><b>Encabezado (centralizado en la primera p\u00e1gina): <\/b>T\u00edtulo, Tema de Investigaci\u00f3n (siga el descriptivo de las \u00e1reas tem\u00e1ticas del SemeAd) y Modalidad (1 o 2)<\/h6><h6>\n<b>A continuaci\u00f3n en la primera p\u00e1gina:<\/b><\/h6>\n<h6><b>1) Introducci\u00f3n:<\/b><\/h6>\n<p>1.1 Problema y Objetivo de Investigaci\u00f3n:<\/p>\n<ul>\n<li>Contextualizar y Describir el estado del arte de la tem\u00e1tica en cuesti\u00f3n.<\/li>\n<li>Presentar el principal objetivo de investigaci\u00f3n (la tesis a ser defendida) y eventuales objetivos espec\u00edficos.<\/li>\n<li>Presentar de forma argumentativa la problem\u00e1tica de investigaci\u00f3n.<\/li>\n<\/ul>\n<p>1.2 Justificaci\u00f3n\/Contribuciones esperadas:<\/p>\n<ul>\n<li>Presentar de forma fundamentada la(s) contribuci\u00f3n(es) acad\u00e9mica(s) esperada(s).<\/li>\n<li>Presentar eventual contribuci\u00f3n gerencial o para pol\u00edticas p\u00fablicas (fuertemente recomendado, pero no obligatorio).<\/li>\n<li>Presentar eventual contribuci\u00f3n metodol\u00f3gica (no obligatorio).<\/li>\n<li>Presentar el esperado impacto social de su proyecto (fuertemente recomendado, pero no obligatorio).<\/li>\n<\/ul>\n<h6><b>2<\/b>) Fundamentaci\u00f3n Te\u00f3rica:<\/h6>\n<ul>\n<li>Presentar el(los) principal(es) argumento(s) te\u00f3rico(s).<\/li>\n<li>Fundamentaci\u00f3n y definici\u00f3n de los constructos clave del proyecto.<\/li>\n<li>Modelo conceptual, proposiciones y\/o hip\u00f3tesis.<\/li>\n<\/ul>\n<h6><b>3) Metodolog\u00eda: describir el dise\u00f1o de investigaci\u00f3n<\/b><\/h6>\n<ul>\n<li>Enfoque (ejemplo: cualitativo, cuantitativo).<\/li>\n<li>M\u00e9todo o Estrategia de Investigaci\u00f3n (ejemplo: Recolecci\u00f3n de Datos Primarios, Estudio de Caso, Grounded Theory, etc.).<\/li>\n<li>T\u00e9cnica de recolecci\u00f3n (ejemplo: Survey, Entrevista en Profundidad, Observaci\u00f3n, etc.).<\/li>\n<li>T\u00e9cnica de an\u00e1lisis de datos (ejemplo: An\u00e1lisis Multivariado, An\u00e1lisis de Contenido, An\u00e1lisis del Discurso, etc.).<\/li>\n<\/ul>\n<h6><b>4) Referencias Bibliogr\u00e1ficas.<\/b><\/h6>\n<h6><b>Informaciones en la p\u00e1gina de la sumisi\u00f3n:<\/b><\/h6>\n<ul>\n<li style=\"list-style-type: none;\">\n<ul>\n<li>T\u00edtulo (m\u00e1ximo 190 caracteres);<\/li>\n<li>Tres Palabras Clave<\/li>\n<li>\u00c1rea (Consorcio Doctoral)<\/li>\n<li>Tema (seleccionar de acuerdo con la adherencia del proyecto)<\/li>\n<li>Modalidad del proyecto (Etapa Pre-Calificaci\u00f3n o Etapa Pos-Calificaci\u00f3n de acuerdo con la etapa de la propuesta)<\/li>\n<li>Idioma (Portugu\u00e9s, Ingl\u00e9s o Espa\u00f1ol)<\/li>\n<li>\u00bfUso de herramientas de IA? (S\u00ed o No. En caso afirmativo, finalidad y nombres de las herramientas)<\/li>\n<li>Resumen (m\u00e1ximo 1200 caracteres)<\/li>\n<li>Agradecimiento a \u00f3rgano de fomento (opcional)<\/li>\n<li>Autores (adem\u00e1s del\/de la doctorando\/a, el orientador puede ser incluido como coautor, lo que no compromete el l\u00edmite de env\u00edo de 3 trabajos tradicionales \u2013 art\u00edculos cient\u00edficos)<\/li>\n<\/ul>\n<\/li>\n<\/ul>\n<h6><u><b>Trabajos que no est\u00e9n en el formato especificado no ser\u00e1n aceptados.<\/b><\/u><\/h6>\n<p>La sumisi\u00f3n del resumen y del proyecto otorga a los organizadores el permiso de enviar a los l\u00edderes y evaluadores que compondr\u00e1n la banca. A su vez, los trabajos provenientes del Consorcio Doctoral no formar\u00e1n parte de los Anales del Evento.<\/p>\n<p>La inscripci\u00f3n y la presentaci\u00f3n de trabajos en el Consorcio Doctoral permitir\u00e1n el acceso del doctorando a las sesiones de presentaci\u00f3n de art\u00edculos. Los certificados de presentaci\u00f3n estar\u00e1n disponibles en el sistema del SemeAd despu\u00e9s de la realizaci\u00f3n del evento.<\/p>\t\t\t\t\t\t\t\t<\/div>\n\t\t\t\t<\/div>\n\t\t\t\t\t<\/div>\n\t\t<\/div>\n\t\t\t\t\t<\/div>\n\t\t<\/section>\n\t\t\t\t<\/div>\n\t\t","protected":false},"excerpt":{"rendered":"<p>Presentaci\u00f3n del Consorcio Doctoral El proyecto de tesis deber\u00e1 ser sometido en formato de trabajo cient\u00edfico de acuerdo con las instrucciones a continuaci\u00f3n. Formato del Trabajo: \u2013 Formato del papel: A4; \u2013 Fuente: Times New Roman, tama\u00f1o 12; \u2013 Espaciado: sencillo, texto dispuesto en una columna; \u2013 Alineaci\u00f3n: justificada; \u2013 M\u00e1rgenes: Superior: 3 cm; inferior: [&hellip;]<\/p>\n","protected":false},"author":4,"featured_media":0,"parent":0,"menu_order":0,"comment_status":"closed","ping_status":"closed","template":"","meta":{"_acf_changed":false,"tpgb_global_settings":"","inline_featured_image":false,"_monsterinsights_skip_tracking":false,"_monsterinsights_sitenote_active":false,"_monsterinsights_sitenote_note":"","_monsterinsights_sitenote_category":0,"footnotes":""},"class_list":["post-35781","page","type-page","status-publish","hentry"],"acf":{"coordenadores":null,"audio_da_coordenacao":"","temas":null},"yoast_head":"<!-- This site is optimized with the Yoast SEO plugin v27.5 - https:\/\/yoast.com\/product\/yoast-seo-wordpress\/ -->\n<title>Reglas de Sumisi\u00f3n al Consorcio Doctoral - XXIX SemeAd<\/title>\n<meta name=\"robots\" content=\"index, follow, max-snippet:-1, max-image-preview:large, max-video-preview:-1\" \/>\n<link rel=\"canonical\" href=\"https:\/\/semead.com.br\/29\/es\/regras-para-submissao-ao-consorcio\/\" \/>\n<meta property=\"og:locale\" content=\"es_ES\" \/>\n<meta property=\"og:type\" content=\"article\" \/>\n<meta property=\"og:title\" content=\"Reglas de Sumisi\u00f3n al Consorcio Doctoral - XXIX SemeAd\" \/>\n<meta property=\"og:description\" content=\"Presentaci\u00f3n del Consorcio Doctoral El proyecto de tesis deber\u00e1 ser sometido en formato de trabajo cient\u00edfico de acuerdo con las instrucciones a continuaci\u00f3n. Formato del Trabajo: \u2013 Formato del papel: A4; \u2013 Fuente: Times New Roman, tama\u00f1o 12; \u2013 Espaciado: sencillo, texto dispuesto en una columna; \u2013 Alineaci\u00f3n: justificada; \u2013 M\u00e1rgenes: Superior: 3 cm; inferior: [&hellip;]\" \/>\n<meta property=\"og:url\" content=\"https:\/\/semead.com.br\/29\/es\/regras-para-submissao-ao-consorcio\/\" \/>\n<meta property=\"og:site_name\" content=\"XXIX SemeAd\" \/>\n<meta property=\"article:modified_time\" content=\"2026-04-26T22:53:25+00:00\" \/>\n<meta name=\"twitter:card\" content=\"summary_large_image\" \/>\n<meta name=\"twitter:label1\" content=\"Tiempo de lectura\" \/>\n\t<meta name=\"twitter:data1\" content=\"4 minutos\" \/>\n<script type=\"application\/ld+json\" class=\"yoast-schema-graph\">{\"@context\":\"https:\\\/\\\/schema.org\",\"@graph\":[{\"@type\":\"WebPage\",\"@id\":\"https:\\\/\\\/semead.com.br\\\/29\\\/es\\\/regras-para-submissao-ao-consorcio\\\/\",\"url\":\"https:\\\/\\\/semead.com.br\\\/29\\\/es\\\/regras-para-submissao-ao-consorcio\\\/\",\"name\":\"Reglas de Sumisi\u00f3n al Consorcio Doctoral - XXIX SemeAd\",\"isPartOf\":{\"@id\":\"https:\\\/\\\/semead.com.br\\\/29\\\/es\\\/#website\"},\"datePublished\":\"2026-04-26T22:47:55+00:00\",\"dateModified\":\"2026-04-26T22:53:25+00:00\",\"breadcrumb\":{\"@id\":\"https:\\\/\\\/semead.com.br\\\/29\\\/es\\\/regras-para-submissao-ao-consorcio\\\/#breadcrumb\"},\"inLanguage\":\"es\",\"potentialAction\":[{\"@type\":\"ReadAction\",\"target\":[\"https:\\\/\\\/semead.com.br\\\/29\\\/es\\\/regras-para-submissao-ao-consorcio\\\/\"]}]},{\"@type\":\"BreadcrumbList\",\"@id\":\"https:\\\/\\\/semead.com.br\\\/29\\\/es\\\/regras-para-submissao-ao-consorcio\\\/#breadcrumb\",\"itemListElement\":[{\"@type\":\"ListItem\",\"position\":1,\"name\":\"In\u00edcio\",\"item\":\"https:\\\/\\\/semead.com.br\\\/29\\\/es\\\/\"},{\"@type\":\"ListItem\",\"position\":2,\"name\":\"Reglas de Sumisi\u00f3n al Consorcio Doctoral\"}]},{\"@type\":\"WebSite\",\"@id\":\"https:\\\/\\\/semead.com.br\\\/29\\\/es\\\/#website\",\"url\":\"https:\\\/\\\/semead.com.br\\\/29\\\/es\\\/\",\"name\":\"XXIX SemeAd\",\"description\":\"Semin\u00e1rios em administra\u00e7\u00e3o\",\"potentialAction\":[{\"@type\":\"SearchAction\",\"target\":{\"@type\":\"EntryPoint\",\"urlTemplate\":\"https:\\\/\\\/semead.com.br\\\/29\\\/es\\\/?s={search_term_string}\"},\"query-input\":{\"@type\":\"PropertyValueSpecification\",\"valueRequired\":true,\"valueName\":\"search_term_string\"}}],\"inLanguage\":\"es\"}]}<\/script>\n<!-- \/ Yoast SEO plugin. -->","yoast_head_json":{"title":"Reglas de Sumisi\u00f3n al Consorcio Doctoral - XXIX SemeAd","robots":{"index":"index","follow":"follow","max-snippet":"max-snippet:-1","max-image-preview":"max-image-preview:large","max-video-preview":"max-video-preview:-1"},"canonical":"https:\/\/semead.com.br\/29\/es\/regras-para-submissao-ao-consorcio\/","og_locale":"es_ES","og_type":"article","og_title":"Reglas de Sumisi\u00f3n al Consorcio Doctoral - XXIX SemeAd","og_description":"Presentaci\u00f3n del Consorcio Doctoral El proyecto de tesis deber\u00e1 ser sometido en formato de trabajo cient\u00edfico de acuerdo con las instrucciones a continuaci\u00f3n. Formato del Trabajo: \u2013 Formato del papel: A4; \u2013 Fuente: Times New Roman, tama\u00f1o 12; \u2013 Espaciado: sencillo, texto dispuesto en una columna; \u2013 Alineaci\u00f3n: justificada; \u2013 M\u00e1rgenes: Superior: 3 cm; inferior: [&hellip;]","og_url":"https:\/\/semead.com.br\/29\/es\/regras-para-submissao-ao-consorcio\/","og_site_name":"XXIX SemeAd","article_modified_time":"2026-04-26T22:53:25+00:00","twitter_card":"summary_large_image","twitter_misc":{"Tiempo de lectura":"4 minutos"},"schema":{"@context":"https:\/\/schema.org","@graph":[{"@type":"WebPage","@id":"https:\/\/semead.com.br\/29\/es\/regras-para-submissao-ao-consorcio\/","url":"https:\/\/semead.com.br\/29\/es\/regras-para-submissao-ao-consorcio\/","name":"Reglas de Sumisi\u00f3n al Consorcio Doctoral - XXIX SemeAd","isPartOf":{"@id":"https:\/\/semead.com.br\/29\/es\/#website"},"datePublished":"2026-04-26T22:47:55+00:00","dateModified":"2026-04-26T22:53:25+00:00","breadcrumb":{"@id":"https:\/\/semead.com.br\/29\/es\/regras-para-submissao-ao-consorcio\/#breadcrumb"},"inLanguage":"es","potentialAction":[{"@type":"ReadAction","target":["https:\/\/semead.com.br\/29\/es\/regras-para-submissao-ao-consorcio\/"]}]},{"@type":"BreadcrumbList","@id":"https:\/\/semead.com.br\/29\/es\/regras-para-submissao-ao-consorcio\/#breadcrumb","itemListElement":[{"@type":"ListItem","position":1,"name":"In\u00edcio","item":"https:\/\/semead.com.br\/29\/es\/"},{"@type":"ListItem","position":2,"name":"Reglas de Sumisi\u00f3n al Consorcio Doctoral"}]},{"@type":"WebSite","@id":"https:\/\/semead.com.br\/29\/es\/#website","url":"https:\/\/semead.com.br\/29\/es\/","name":"XXIX SemeAd","description":"Semin\u00e1rios em administra\u00e7\u00e3o","potentialAction":[{"@type":"SearchAction","target":{"@type":"EntryPoint","urlTemplate":"https:\/\/semead.com.br\/29\/es\/?s={search_term_string}"},"query-input":{"@type":"PropertyValueSpecification","valueRequired":true,"valueName":"search_term_string"}}],"inLanguage":"es"}]}},"tpgb_featured_images":null,"tpgb_post_meta_info":{"get_date":"26 de abril de 2026","get_modified_date":"26 de abril de 2026","author_name":"semeadfernandoyada77","author_url":"https:\/\/semead.com.br\/29\/es\/author\/semeadfernandoyada77\/","author_email":"fernandoyada+semead@gmail.com","author_website":"","author_description":"","author_facebook":"","author_twitter":"","author_instagram":"","author_role":["administrator"],"author_firstname":"","author_lastname":"","user_login":"semeadfernandoyada77","author_avatar":"<img alt='' src='https:\/\/secure.gravatar.com\/avatar\/5cf727b92add7940479f95be27b8a9f4752bdd62514030afb7ce6d274c363cee?s=200&#038;d=mm&#038;r=g' srcset='https:\/\/secure.gravatar.com\/avatar\/5cf727b92add7940479f95be27b8a9f4752bdd62514030afb7ce6d274c363cee?s=400&#038;d=mm&#038;r=g 2x' class='avatar avatar-200 photo' height='200' width='200' decoding='async'\/>","author_avatar_url":"https:\/\/secure.gravatar.com\/avatar\/5cf727b92add7940479f95be27b8a9f4752bdd62514030afb7ce6d274c363cee?s=96&d=mm&r=g","comment_count":0,"post_likes":0,"post_views":0},"tpgb_post_category":[],"jetpack_sharing_enabled":true,"_links":{"self":[{"href":"https:\/\/semead.com.br\/29\/es\/wp-json\/wp\/v2\/pages\/35781","targetHints":{"allow":["GET"]}}],"collection":[{"href":"https:\/\/semead.com.br\/29\/es\/wp-json\/wp\/v2\/pages"}],"about":[{"href":"https:\/\/semead.com.br\/29\/es\/wp-json\/wp\/v2\/types\/page"}],"author":[{"embeddable":true,"href":"https:\/\/semead.com.br\/29\/es\/wp-json\/wp\/v2\/users\/4"}],"replies":[{"embeddable":true,"href":"https:\/\/semead.com.br\/29\/es\/wp-json\/wp\/v2\/comments?post=35781"}],"version-history":[{"count":2,"href":"https:\/\/semead.com.br\/29\/es\/wp-json\/wp\/v2\/pages\/35781\/revisions"}],"predecessor-version":[{"id":35786,"href":"https:\/\/semead.com.br\/29\/es\/wp-json\/wp\/v2\/pages\/35781\/revisions\/35786"}],"wp:attachment":[{"href":"https:\/\/semead.com.br\/29\/es\/wp-json\/wp\/v2\/media?parent=35781"}],"curies":[{"name":"wp","href":"https:\/\/api.w.org\/{rel}","templated":true}]}}