{"id":10402,"date":"2013-05-13T13:02:53","date_gmt":"2013-05-13T13:02:53","guid":{"rendered":"http:\/\/semead.com.br\/?page_id=10402"},"modified":"2026-03-13T13:50:51","modified_gmt":"2026-03-13T16:50:51","slug":"datas-importantes","status":"publish","type":"page","link":"https:\/\/semead.com.br\/29\/datas-importantes\/","title":{"rendered":"Datas Importantes"},"content":{"rendered":"\t\t<div data-elementor-type=\"wp-page\" data-elementor-id=\"10402\" class=\"elementor elementor-10402\" data-elementor-post-type=\"page\">\n\t\t\t\t\t\t<section class=\"elementor-section elementor-top-section elementor-element elementor-element-ff90355 elementor-section-boxed elementor-section-height-default elementor-section-height-default\" data-id=\"ff90355\" data-element_type=\"section\" data-e-type=\"section\">\n\t\t\t\t\t\t<div class=\"elementor-container elementor-column-gap-default\">\n\t\t\t\t\t<div class=\"elementor-column elementor-col-100 elementor-top-column elementor-element elementor-element-2965cc1\" data-id=\"2965cc1\" data-element_type=\"column\" data-e-type=\"column\">\n\t\t\t<div class=\"elementor-widget-wrap elementor-element-populated\">\n\t\t\t\t\t\t<div class=\"elementor-element elementor-element-61a3686 elementor-widget elementor-widget-text-editor\" data-id=\"61a3686\" data-element_type=\"widget\" data-e-type=\"widget\" data-widget_type=\"text-editor.default\">\n\t\t\t\t<div class=\"elementor-widget-container\">\n\t\t\t\t\t\t\t\t\t<section class=\"py-5\">\n  <div class=\"container\">\n    <div class=\"text-center mb-5\">\n      <h2 class=\"fw-semibold mb-2\">Cronograma<\/h2>\n      <p class=\"text-muted mb-0\">Confira as principais datas do evento<\/p>\n    <\/div>\n\n    <div class=\"schedule-wrapper\">\n\n      <div class=\"schedule-item\">\n        <div class=\"schedule-date\">\n          <span class=\"schedule-date-badge\">15\/05\/26 \u2192 16\/07\/26<\/span>\n        <\/div>\n        <div class=\"schedule-card\">\n          <h5 class=\"mb-0\">Per\u00edodo de submiss\u00f5es<\/h5>\n        <\/div>\n      <\/div>\n\n      <div class=\"schedule-item\">\n        <div class=\"schedule-date\">\n          <span class=\"schedule-date-badge\">15\/09\/26<\/span>\n        <\/div>\n        <div class=\"schedule-card\">\n          <h5 class=\"mb-0\">Divulga\u00e7\u00e3o dos resultados das submiss\u00f5es<\/h5>\n        <\/div>\n      <\/div>\n\n      <div class=\"schedule-item\">\n        <div class=\"schedule-date\">\n          <span class=\"schedule-date-badge\">15\/09\/26 \u2192 30\/09\/26<\/span>\n        <\/div>\n        <div class=\"schedule-card\">\n          <h5 class=\"mb-0\">Per\u00edodo de inscri\u00e7\u00f5es dos trabalhos aprovados<\/h5>\n        <\/div>\n      <\/div>\n\n      <div class=\"schedule-item\">\n        <div class=\"schedule-date\">\n          <span class=\"schedule-date-badge\">15\/09\/26 \u2192 30\/09\/26<\/span>\n        <\/div>\n        <div class=\"schedule-card\">\n          <h5 class=\"mb-0\">Per\u00edodo de inscri\u00e7\u00f5es para colaboradores volunt\u00e1rios<\/h5>\n        <\/div>\n      <\/div>\n\n      <div class=\"schedule-item\">\n        <div class=\"schedule-date\">\n          <span class=\"schedule-date-badge\">15\/09\/26 \u2192 30\/10\/26<\/span>\n        <\/div>\n        <div class=\"schedule-card\">\n          <h5 class=\"mb-0\">Per\u00edodo de inscri\u00e7\u00f5es congressistas<\/h5>\n        <\/div>\n      <\/div>\n\n      <div class=\"schedule-item\">\n        <div class=\"schedule-date\">\n          <span class=\"schedule-date-badge\">20\/10\/26<\/span>\n        <\/div>\n        <div class=\"schedule-card\">\n          <h5 class=\"mb-0\">Divulga\u00e7\u00e3o da programa\u00e7\u00e3o geral<\/h5>\n        <\/div>\n      <\/div>\n\n      <div class=\"schedule-item\">\n        <div class=\"schedule-date\">\n          <span class=\"schedule-date-badge\">10\/11\/26<\/span>\n        <\/div>\n        <div class=\"schedule-card\">\n          <h5 class=\"mb-0\">Visitas t\u00e9cnicas (presencial)<\/h5>\n        <\/div>\n      <\/div>\n\n      <div class=\"schedule-item\">\n        <div class=\"schedule-date\">\n          <span class=\"schedule-date-badge\">10\/11\/26<\/span>\n        <\/div>\n        <div class=\"schedule-card\">\n          <h5 class=\"mb-0\">Atividades do Cons\u00f3rcio Pr\u00e9-doutoral (online) e Doutoral (presencial)<\/h5>\n        <\/div>\n      <\/div>\n\n      <div class=\"schedule-item\">\n        <div class=\"schedule-date\">\n          <span class=\"schedule-date-badge schedule-date-badge-highlight\">09\/11\/26 \u2192 13\/11\/26<\/span>\n        <\/div>\n        <div class=\"schedule-card schedule-card-highlight\">\n          <h5 class=\"mb-0\">Evento<\/h5>\n        <\/div>\n      <\/div>\n\n    <\/div>\n  <\/div>\n<\/section>\t\t\t\t\t\t\t\t<\/div>\n\t\t\t\t<\/div>\n\t\t\t\t\t<\/div>\n\t\t<\/div>\n\t\t\t\t\t<\/div>\n\t\t<\/section>\n\t\t\t\t<\/div>\n\t\t","protected":false},"excerpt":{"rendered":"<p>Cronograma Confira as principais datas do evento 15\/05\/26 \u2192 16\/07\/26 Per\u00edodo de submiss\u00f5es 15\/09\/26 Divulga\u00e7\u00e3o dos resultados das submiss\u00f5es 15\/09\/26 \u2192 30\/09\/26 Per\u00edodo de inscri\u00e7\u00f5es dos trabalhos aprovados 15\/09\/26 \u2192 30\/09\/26 Per\u00edodo de inscri\u00e7\u00f5es para colaboradores volunt\u00e1rios 15\/09\/26 \u2192 30\/10\/26 Per\u00edodo de inscri\u00e7\u00f5es congressistas 20\/10\/26 Divulga\u00e7\u00e3o da programa\u00e7\u00e3o geral 10\/11\/26 Visitas t\u00e9cnicas (presencial) 10\/11\/26 Atividades [&hellip;]<\/p>\n","protected":false},"author":1,"featured_media":0,"parent":0,"menu_order":0,"comment_status":"closed","ping_status":"open","template":"","meta":{"_acf_changed":false,"tpgb_global_settings":"","inline_featured_image":false,"_monsterinsights_skip_tracking":false,"_monsterinsights_sitenote_active":false,"_monsterinsights_sitenote_note":"","_monsterinsights_sitenote_category":0,"footnotes":""},"class_list":["post-10402","page","type-page","status-publish","hentry"],"acf":{"coordenadores":null,"audio_da_coordenacao":"","temas":null},"yoast_head":"<!-- This site is optimized with the Yoast SEO plugin v27.5 - https:\/\/yoast.com\/product\/yoast-seo-wordpress\/ -->\n<title>Datas Importantes - XXIX SemeAd<\/title>\n<meta name=\"robots\" content=\"index, follow, max-snippet:-1, max-image-preview:large, max-video-preview:-1\" \/>\n<link rel=\"canonical\" href=\"https:\/\/semead.com.br\/29\/datas-importantes\/\" \/>\n<meta property=\"og:locale\" content=\"pt_BR\" \/>\n<meta property=\"og:type\" content=\"article\" \/>\n<meta property=\"og:title\" content=\"Datas Importantes - XXIX SemeAd\" \/>\n<meta property=\"og:description\" content=\"Cronograma Confira as principais datas do evento 15\/05\/26 \u2192 16\/07\/26 Per\u00edodo de submiss\u00f5es 15\/09\/26 Divulga\u00e7\u00e3o dos resultados das submiss\u00f5es 15\/09\/26 \u2192 30\/09\/26 Per\u00edodo de inscri\u00e7\u00f5es dos trabalhos aprovados 15\/09\/26 \u2192 30\/09\/26 Per\u00edodo de inscri\u00e7\u00f5es para colaboradores volunt\u00e1rios 15\/09\/26 \u2192 30\/10\/26 Per\u00edodo de inscri\u00e7\u00f5es congressistas 20\/10\/26 Divulga\u00e7\u00e3o da programa\u00e7\u00e3o geral 10\/11\/26 Visitas t\u00e9cnicas (presencial) 10\/11\/26 Atividades [&hellip;]\" \/>\n<meta property=\"og:url\" content=\"https:\/\/semead.com.br\/29\/datas-importantes\/\" \/>\n<meta property=\"og:site_name\" content=\"XXIX SemeAd\" \/>\n<meta property=\"article:modified_time\" content=\"2026-03-13T16:50:51+00:00\" \/>\n<meta name=\"twitter:card\" content=\"summary_large_image\" \/>\n<meta name=\"twitter:label1\" content=\"Est. tempo de leitura\" \/>\n\t<meta name=\"twitter:data1\" content=\"1 minuto\" \/>\n<script type=\"application\/ld+json\" class=\"yoast-schema-graph\">{\"@context\":\"https:\\\/\\\/schema.org\",\"@graph\":[{\"@type\":\"WebPage\",\"@id\":\"https:\\\/\\\/semead.com.br\\\/29\\\/datas-importantes\\\/\",\"url\":\"https:\\\/\\\/semead.com.br\\\/29\\\/datas-importantes\\\/\",\"name\":\"Datas Importantes - XXIX SemeAd\",\"isPartOf\":{\"@id\":\"https:\\\/\\\/semead.com.br\\\/29\\\/#website\"},\"datePublished\":\"2013-05-13T13:02:53+00:00\",\"dateModified\":\"2026-03-13T16:50:51+00:00\",\"breadcrumb\":{\"@id\":\"https:\\\/\\\/semead.com.br\\\/29\\\/datas-importantes\\\/#breadcrumb\"},\"inLanguage\":\"pt-BR\",\"potentialAction\":[{\"@type\":\"ReadAction\",\"target\":[\"https:\\\/\\\/semead.com.br\\\/29\\\/datas-importantes\\\/\"]}]},{\"@type\":\"BreadcrumbList\",\"@id\":\"https:\\\/\\\/semead.com.br\\\/29\\\/datas-importantes\\\/#breadcrumb\",\"itemListElement\":[{\"@type\":\"ListItem\",\"position\":1,\"name\":\"In\u00edcio\",\"item\":\"https:\\\/\\\/semead.com.br\\\/29\\\/\"},{\"@type\":\"ListItem\",\"position\":2,\"name\":\"Datas Importantes\"}]},{\"@type\":\"WebSite\",\"@id\":\"https:\\\/\\\/semead.com.br\\\/29\\\/#website\",\"url\":\"https:\\\/\\\/semead.com.br\\\/29\\\/\",\"name\":\"XXIX SemeAd\",\"description\":\"Semin\u00e1rios em administra\u00e7\u00e3o\",\"potentialAction\":[{\"@type\":\"SearchAction\",\"target\":{\"@type\":\"EntryPoint\",\"urlTemplate\":\"https:\\\/\\\/semead.com.br\\\/29\\\/?s={search_term_string}\"},\"query-input\":{\"@type\":\"PropertyValueSpecification\",\"valueRequired\":true,\"valueName\":\"search_term_string\"}}],\"inLanguage\":\"pt-BR\"}]}<\/script>\n<!-- \/ Yoast SEO plugin. -->","yoast_head_json":{"title":"Datas Importantes - XXIX SemeAd","robots":{"index":"index","follow":"follow","max-snippet":"max-snippet:-1","max-image-preview":"max-image-preview:large","max-video-preview":"max-video-preview:-1"},"canonical":"https:\/\/semead.com.br\/29\/datas-importantes\/","og_locale":"pt_BR","og_type":"article","og_title":"Datas Importantes - XXIX SemeAd","og_description":"Cronograma Confira as principais datas do evento 15\/05\/26 \u2192 16\/07\/26 Per\u00edodo de submiss\u00f5es 15\/09\/26 Divulga\u00e7\u00e3o dos resultados das submiss\u00f5es 15\/09\/26 \u2192 30\/09\/26 Per\u00edodo de inscri\u00e7\u00f5es dos trabalhos aprovados 15\/09\/26 \u2192 30\/09\/26 Per\u00edodo de inscri\u00e7\u00f5es para colaboradores volunt\u00e1rios 15\/09\/26 \u2192 30\/10\/26 Per\u00edodo de inscri\u00e7\u00f5es congressistas 20\/10\/26 Divulga\u00e7\u00e3o da programa\u00e7\u00e3o geral 10\/11\/26 Visitas t\u00e9cnicas (presencial) 10\/11\/26 Atividades [&hellip;]","og_url":"https:\/\/semead.com.br\/29\/datas-importantes\/","og_site_name":"XXIX SemeAd","article_modified_time":"2026-03-13T16:50:51+00:00","twitter_card":"summary_large_image","twitter_misc":{"Est. tempo de leitura":"1 minuto"},"schema":{"@context":"https:\/\/schema.org","@graph":[{"@type":"WebPage","@id":"https:\/\/semead.com.br\/29\/datas-importantes\/","url":"https:\/\/semead.com.br\/29\/datas-importantes\/","name":"Datas Importantes - XXIX SemeAd","isPartOf":{"@id":"https:\/\/semead.com.br\/29\/#website"},"datePublished":"2013-05-13T13:02:53+00:00","dateModified":"2026-03-13T16:50:51+00:00","breadcrumb":{"@id":"https:\/\/semead.com.br\/29\/datas-importantes\/#breadcrumb"},"inLanguage":"pt-BR","potentialAction":[{"@type":"ReadAction","target":["https:\/\/semead.com.br\/29\/datas-importantes\/"]}]},{"@type":"BreadcrumbList","@id":"https:\/\/semead.com.br\/29\/datas-importantes\/#breadcrumb","itemListElement":[{"@type":"ListItem","position":1,"name":"In\u00edcio","item":"https:\/\/semead.com.br\/29\/"},{"@type":"ListItem","position":2,"name":"Datas Importantes"}]},{"@type":"WebSite","@id":"https:\/\/semead.com.br\/29\/#website","url":"https:\/\/semead.com.br\/29\/","name":"XXIX SemeAd","description":"Semin\u00e1rios em administra\u00e7\u00e3o","potentialAction":[{"@type":"SearchAction","target":{"@type":"EntryPoint","urlTemplate":"https:\/\/semead.com.br\/29\/?s={search_term_string}"},"query-input":{"@type":"PropertyValueSpecification","valueRequired":true,"valueName":"search_term_string"}}],"inLanguage":"pt-BR"}]}},"tpgb_featured_images":null,"tpgb_post_meta_info":{"get_date":"13 de maio de 2013","get_modified_date":"13 de mar\u00e7o de 2026","author_name":"fernando yada","author_url":"https:\/\/semead.com.br\/29\/author\/fernando-yada\/","author_email":"fernandoyada@gmail.com","author_website":"","author_description":"","author_facebook":"","author_twitter":"","author_instagram":"","author_role":[],"author_firstname":"","author_lastname":"","user_login":"fernando yada","author_avatar":"<img alt='' src='https:\/\/secure.gravatar.com\/avatar\/e12b4edc71c65a7866bb5109793beca18c7cebc936f8b62643a50a4c990e8426?s=200&#038;d=mm&#038;r=g' srcset='https:\/\/secure.gravatar.com\/avatar\/e12b4edc71c65a7866bb5109793beca18c7cebc936f8b62643a50a4c990e8426?s=400&#038;d=mm&#038;r=g 2x' class='avatar avatar-200 photo' height='200' width='200' decoding='async'\/>","author_avatar_url":"https:\/\/secure.gravatar.com\/avatar\/e12b4edc71c65a7866bb5109793beca18c7cebc936f8b62643a50a4c990e8426?s=96&d=mm&r=g","comment_count":0,"post_likes":0,"post_views":0},"tpgb_post_category":[],"jetpack_sharing_enabled":true,"_links":{"self":[{"href":"https:\/\/semead.com.br\/29\/wp-json\/wp\/v2\/pages\/10402","targetHints":{"allow":["GET"]}}],"collection":[{"href":"https:\/\/semead.com.br\/29\/wp-json\/wp\/v2\/pages"}],"about":[{"href":"https:\/\/semead.com.br\/29\/wp-json\/wp\/v2\/types\/page"}],"author":[{"embeddable":true,"href":"https:\/\/semead.com.br\/29\/wp-json\/wp\/v2\/users\/1"}],"replies":[{"embeddable":true,"href":"https:\/\/semead.com.br\/29\/wp-json\/wp\/v2\/comments?post=10402"}],"version-history":[{"count":3,"href":"https:\/\/semead.com.br\/29\/wp-json\/wp\/v2\/pages\/10402\/revisions"}],"predecessor-version":[{"id":35008,"href":"https:\/\/semead.com.br\/29\/wp-json\/wp\/v2\/pages\/10402\/revisions\/35008"}],"wp:attachment":[{"href":"https:\/\/semead.com.br\/29\/wp-json\/wp\/v2\/media?parent=10402"}],"curies":[{"name":"wp","href":"https:\/\/api.w.org\/{rel}","templated":true}]}}