{"id":11727,"date":"2015-06-01T19:04:28","date_gmt":"2015-06-01T22:04:28","guid":{"rendered":"https:\/\/semead.com.br\/?page_id=11727"},"modified":"2026-04-15T23:03:39","modified_gmt":"2026-04-16T02:03:39","slug":"sapiens-sessao-de-aprimoramento-de-estudos-cientificos","status":"publish","type":"page","link":"https:\/\/semead.com.br\/29\/trabalhos\/sapiens-sessao-de-aprimoramento-de-estudos-cientificos\/","title":{"rendered":"Sapiens \u2013 Sess\u00f5es de aprimoramento de artigos cient\u00edficos para publica\u00e7\u00e3o"},"content":{"rendered":"\r\n<p>O Sapiens \u00e9 uma sess\u00e3o voltada para aprimoramento de artigos cient\u00edficos que almejam uma publica\u00e7\u00e3o. O objetivo do Sapiens \u00e9 contribuir com a experi\u00eancia de pesquisadores seniors para um melhor encaminhamento e aperfei\u00e7oamento dos trabalhos submetidos, a fim de que estes sejam enviados para peri\u00f3dicos nacionais e\/ou internacionais de alto impacto.<\/p>\r\n\r\n\r\n\r\n<p>As sess\u00f5es acontecem com a participa\u00e7\u00e3o de dois autores e dois pesquisadores seniors onde cada pesquisador traz suas contribui\u00e7\u00f5es para o aprimoramento do artigo previamente submetido pelos autores. A partir disso, os autores tem a chance de debater pontos n\u00e3o elucidados com esses pesquisadores seniors.<\/p>\r\n\r\n\r\n\r\n<p>Regras para submiss\u00e3o e aceite:<\/p>\r\n\r\n\r\n\r\n<ul class=\"wp-block-list\">\r\n<li>A submiss\u00e3o de artigos ao Sapiens est\u00e1 aberta a todos os artigos cient\u00edficos submetidos ao SemeAd. No momento da submiss\u00e3o, o autor dever\u00e1 marcar a op\u00e7\u00e3o \u201cDesejo submeter o artigo ao Sapiens e estou ciente das respectivas normas\u201d.<\/li>\r\n\r\n\r\n\r\n<li>Cada autor poder\u00e1 submeter apenas <strong>um artigo<\/strong> ao Sapiens.<\/li>\r\n\r\n\r\n\r\n<li>O aceite do trabalho estar\u00e1 condicionado \u00e0 aprova\u00e7\u00e3o e indica\u00e7\u00e3o dupla via <em>blind review<\/em> dos avaliadores do artigo.<\/li>\r\n\r\n\r\n\r\n<li>Ser\u00e3o selecionados at\u00e9 dois trabalhos para cada tem\u00e1tica das \u00e1reas cient\u00edficas do SemeAd, priorizando-se artigos cujo primeiro autor seja estudante de p\u00f3s-gradua\u00e7\u00e3o em n\u00edvel de mestrado ou doutorado.<\/li>\r\n\r\n\r\n\r\n<li>O resultado de aceite ser\u00e1 divulgado na \u00e1rea de acesso restrito do portal SemeAd.<\/li>\r\n\r\n\r\n\r\n<li>Para inclus\u00e3o do trabalho na sess\u00e3o, <strong>pelo menos um dos autores dever\u00e1 estar inscrito no SemeAd e participar do Sapiens<\/strong>.<\/li>\r\n\r\n\r\n\r\n<li>As sess\u00f5es de debate ter\u00e3o dura\u00e7\u00e3o entre 30 e 45 minutos, e acontecem dentro da programa\u00e7\u00e3o das sess\u00f5es de apresenta\u00e7\u00e3o de artigos do SemeAd.<\/li>\r\n\r\n\r\n\r\n<li><strong>IMPORTANTE<\/strong>: Os autores dos artigos selecionados para a Sapiens, dever\u00e3o participar obrigatoriamente dos 2 momentos de apresenta\u00e7\u00e3o de seus trabalhos (se\u00e7\u00e3o sapiens e sess\u00e3o convencional de apresenta\u00e7\u00e3o), a participa\u00e7\u00e3o em um n\u00e3o dispensa a presen\u00e7a em outro.<\/li>\r\n<\/ul>\r\n\r\n\r\n\r\n<p>&nbsp;<\/p>\r\n","protected":false},"excerpt":{"rendered":"<p>O Sapiens \u00e9 uma sess\u00e3o voltada para aprimoramento de artigos cient\u00edficos que almejam uma publica\u00e7\u00e3o. O objetivo do Sapiens \u00e9 contribuir com a experi\u00eancia de pesquisadores seniors para um melhor encaminhamento e aperfei\u00e7oamento dos trabalhos submetidos, a fim de que estes sejam enviados para peri\u00f3dicos nacionais e\/ou internacionais de alto impacto. As sess\u00f5es acontecem com [&hellip;]<\/p>\n","protected":false},"author":1,"featured_media":0,"parent":22,"menu_order":0,"comment_status":"closed","ping_status":"open","template":"","meta":{"_acf_changed":false,"tpgb_global_settings":"","inline_featured_image":false,"_monsterinsights_skip_tracking":false,"_monsterinsights_sitenote_active":false,"_monsterinsights_sitenote_note":"","_monsterinsights_sitenote_category":0,"footnotes":""},"class_list":["post-11727","page","type-page","status-publish","hentry"],"acf":{"coordenadores":null,"audio_da_coordenacao":"","temas":null},"yoast_head":"<!-- This site is optimized with the Yoast SEO plugin v27.5 - https:\/\/yoast.com\/product\/yoast-seo-wordpress\/ -->\n<title>Sapiens \u2013 Sess\u00f5es de aprimoramento de artigos cient\u00edficos para publica\u00e7\u00e3o - XXIX SemeAd<\/title>\n<meta name=\"robots\" content=\"index, follow, max-snippet:-1, max-image-preview:large, max-video-preview:-1\" \/>\n<link rel=\"canonical\" href=\"https:\/\/semead.com.br\/29\/trabalhos\/sapiens-sessao-de-aprimoramento-de-estudos-cientificos\/\" \/>\n<meta property=\"og:locale\" content=\"pt_BR\" \/>\n<meta property=\"og:type\" content=\"article\" \/>\n<meta property=\"og:title\" content=\"Sapiens \u2013 Sess\u00f5es de aprimoramento de artigos cient\u00edficos para publica\u00e7\u00e3o - XXIX SemeAd\" \/>\n<meta property=\"og:description\" content=\"O Sapiens \u00e9 uma sess\u00e3o voltada para aprimoramento de artigos cient\u00edficos que almejam uma publica\u00e7\u00e3o. O objetivo do Sapiens \u00e9 contribuir com a experi\u00eancia de pesquisadores seniors para um melhor encaminhamento e aperfei\u00e7oamento dos trabalhos submetidos, a fim de que estes sejam enviados para peri\u00f3dicos nacionais e\/ou internacionais de alto impacto. As sess\u00f5es acontecem com [&hellip;]\" \/>\n<meta property=\"og:url\" content=\"https:\/\/semead.com.br\/29\/trabalhos\/sapiens-sessao-de-aprimoramento-de-estudos-cientificos\/\" \/>\n<meta property=\"og:site_name\" content=\"XXIX SemeAd\" \/>\n<meta property=\"article:modified_time\" content=\"2026-04-16T02:03:39+00:00\" \/>\n<meta name=\"twitter:card\" content=\"summary_large_image\" \/>\n<meta name=\"twitter:label1\" content=\"Est. tempo de leitura\" \/>\n\t<meta name=\"twitter:data1\" content=\"2 minutos\" \/>\n<script type=\"application\/ld+json\" class=\"yoast-schema-graph\">{\"@context\":\"https:\\\/\\\/schema.org\",\"@graph\":[{\"@type\":\"WebPage\",\"@id\":\"https:\\\/\\\/semead.com.br\\\/29\\\/trabalhos\\\/sapiens-sessao-de-aprimoramento-de-estudos-cientificos\\\/\",\"url\":\"https:\\\/\\\/semead.com.br\\\/29\\\/trabalhos\\\/sapiens-sessao-de-aprimoramento-de-estudos-cientificos\\\/\",\"name\":\"Sapiens \u2013 Sess\u00f5es de aprimoramento de artigos cient\u00edficos para publica\u00e7\u00e3o - XXIX SemeAd\",\"isPartOf\":{\"@id\":\"https:\\\/\\\/semead.com.br\\\/29\\\/#website\"},\"datePublished\":\"2015-06-01T22:04:28+00:00\",\"dateModified\":\"2026-04-16T02:03:39+00:00\",\"breadcrumb\":{\"@id\":\"https:\\\/\\\/semead.com.br\\\/29\\\/trabalhos\\\/sapiens-sessao-de-aprimoramento-de-estudos-cientificos\\\/#breadcrumb\"},\"inLanguage\":\"pt-BR\",\"potentialAction\":[{\"@type\":\"ReadAction\",\"target\":[\"https:\\\/\\\/semead.com.br\\\/29\\\/trabalhos\\\/sapiens-sessao-de-aprimoramento-de-estudos-cientificos\\\/\"]}]},{\"@type\":\"BreadcrumbList\",\"@id\":\"https:\\\/\\\/semead.com.br\\\/29\\\/trabalhos\\\/sapiens-sessao-de-aprimoramento-de-estudos-cientificos\\\/#breadcrumb\",\"itemListElement\":[{\"@type\":\"ListItem\",\"position\":1,\"name\":\"In\u00edcio\",\"item\":\"https:\\\/\\\/semead.com.br\\\/29\\\/\"},{\"@type\":\"ListItem\",\"position\":2,\"name\":\"Trabalhos\",\"item\":\"https:\\\/\\\/semead.com.br\\\/29\\\/trabalhos\\\/\"},{\"@type\":\"ListItem\",\"position\":3,\"name\":\"Sapiens \u2013 Sess\u00f5es de aprimoramento de artigos cient\u00edficos para publica\u00e7\u00e3o\"}]},{\"@type\":\"WebSite\",\"@id\":\"https:\\\/\\\/semead.com.br\\\/29\\\/#website\",\"url\":\"https:\\\/\\\/semead.com.br\\\/29\\\/\",\"name\":\"XXIX SemeAd\",\"description\":\"Semin\u00e1rios em administra\u00e7\u00e3o\",\"potentialAction\":[{\"@type\":\"SearchAction\",\"target\":{\"@type\":\"EntryPoint\",\"urlTemplate\":\"https:\\\/\\\/semead.com.br\\\/29\\\/?s={search_term_string}\"},\"query-input\":{\"@type\":\"PropertyValueSpecification\",\"valueRequired\":true,\"valueName\":\"search_term_string\"}}],\"inLanguage\":\"pt-BR\"}]}<\/script>\n<!-- \/ Yoast SEO plugin. -->","yoast_head_json":{"title":"Sapiens \u2013 Sess\u00f5es de aprimoramento de artigos cient\u00edficos para publica\u00e7\u00e3o - XXIX SemeAd","robots":{"index":"index","follow":"follow","max-snippet":"max-snippet:-1","max-image-preview":"max-image-preview:large","max-video-preview":"max-video-preview:-1"},"canonical":"https:\/\/semead.com.br\/29\/trabalhos\/sapiens-sessao-de-aprimoramento-de-estudos-cientificos\/","og_locale":"pt_BR","og_type":"article","og_title":"Sapiens \u2013 Sess\u00f5es de aprimoramento de artigos cient\u00edficos para publica\u00e7\u00e3o - XXIX SemeAd","og_description":"O Sapiens \u00e9 uma sess\u00e3o voltada para aprimoramento de artigos cient\u00edficos que almejam uma publica\u00e7\u00e3o. O objetivo do Sapiens \u00e9 contribuir com a experi\u00eancia de pesquisadores seniors para um melhor encaminhamento e aperfei\u00e7oamento dos trabalhos submetidos, a fim de que estes sejam enviados para peri\u00f3dicos nacionais e\/ou internacionais de alto impacto. As sess\u00f5es acontecem com [&hellip;]","og_url":"https:\/\/semead.com.br\/29\/trabalhos\/sapiens-sessao-de-aprimoramento-de-estudos-cientificos\/","og_site_name":"XXIX SemeAd","article_modified_time":"2026-04-16T02:03:39+00:00","twitter_card":"summary_large_image","twitter_misc":{"Est. tempo de leitura":"2 minutos"},"schema":{"@context":"https:\/\/schema.org","@graph":[{"@type":"WebPage","@id":"https:\/\/semead.com.br\/29\/trabalhos\/sapiens-sessao-de-aprimoramento-de-estudos-cientificos\/","url":"https:\/\/semead.com.br\/29\/trabalhos\/sapiens-sessao-de-aprimoramento-de-estudos-cientificos\/","name":"Sapiens \u2013 Sess\u00f5es de aprimoramento de artigos cient\u00edficos para publica\u00e7\u00e3o - XXIX SemeAd","isPartOf":{"@id":"https:\/\/semead.com.br\/29\/#website"},"datePublished":"2015-06-01T22:04:28+00:00","dateModified":"2026-04-16T02:03:39+00:00","breadcrumb":{"@id":"https:\/\/semead.com.br\/29\/trabalhos\/sapiens-sessao-de-aprimoramento-de-estudos-cientificos\/#breadcrumb"},"inLanguage":"pt-BR","potentialAction":[{"@type":"ReadAction","target":["https:\/\/semead.com.br\/29\/trabalhos\/sapiens-sessao-de-aprimoramento-de-estudos-cientificos\/"]}]},{"@type":"BreadcrumbList","@id":"https:\/\/semead.com.br\/29\/trabalhos\/sapiens-sessao-de-aprimoramento-de-estudos-cientificos\/#breadcrumb","itemListElement":[{"@type":"ListItem","position":1,"name":"In\u00edcio","item":"https:\/\/semead.com.br\/29\/"},{"@type":"ListItem","position":2,"name":"Trabalhos","item":"https:\/\/semead.com.br\/29\/trabalhos\/"},{"@type":"ListItem","position":3,"name":"Sapiens \u2013 Sess\u00f5es de aprimoramento de artigos cient\u00edficos para publica\u00e7\u00e3o"}]},{"@type":"WebSite","@id":"https:\/\/semead.com.br\/29\/#website","url":"https:\/\/semead.com.br\/29\/","name":"XXIX SemeAd","description":"Semin\u00e1rios em administra\u00e7\u00e3o","potentialAction":[{"@type":"SearchAction","target":{"@type":"EntryPoint","urlTemplate":"https:\/\/semead.com.br\/29\/?s={search_term_string}"},"query-input":{"@type":"PropertyValueSpecification","valueRequired":true,"valueName":"search_term_string"}}],"inLanguage":"pt-BR"}]}},"tpgb_featured_images":null,"tpgb_post_meta_info":{"get_date":"1 de junho de 2015","get_modified_date":"15 de abril de 2026","author_name":"fernando yada","author_url":"https:\/\/semead.com.br\/29\/author\/fernando-yada\/","author_email":"fernandoyada@gmail.com","author_website":"","author_description":"","author_facebook":"","author_twitter":"","author_instagram":"","author_role":[],"author_firstname":"","author_lastname":"","user_login":"fernando yada","author_avatar":"<img alt='' src='https:\/\/secure.gravatar.com\/avatar\/e12b4edc71c65a7866bb5109793beca18c7cebc936f8b62643a50a4c990e8426?s=200&#038;d=mm&#038;r=g' srcset='https:\/\/secure.gravatar.com\/avatar\/e12b4edc71c65a7866bb5109793beca18c7cebc936f8b62643a50a4c990e8426?s=400&#038;d=mm&#038;r=g 2x' class='avatar avatar-200 photo' height='200' width='200' decoding='async'\/>","author_avatar_url":"https:\/\/secure.gravatar.com\/avatar\/e12b4edc71c65a7866bb5109793beca18c7cebc936f8b62643a50a4c990e8426?s=96&d=mm&r=g","comment_count":0,"post_likes":0,"post_views":0},"tpgb_post_category":[],"jetpack_sharing_enabled":true,"_links":{"self":[{"href":"https:\/\/semead.com.br\/29\/wp-json\/wp\/v2\/pages\/11727","targetHints":{"allow":["GET"]}}],"collection":[{"href":"https:\/\/semead.com.br\/29\/wp-json\/wp\/v2\/pages"}],"about":[{"href":"https:\/\/semead.com.br\/29\/wp-json\/wp\/v2\/types\/page"}],"author":[{"embeddable":true,"href":"https:\/\/semead.com.br\/29\/wp-json\/wp\/v2\/users\/1"}],"replies":[{"embeddable":true,"href":"https:\/\/semead.com.br\/29\/wp-json\/wp\/v2\/comments?post=11727"}],"version-history":[{"count":3,"href":"https:\/\/semead.com.br\/29\/wp-json\/wp\/v2\/pages\/11727\/revisions"}],"predecessor-version":[{"id":35060,"href":"https:\/\/semead.com.br\/29\/wp-json\/wp\/v2\/pages\/11727\/revisions\/35060"}],"up":[{"embeddable":true,"href":"https:\/\/semead.com.br\/29\/wp-json\/wp\/v2\/pages\/22"}],"wp:attachment":[{"href":"https:\/\/semead.com.br\/29\/wp-json\/wp\/v2\/media?parent=11727"}],"curies":[{"name":"wp","href":"https:\/\/api.w.org\/{rel}","templated":true}]}}