{"id":12645,"date":"2016-05-16T19:21:57","date_gmt":"2016-05-16T22:21:57","guid":{"rendered":"https:\/\/semead.com.br\/29-novo\/?page_id=12645"},"modified":"2026-03-13T12:07:51","modified_gmt":"2026-03-13T15:07:51","slug":"turismo-e-hospitalidade","status":"publish","type":"page","link":"https:\/\/semead.com.br\/29\/areas\/cientificas\/turismo-e-hospitalidade\/","title":{"rendered":"Turismo e Hospitalidade"},"content":{"rendered":"<div class=\"semead-shortcode semead-shortcode--coordenacao\">\n\t\t\t\t\t\t\t<div class=\"semead-people\">\n\t\t\t\t\t\t\t\t\t\t\t<div class=\"semead-person\">\n\t\t\t\t\t\t\t<div class=\"semead-person__media\">\n\t\t\t\t\t\t\t\t<img data-recalc-dims=\"1\"\n\t\t\t\t\t\t\t\t\tclass=\"semead-person__image rounded-circle\"\n\t\t\t\t\t\t\t\t\tsrc=\"https:\/\/i0.wp.com\/semead.com.br\/29\/wp-content\/uploads\/sites\/21\/2026\/03\/Profa.-Dra.-Elizabeth-Kyoko-Wada.jpg?resize=150%2C150&#038;ssl=1\"\n\t\t\t\t\t\t\t\t\talt=\"Profa. Dra. Elizabeth Kyoko Wada\"\n\t\t\t\t\t\t\t\t\tloading=\"lazy\"\n\t\t\t\t\t\t\t\t\twidth=\"150\"\n\t\t\t\t\t\t\t\t\theight=\"150\"\n\t\t\t\t\t\t\t\t>\n\t\t\t\t\t\t\t<\/div>\n\t\t\t\t\t\t\t<div class=\"semead-person__content\">\n\t\t\t\t\t\t\t\t<h4 class=\"\">Coordenadora:<\/h4>\n\t\t\t\t\t\t\t\t<h3 class=\"semead-person__title\">Profa. Dra. Elizabeth Kyoko Wada<\/h3>\n\t\t\t\t\t\t\t\t\t\t\t\t\t\t\t\t\t<div class=\"semead-person__institution\">UAM<\/div>\n\t\t\t\t\t\t\t\t\t\t\t\t\t\t\t<\/div>\n\t\t\t\t\t\t<\/div>\n\t\t\t\t\t\t\t\t\t\t\t<div class=\"semead-person\">\n\t\t\t\t\t\t\t<div class=\"semead-person__media\">\n\t\t\t\t\t\t\t\t<img data-recalc-dims=\"1\"\n\t\t\t\t\t\t\t\t\tclass=\"semead-person__image rounded-circle\"\n\t\t\t\t\t\t\t\t\tsrc=\"https:\/\/i0.wp.com\/semead.com.br\/29\/wp-content\/uploads\/sites\/21\/2026\/03\/glauber.jpg?resize=150%2C150&#038;ssl=1\"\n\t\t\t\t\t\t\t\t\talt=\"Prof. Dr. Glauber Santos\"\n\t\t\t\t\t\t\t\t\tloading=\"lazy\"\n\t\t\t\t\t\t\t\t\twidth=\"150\"\n\t\t\t\t\t\t\t\t\theight=\"150\"\n\t\t\t\t\t\t\t\t>\n\t\t\t\t\t\t\t<\/div>\n\t\t\t\t\t\t\t<div class=\"semead-person__content\">\n\t\t\t\t\t\t\t\t<h4 class=\"\">Coordenador:<\/h4>\n\t\t\t\t\t\t\t\t<h3 class=\"semead-person__title\">Prof. Dr. Glauber Santos<\/h3>\n\t\t\t\t\t\t\t\t\t\t\t\t\t\t\t\t\t<div class=\"semead-person__institution\">USP<\/div>\n\t\t\t\t\t\t\t\t\t\t\t\t\t\t\t<\/div>\n\t\t\t\t\t\t<\/div>\n\t\t\t\t\t\t\t\t\t<\/div>\n\t\t\t\n\t\t\t\t\t<\/div>\n<div class=\"semead-shortcode semead-shortcode--temas\">\n\t\t\t\t\t\t\t<h4 class=\"semead-shortcode__heading\"><strong>Temas e L\u00edderes:<\/strong><\/h4>\n\t\t\t\n\t\t\t<div class=\"accordion\" id=\"semead-accordion-1\">\n\t\t\t\t\t\t\t\t\t<div class=\"accordion-item semead-topic\">\n\t\t\t\t\t\t<h2 class=\"accordion-header\" id=\"semead-accordion-1-heading-1\">\n\t\t\t\t\t\t\t<button\n\t\t\t\t\t\t\t\tclass=\"accordion-button collapsed\"\n\t\t\t\t\t\t\t\ttype=\"button\"\n\t\t\t\t\t\t\t\tdata-bs-toggle=\"collapse\"\n\t\t\t\t\t\t\t\tdata-bs-target=\"#semead-accordion-1-collapse-1\"\n\t\t\t\t\t\t\t\taria-expanded=\"false\"\n\t\t\t\t\t\t\t\taria-controls=\"semead-accordion-1-collapse-1\"\n\t\t\t\t\t\t\t>\n\t\t\t\t\t\t\t\t1. Dimens\u00f5es e Contextos do Turismo e da Hospitalidade\t\t\t\t\t\t\t<\/button>\n\t\t\t\t\t\t<\/h2>\n\t\t\t\t\t\t<div\n\t\t\t\t\t\t\tid=\"semead-accordion-1-collapse-1\"\n\t\t\t\t\t\t\tclass=\"accordion-collapse collapse\"\n\t\t\t\t\t\t\taria-labelledby=\"semead-accordion-1-heading-1\"\n\t\t\t\t\t\t\tdata-bs-parent=\"#semead-accordion-1\"\n\t\t\t\t\t\t>\n\t\t\t\t\t\t\t<div class=\"accordion-body\">\n\t\t\t\t\t\t\t\t\n\t\t\t\t\t\t\t\t\t\t\t\t\t\t\t\t\t<div class=\"semead-topic__description\"><p>Estudos em contextos tur\u00edsticos e n\u00e3o tur\u00edsticos, ou seja, no \u00e2mbito dos eventos, da fam\u00edlia, da gastronomia, da hotelaria, da imigra\u00e7\u00e3o, do lazer, da religi\u00e3o, do turismo, da urbanidade e do patrim\u00f4nio cultural. Este corpo de conhecimento se traduz em abordagens do acolhimento, da sociabilidade, da comensalidade, da educa\u00e7\u00e3o e da produ\u00e7\u00e3o cientifica, podendo integrar mais de uma destas ou novas abordagens. Nesta \u00f3tica, s\u00e3o abordados aspectos antropol\u00f3gicos, comunicacionais, culturais, hist\u00f3ricos, sociol\u00f3gicos e educacionais, ao lado de fatores estimulantes e limitantes dos processos e pr\u00e1ticas de Turismo e Hospitalidade em qualquer ambiente, seja urbano ou rural.<\/p>\n<\/div>\n\t\t\t\t\t\t\t\t\n\t\t\t\t\t\t\t\t\t\t\t\t\t\t\t<\/div>\n\t\t\t\t\t\t<\/div>\n\t\t\t\t\t<\/div>\n\t\t\t\t\t\t\t\t\t<div class=\"accordion-item semead-topic\">\n\t\t\t\t\t\t<h2 class=\"accordion-header\" id=\"semead-accordion-1-heading-2\">\n\t\t\t\t\t\t\t<button\n\t\t\t\t\t\t\t\tclass=\"accordion-button collapsed\"\n\t\t\t\t\t\t\t\ttype=\"button\"\n\t\t\t\t\t\t\t\tdata-bs-toggle=\"collapse\"\n\t\t\t\t\t\t\t\tdata-bs-target=\"#semead-accordion-1-collapse-2\"\n\t\t\t\t\t\t\t\taria-expanded=\"false\"\n\t\t\t\t\t\t\t\taria-controls=\"semead-accordion-1-collapse-2\"\n\t\t\t\t\t\t\t>\n\t\t\t\t\t\t\t\t2. Planejamento e Gest\u00e3o em Turismo\t\t\t\t\t\t\t<\/button>\n\t\t\t\t\t\t<\/h2>\n\t\t\t\t\t\t<div\n\t\t\t\t\t\t\tid=\"semead-accordion-1-collapse-2\"\n\t\t\t\t\t\t\tclass=\"accordion-collapse collapse\"\n\t\t\t\t\t\t\taria-labelledby=\"semead-accordion-1-heading-2\"\n\t\t\t\t\t\t\tdata-bs-parent=\"#semead-accordion-1\"\n\t\t\t\t\t\t>\n\t\t\t\t\t\t\t<div class=\"accordion-body\">\n\t\t\t\t\t\t\t\t\n\t\t\t\t\t\t\t\t\t\t\t\t\t\t\t\t\t<div class=\"semead-topic__description\"><p>Estudos sobre o Turismo, com impactos e transforma\u00e7\u00f5es nos locais e comunidades onde ocorra a atividade tur\u00edstica. Este corpo de conhecimento \u00e9 analisado a partir de aspectos culturais, ambientais, socioespaciais, econ\u00f4micos, \u00e0 luz de potencialidades e limita\u00e7\u00f5es para o aproveitamento tur\u00edstico.<\/p>\n<p>Ementa: Gest\u00e3o de destinos tur\u00edsticos. Gest\u00e3o de empresas tur\u00edsticas. Produtos tur\u00edsticos. Servi\u00e7os tur\u00edsticos. Organiza\u00e7\u00f5es tur\u00edsticas.<\/p>\n<\/div>\n\t\t\t\t\t\t\t\t\n\t\t\t\t\t\t\t\t\t\t\t\t\t\t\t<\/div>\n\t\t\t\t\t\t<\/div>\n\t\t\t\t\t<\/div>\n\t\t\t\t\t\t\t\t\t<div class=\"accordion-item semead-topic\">\n\t\t\t\t\t\t<h2 class=\"accordion-header\" id=\"semead-accordion-1-heading-3\">\n\t\t\t\t\t\t\t<button\n\t\t\t\t\t\t\t\tclass=\"accordion-button collapsed\"\n\t\t\t\t\t\t\t\ttype=\"button\"\n\t\t\t\t\t\t\t\tdata-bs-toggle=\"collapse\"\n\t\t\t\t\t\t\t\tdata-bs-target=\"#semead-accordion-1-collapse-3\"\n\t\t\t\t\t\t\t\taria-expanded=\"false\"\n\t\t\t\t\t\t\t\taria-controls=\"semead-accordion-1-collapse-3\"\n\t\t\t\t\t\t\t>\n\t\t\t\t\t\t\t\t3. Turismo e Hospitalidade na Competitividade em Servi\u00e7os\t\t\t\t\t\t\t<\/button>\n\t\t\t\t\t\t<\/h2>\n\t\t\t\t\t\t<div\n\t\t\t\t\t\t\tid=\"semead-accordion-1-collapse-3\"\n\t\t\t\t\t\t\tclass=\"accordion-collapse collapse\"\n\t\t\t\t\t\t\taria-labelledby=\"semead-accordion-1-heading-3\"\n\t\t\t\t\t\t\tdata-bs-parent=\"#semead-accordion-1\"\n\t\t\t\t\t\t>\n\t\t\t\t\t\t\t<div class=\"accordion-body\">\n\t\t\t\t\t\t\t\t\n\t\t\t\t\t\t\t\t\t\t\t\t\t\t\t\t\t<div class=\"semead-topic__description\"><p>Estudos na perspectiva da gest\u00e3o dos neg\u00f3cios em organiza\u00e7\u00f5es tur\u00edsticas e n\u00e3o tur\u00edsticas, notadamente naquelas focadas em servi\u00e7os em geral e nos setores de turismo, meios de hospedagem, de alimenta\u00e7\u00e3o, hospitalar e de eventos. Este corpo de conhecimento contribui para aperfei\u00e7oar e\/ou ampliar a intera\u00e7\u00e3o entre anfitri\u00e3o e cliente, fator estrat\u00e9gico e decisivo para as organiza\u00e7\u00f5es criarem vantagens competitivas. Nesta \u00f3tica s\u00e3o abordados aspectos mercadol\u00f3gicos, comunicacionais, de qualidade e de compet\u00eancias, ao lado de fatores estimulantes e limitantes dos processos e pr\u00e1ticas de Turismo e de Hospitalidade em servi\u00e7os e organiza\u00e7\u00f5es, sejam p\u00fablicos, privados e\/ou do terceiro setor.<\/p>\n<\/div>\n\t\t\t\t\t\t\t\t\n\t\t\t\t\t\t\t\t\t\t\t\t\t\t\t<\/div>\n\t\t\t\t\t\t<\/div>\n\t\t\t\t\t<\/div>\n\t\t\t\t\t\t\t<\/div>\n\t\t<\/div>\n","protected":false},"excerpt":{"rendered":"","protected":false},"author":1,"featured_media":0,"parent":9,"menu_order":0,"comment_status":"closed","ping_status":"closed","template":"","meta":{"_acf_changed":false,"tpgb_global_settings":"","inline_featured_image":false,"_monsterinsights_skip_tracking":false,"_monsterinsights_sitenote_active":false,"_monsterinsights_sitenote_note":"","_monsterinsights_sitenote_category":0,"footnotes":""},"class_list":["post-12645","page","type-page","status-publish","hentry"],"acf":{"coordenadores":[{"titulo":"Coordenadora:","nome":"Profa. Dra. Elizabeth Kyoko Wada","instituicao":"UAM","imagem":34930},{"titulo":"Coordenador:","nome":"Prof. Dr. Glauber Santos ","instituicao":"USP","imagem":34933}],"audio_da_coordenacao":20436,"temas":[{"tema_nome":"Dimens\u00f5es e Contextos do Turismo e da Hospitalidade ","tema_descricao":"Estudos em contextos tur\u00edsticos e n\u00e3o tur\u00edsticos, ou seja, no \u00e2mbito dos eventos, da fam\u00edlia, da gastronomia, da hotelaria, da imigra\u00e7\u00e3o, do lazer, da religi\u00e3o, do turismo, da urbanidade e do patrim\u00f4nio cultural. Este corpo de conhecimento se traduz em abordagens do acolhimento, da sociabilidade, da comensalidade, da educa\u00e7\u00e3o e da produ\u00e7\u00e3o cientifica, podendo integrar mais de uma destas ou novas abordagens. Nesta \u00f3tica, s\u00e3o abordados aspectos antropol\u00f3gicos, comunicacionais, culturais, hist\u00f3ricos, sociol\u00f3gicos e educacionais, ao lado de fatores estimulantes e limitantes dos processos e pr\u00e1ticas de Turismo e Hospitalidade em qualquer ambiente, seja urbano ou rural.","audio":"","lideres":null},{"tema_nome":"Planejamento e Gest\u00e3o em Turismo","tema_descricao":"Estudos sobre o Turismo, com impactos e transforma\u00e7\u00f5es nos locais e comunidades onde ocorra a atividade tur\u00edstica. Este corpo de conhecimento \u00e9 analisado a partir de aspectos culturais, ambientais, socioespaciais, econ\u00f4micos, \u00e0 luz de potencialidades e limita\u00e7\u00f5es para o aproveitamento tur\u00edstico.\r\n\r\nEmenta: Gest\u00e3o de destinos tur\u00edsticos. Gest\u00e3o de empresas tur\u00edsticas. Produtos tur\u00edsticos. Servi\u00e7os tur\u00edsticos. Organiza\u00e7\u00f5es tur\u00edsticas.\r\n","audio":"","lideres":null},{"tema_nome":"Turismo e Hospitalidade na Competitividade em Servi\u00e7os","tema_descricao":"Estudos na perspectiva da gest\u00e3o dos neg\u00f3cios em organiza\u00e7\u00f5es tur\u00edsticas e n\u00e3o tur\u00edsticas, notadamente naquelas focadas em servi\u00e7os em geral e nos setores de turismo, meios de hospedagem, de alimenta\u00e7\u00e3o, hospitalar e de eventos. Este corpo de conhecimento contribui para aperfei\u00e7oar e\/ou ampliar a intera\u00e7\u00e3o entre anfitri\u00e3o e cliente, fator estrat\u00e9gico e decisivo para as organiza\u00e7\u00f5es criarem vantagens competitivas. Nesta \u00f3tica s\u00e3o abordados aspectos mercadol\u00f3gicos, comunicacionais, de qualidade e de compet\u00eancias, ao lado de fatores estimulantes e limitantes dos processos e pr\u00e1ticas de Turismo e de Hospitalidade em servi\u00e7os e organiza\u00e7\u00f5es, sejam p\u00fablicos, privados e\/ou do terceiro setor.","audio":"","lideres":null}]},"yoast_head":"<!-- This site is optimized with the Yoast SEO plugin v27.5 - https:\/\/yoast.com\/product\/yoast-seo-wordpress\/ -->\n<title>Turismo e Hospitalidade - XXIX SemeAd<\/title>\n<meta name=\"robots\" content=\"index, follow, max-snippet:-1, max-image-preview:large, max-video-preview:-1\" \/>\n<link rel=\"canonical\" href=\"https:\/\/semead.com.br\/29\/areas\/cientificas\/turismo-e-hospitalidade\/\" \/>\n<meta property=\"og:locale\" content=\"pt_BR\" \/>\n<meta property=\"og:type\" content=\"article\" \/>\n<meta property=\"og:title\" content=\"Turismo e Hospitalidade - XXIX SemeAd\" \/>\n<meta property=\"og:url\" content=\"https:\/\/semead.com.br\/29\/areas\/cientificas\/turismo-e-hospitalidade\/\" \/>\n<meta property=\"og:site_name\" content=\"XXIX SemeAd\" \/>\n<meta property=\"article:modified_time\" content=\"2026-03-13T15:07:51+00:00\" \/>\n<meta name=\"twitter:card\" content=\"summary_large_image\" \/>\n<meta name=\"twitter:label1\" content=\"Est. tempo de leitura\" \/>\n\t<meta name=\"twitter:data1\" content=\"1 minuto\" \/>\n<script type=\"application\/ld+json\" class=\"yoast-schema-graph\">{\"@context\":\"https:\\\/\\\/schema.org\",\"@graph\":[{\"@type\":\"WebPage\",\"@id\":\"https:\\\/\\\/semead.com.br\\\/29\\\/areas\\\/cientificas\\\/turismo-e-hospitalidade\\\/\",\"url\":\"https:\\\/\\\/semead.com.br\\\/29\\\/areas\\\/cientificas\\\/turismo-e-hospitalidade\\\/\",\"name\":\"Turismo e Hospitalidade - XXIX SemeAd\",\"isPartOf\":{\"@id\":\"https:\\\/\\\/semead.com.br\\\/29\\\/#website\"},\"datePublished\":\"2016-05-16T22:21:57+00:00\",\"dateModified\":\"2026-03-13T15:07:51+00:00\",\"breadcrumb\":{\"@id\":\"https:\\\/\\\/semead.com.br\\\/29\\\/areas\\\/cientificas\\\/turismo-e-hospitalidade\\\/#breadcrumb\"},\"inLanguage\":\"pt-BR\",\"potentialAction\":[{\"@type\":\"ReadAction\",\"target\":[\"https:\\\/\\\/semead.com.br\\\/29\\\/areas\\\/cientificas\\\/turismo-e-hospitalidade\\\/\"]}]},{\"@type\":\"BreadcrumbList\",\"@id\":\"https:\\\/\\\/semead.com.br\\\/29\\\/areas\\\/cientificas\\\/turismo-e-hospitalidade\\\/#breadcrumb\",\"itemListElement\":[{\"@type\":\"ListItem\",\"position\":1,\"name\":\"In\u00edcio\",\"item\":\"https:\\\/\\\/semead.com.br\\\/29\\\/\"},{\"@type\":\"ListItem\",\"position\":2,\"name\":\"\u00c1reas\",\"item\":\"https:\\\/\\\/semead.com.br\\\/29\\\/areas\\\/\"},{\"@type\":\"ListItem\",\"position\":3,\"name\":\"\u00c1reas Cient\u00edficas\",\"item\":\"https:\\\/\\\/semead.com.br\\\/29\\\/areas\\\/cientificas\\\/\"},{\"@type\":\"ListItem\",\"position\":4,\"name\":\"Turismo e Hospitalidade\"}]},{\"@type\":\"WebSite\",\"@id\":\"https:\\\/\\\/semead.com.br\\\/29\\\/#website\",\"url\":\"https:\\\/\\\/semead.com.br\\\/29\\\/\",\"name\":\"XXIX SemeAd\",\"description\":\"Semin\u00e1rios em administra\u00e7\u00e3o\",\"potentialAction\":[{\"@type\":\"SearchAction\",\"target\":{\"@type\":\"EntryPoint\",\"urlTemplate\":\"https:\\\/\\\/semead.com.br\\\/29\\\/?s={search_term_string}\"},\"query-input\":{\"@type\":\"PropertyValueSpecification\",\"valueRequired\":true,\"valueName\":\"search_term_string\"}}],\"inLanguage\":\"pt-BR\"}]}<\/script>\n<!-- \/ Yoast SEO plugin. -->","yoast_head_json":{"title":"Turismo e Hospitalidade - XXIX SemeAd","robots":{"index":"index","follow":"follow","max-snippet":"max-snippet:-1","max-image-preview":"max-image-preview:large","max-video-preview":"max-video-preview:-1"},"canonical":"https:\/\/semead.com.br\/29\/areas\/cientificas\/turismo-e-hospitalidade\/","og_locale":"pt_BR","og_type":"article","og_title":"Turismo e Hospitalidade - XXIX SemeAd","og_url":"https:\/\/semead.com.br\/29\/areas\/cientificas\/turismo-e-hospitalidade\/","og_site_name":"XXIX SemeAd","article_modified_time":"2026-03-13T15:07:51+00:00","twitter_card":"summary_large_image","twitter_misc":{"Est. tempo de leitura":"1 minuto"},"schema":{"@context":"https:\/\/schema.org","@graph":[{"@type":"WebPage","@id":"https:\/\/semead.com.br\/29\/areas\/cientificas\/turismo-e-hospitalidade\/","url":"https:\/\/semead.com.br\/29\/areas\/cientificas\/turismo-e-hospitalidade\/","name":"Turismo e Hospitalidade - XXIX SemeAd","isPartOf":{"@id":"https:\/\/semead.com.br\/29\/#website"},"datePublished":"2016-05-16T22:21:57+00:00","dateModified":"2026-03-13T15:07:51+00:00","breadcrumb":{"@id":"https:\/\/semead.com.br\/29\/areas\/cientificas\/turismo-e-hospitalidade\/#breadcrumb"},"inLanguage":"pt-BR","potentialAction":[{"@type":"ReadAction","target":["https:\/\/semead.com.br\/29\/areas\/cientificas\/turismo-e-hospitalidade\/"]}]},{"@type":"BreadcrumbList","@id":"https:\/\/semead.com.br\/29\/areas\/cientificas\/turismo-e-hospitalidade\/#breadcrumb","itemListElement":[{"@type":"ListItem","position":1,"name":"In\u00edcio","item":"https:\/\/semead.com.br\/29\/"},{"@type":"ListItem","position":2,"name":"\u00c1reas","item":"https:\/\/semead.com.br\/29\/areas\/"},{"@type":"ListItem","position":3,"name":"\u00c1reas Cient\u00edficas","item":"https:\/\/semead.com.br\/29\/areas\/cientificas\/"},{"@type":"ListItem","position":4,"name":"Turismo e Hospitalidade"}]},{"@type":"WebSite","@id":"https:\/\/semead.com.br\/29\/#website","url":"https:\/\/semead.com.br\/29\/","name":"XXIX SemeAd","description":"Semin\u00e1rios em administra\u00e7\u00e3o","potentialAction":[{"@type":"SearchAction","target":{"@type":"EntryPoint","urlTemplate":"https:\/\/semead.com.br\/29\/?s={search_term_string}"},"query-input":{"@type":"PropertyValueSpecification","valueRequired":true,"valueName":"search_term_string"}}],"inLanguage":"pt-BR"}]}},"tpgb_featured_images":null,"tpgb_post_meta_info":{"get_date":"16 de maio de 2016","get_modified_date":"13 de mar\u00e7o de 2026","author_name":"fernando yada","author_url":"https:\/\/semead.com.br\/29\/author\/fernando-yada\/","author_email":"fernandoyada@gmail.com","author_website":"","author_description":"","author_facebook":"","author_twitter":"","author_instagram":"","author_role":[],"author_firstname":"","author_lastname":"","user_login":"fernando yada","author_avatar":"<img alt='' src='https:\/\/secure.gravatar.com\/avatar\/e12b4edc71c65a7866bb5109793beca18c7cebc936f8b62643a50a4c990e8426?s=200&#038;d=mm&#038;r=g' srcset='https:\/\/secure.gravatar.com\/avatar\/e12b4edc71c65a7866bb5109793beca18c7cebc936f8b62643a50a4c990e8426?s=400&#038;d=mm&#038;r=g 2x' class='avatar avatar-200 photo' height='200' width='200' decoding='async'\/>","author_avatar_url":"https:\/\/secure.gravatar.com\/avatar\/e12b4edc71c65a7866bb5109793beca18c7cebc936f8b62643a50a4c990e8426?s=96&d=mm&r=g","comment_count":0,"post_likes":0,"post_views":0},"tpgb_post_category":[],"jetpack_sharing_enabled":true,"_links":{"self":[{"href":"https:\/\/semead.com.br\/29\/wp-json\/wp\/v2\/pages\/12645","targetHints":{"allow":["GET"]}}],"collection":[{"href":"https:\/\/semead.com.br\/29\/wp-json\/wp\/v2\/pages"}],"about":[{"href":"https:\/\/semead.com.br\/29\/wp-json\/wp\/v2\/types\/page"}],"author":[{"embeddable":true,"href":"https:\/\/semead.com.br\/29\/wp-json\/wp\/v2\/users\/1"}],"replies":[{"embeddable":true,"href":"https:\/\/semead.com.br\/29\/wp-json\/wp\/v2\/comments?post=12645"}],"version-history":[{"count":3,"href":"https:\/\/semead.com.br\/29\/wp-json\/wp\/v2\/pages\/12645\/revisions"}],"predecessor-version":[{"id":34936,"href":"https:\/\/semead.com.br\/29\/wp-json\/wp\/v2\/pages\/12645\/revisions\/34936"}],"up":[{"embeddable":true,"href":"https:\/\/semead.com.br\/29\/wp-json\/wp\/v2\/pages\/9"}],"wp:attachment":[{"href":"https:\/\/semead.com.br\/29\/wp-json\/wp\/v2\/media?parent=12645"}],"curies":[{"name":"wp","href":"https:\/\/api.w.org\/{rel}","templated":true}]}}