{"id":18176,"date":"2021-05-24T15:45:29","date_gmt":"2021-05-24T18:45:29","guid":{"rendered":"https:\/\/semead.com.br\/29-novo\/?page_id=18176"},"modified":"2023-04-28T15:34:26","modified_gmt":"2023-04-28T18:34:26","slug":"sessoes-de-apresentacao-de-trabalhos","status":"publish","type":"page","link":"https:\/\/semead.com.br\/29\/sessoes-de-apresentacao-de-trabalhos\/","title":{"rendered":"Sess\u00f5es de Apresenta\u00e7\u00e3o de Trabalhos"},"content":{"rendered":"\t\t<div data-elementor-type=\"wp-page\" data-elementor-id=\"18176\" class=\"elementor elementor-18176\" data-elementor-post-type=\"page\">\n\t\t\t\t\t\t<section class=\"elementor-section elementor-top-section elementor-element elementor-element-2cb2542f elementor-section-boxed elementor-section-height-default elementor-section-height-default\" data-id=\"2cb2542f\" data-element_type=\"section\" data-e-type=\"section\">\n\t\t\t\t\t\t<div class=\"elementor-container elementor-column-gap-default\">\n\t\t\t\t\t<div class=\"elementor-column elementor-col-50 elementor-top-column elementor-element elementor-element-24aab3bf\" data-id=\"24aab3bf\" data-element_type=\"column\" data-e-type=\"column\">\n\t\t\t<div class=\"elementor-widget-wrap elementor-element-populated\">\n\t\t\t\t\t\t<div class=\"elementor-element elementor-element-27133061 elementor-widget elementor-widget-text-editor\" data-id=\"27133061\" data-element_type=\"widget\" data-e-type=\"widget\" data-widget_type=\"text-editor.default\">\n\t\t\t\t<div class=\"elementor-widget-container\">\n\t\t\t\t\t\t\t\t\t<p><\/p><p>\u00c9 uma das atividades centrais do evento, onde os participantes podem apresentar seus artigos aprovados em sess\u00f5es compartilhadas com trabalhos que sejam em algum n\u00edvel correlato aos seus. Estas sess\u00f5es s\u00e3o orientadas por um moderador (geralmente um Professor Doutor) e um debatedor (alunos de p\u00f3s-gradua\u00e7\u00e3o) que coordenam as discuss\u00f5es entre os participantes e as argumenta\u00e7\u00f5es sobre cada trabalho participante.<\/p><p><\/p>\t\t\t\t\t\t\t\t<\/div>\n\t\t\t\t<\/div>\n\t\t\t\t\t<\/div>\n\t\t<\/div>\n\t\t\t\t<div class=\"elementor-column elementor-col-50 elementor-top-column elementor-element elementor-element-ff18270\" data-id=\"ff18270\" data-element_type=\"column\" data-e-type=\"column\">\n\t\t\t<div class=\"elementor-widget-wrap elementor-element-populated\">\n\t\t\t\t\t\t<div class=\"elementor-element elementor-element-5f70075 elementor-widget elementor-widget-wp-widget-nav_menu\" data-id=\"5f70075\" data-element_type=\"widget\" data-e-type=\"widget\" data-widget_type=\"wp-widget-nav_menu.default\">\n\t\t\t\t<div class=\"elementor-widget-container\">\n\t\t\t\t\t<h5>Atividades SemeAD<\/h5><div class=\"menu-atividades-container\"><ul id=\"menu-atividades\" class=\"menu\"><li id=\"menu-item-32777\" class=\"menu-item menu-item-type-post_type menu-item-object-page menu-item-32777\"><a href=\"https:\/\/semead.com.br\/29\/meeting-with-the-editors-semead-2024\/\">Meeting with the Editors SEMEAD 2024<\/a><\/li>\n<li id=\"menu-item-17805\" class=\"menu-item menu-item-type-post_type menu-item-object-page menu-item-17805\"><a href=\"https:\/\/semead.com.br\/29\/consorcio-pre-doutoral\/\">Semin\u00e1rio Pr\u00e9 Doutoral<\/a><\/li>\n<li id=\"menu-item-17892\" class=\"menu-item menu-item-type-post_type menu-item-object-page menu-item-17892\"><a href=\"https:\/\/semead.com.br\/29\/business-speakers-3\/\">Business Speakers<\/a><\/li>\n<li id=\"menu-item-18178\" class=\"menu-item menu-item-type-post_type menu-item-object-page menu-item-18178\"><a href=\"https:\/\/semead.com.br\/29\/sessoes-de-apresentacao-de-trabalhos\/\">Sess\u00f5es de Apresenta\u00e7\u00e3o de Trabalhos<\/a><\/li>\n<li id=\"menu-item-20080\" class=\"menu-item menu-item-type-post_type menu-item-object-page menu-item-20080\"><a href=\"https:\/\/semead.com.br\/29\/fast-track\/fast-track-top-journals\/\">Fast-Track Top Journals<\/a><\/li>\n<li id=\"menu-item-20523\" class=\"menu-item menu-item-type-post_type menu-item-object-page menu-item-20523\"><a href=\"https:\/\/semead.com.br\/29\/fast-track-e-special-issues\/\">Special Issues &#038; Fast-Track<\/a><\/li>\n<li id=\"menu-item-22047\" class=\"menu-item menu-item-type-post_type menu-item-object-page menu-item-22047\"><a href=\"https:\/\/semead.com.br\/29\/comunicado\/\">Comunicado<\/a><\/li>\n<li id=\"menu-item-22446\" class=\"menu-item menu-item-type-post_type menu-item-object-page menu-item-22446\"><a href=\"https:\/\/semead.com.br\/29\/bolsa-semead-pq-jr\/\">Lan\u00e7amento: Bolsa SemeAd PQ Jr.<\/a><\/li>\n<li id=\"menu-item-22569\" class=\"menu-item menu-item-type-post_type menu-item-object-page menu-item-22569\"><a href=\"https:\/\/semead.com.br\/29\/voluntarios\/\">Volunt\u00e1rios<\/a><\/li>\n<li id=\"menu-item-22755\" class=\"menu-item menu-item-type-post_type menu-item-object-page menu-item-22755\"><a href=\"https:\/\/semead.com.br\/29\/divulgacao-promocao-livros\/\">Divulga\u00e7\u00e3o e Promo\u00e7\u00e3o de Livros<\/a><\/li>\n<li id=\"menu-item-22912\" class=\"menu-item menu-item-type-post_type menu-item-object-page menu-item-22912\"><a href=\"https:\/\/semead.com.br\/29\/evento\/voluntariado\/lideres-de-nucleo\/\">L\u00edderes de N\u00facleo<\/a><\/li>\n<li id=\"menu-item-23298\" class=\"menu-item menu-item-type-post_type menu-item-object-page menu-item-23298\"><a href=\"https:\/\/semead.com.br\/29\/encontro-editores\/\">Encontro com Editores<\/a><\/li>\n<li id=\"menu-item-23752\" class=\"menu-item menu-item-type-post_type menu-item-object-page menu-item-23752\"><a href=\"https:\/\/semead.com.br\/29\/resultados-bolsa-pq\/\">Resultados Bolsa SemeAd PQ Jr.<\/a><\/li>\n<li id=\"menu-item-23829\" class=\"menu-item menu-item-type-post_type menu-item-object-page menu-item-23829\"><a href=\"https:\/\/semead.com.br\/29\/certificados-disponiveis\/\">Certificados Dispon\u00edveis<\/a><\/li>\n<li id=\"menu-item-29799\" class=\"menu-item menu-item-type-post_type menu-item-object-page menu-item-29799\"><a href=\"https:\/\/semead.com.br\/29\/inscricoes\/\">Inscri\u00e7\u00f5es<\/a><\/li>\n<li id=\"menu-item-29885\" class=\"menu-item menu-item-type-post_type menu-item-object-page menu-item-29885\"><a href=\"https:\/\/semead.com.br\/29\/empenho\/\">Empenho<\/a><\/li>\n<li id=\"menu-item-28791\" class=\"menu-item menu-item-type-post_type menu-item-object-page menu-item-28791\"><a href=\"https:\/\/semead.com.br\/29\/consorcio-doutoral\/\">Cons\u00f3rcio Doutoral<\/a><\/li>\n<li id=\"menu-item-28851\" class=\"menu-item menu-item-type-post_type menu-item-object-page menu-item-28851\"><a href=\"https:\/\/semead.com.br\/29\/doctoral-consortium\/\">Doctoral Consortium<\/a><\/li>\n<li id=\"menu-item-26407\" class=\"menu-item menu-item-type-post_type menu-item-object-page current_page_parent menu-item-26407\"><a href=\"https:\/\/semead.com.br\/29\/blog\/\">Blog<\/a><\/li>\n<li id=\"menu-item-27431\" class=\"menu-item menu-item-type-post_type menu-item-object-page menu-item-home menu-item-27431\"><a href=\"https:\/\/semead.com.br\/29\/\">Home<\/a><\/li>\n<li id=\"menu-item-30014\" class=\"menu-item menu-item-type-post_type menu-item-object-page menu-item-30014\"><a href=\"https:\/\/semead.com.br\/29\/programacao\/workshops\/\">Programa\u00e7\u00e3o Workshops<\/a><\/li>\n<li id=\"menu-item-29643\" class=\"menu-item menu-item-type-post_type menu-item-object-page menu-item-29643\"><a href=\"https:\/\/semead.com.br\/29\/embaixadores-semead\/\">Embaixadores SemeAd<\/a><\/li>\n<li id=\"menu-item-29782\" class=\"menu-item menu-item-type-post_type menu-item-object-page menu-item-29782\"><a href=\"https:\/\/semead.com.br\/29\/equipe-de-organizacao\/\">Organizadores<\/a><\/li>\n<li id=\"menu-item-30122\" class=\"menu-item menu-item-type-post_type menu-item-object-page menu-item-30122\"><a href=\"https:\/\/semead.com.br\/29\/programacao-sintetica\/\">Programa\u00e7\u00e3o Sint\u00e9tica<\/a><\/li>\n<li id=\"menu-item-30339\" class=\"menu-item menu-item-type-post_type menu-item-object-page menu-item-30339\"><a href=\"https:\/\/semead.com.br\/29\/programacao-business-speaker\/\">Programa\u00e7\u00e3o Business Speaker<\/a><\/li>\n<li id=\"menu-item-30483\" class=\"menu-item menu-item-type-post_type menu-item-object-page menu-item-30483\"><a href=\"https:\/\/semead.com.br\/29\/business-speakers-confirmados\/\">Business Speakers Confirmados<\/a><\/li>\n<li id=\"menu-item-32842\" class=\"menu-item menu-item-type-post_type menu-item-object-page menu-item-32842\"><a href=\"https:\/\/semead.com.br\/29\/assessores-de-area\/\">Assessores de \u00c1rea<\/a><\/li>\n<li id=\"menu-item-32892\" class=\"menu-item menu-item-type-post_type menu-item-object-page menu-item-32892\"><a href=\"https:\/\/semead.com.br\/29\/disciplina-concentrada-ppga-semead\/\">Disciplina Concentrada PPGA\/SEMEAD<\/a><\/li>\n<li id=\"menu-item-33185\" class=\"menu-item menu-item-type-post_type menu-item-object-page menu-item-33185\"><a href=\"https:\/\/semead.com.br\/29\/regras-para-submissao-ao-consorcio\/\">Regras para Submiss\u00e3o ao Cons\u00f3rcio<\/a><\/li>\n<li id=\"menu-item-33287\" class=\"menu-item menu-item-type-post_type menu-item-object-page menu-item-33287\"><a href=\"https:\/\/semead.com.br\/29\/consorcio-pre-doutoral-2\/\">Cons\u00f3rcio Pr\u00e9-Doutoral\/Mestral<\/a><\/li>\n<li id=\"menu-item-32973\" class=\"menu-item menu-item-type-post_type menu-item-object-page menu-item-32973\"><a href=\"https:\/\/semead.com.br\/29\/trabalhos-e-revisor-indicados-a-premio\/\">Trabalhos e revisor indicados a pr\u00eamio<\/a><\/li>\n<li id=\"menu-item-30645\" class=\"menu-item menu-item-type-post_type menu-item-object-page menu-item-30645\"><a href=\"https:\/\/semead.com.br\/29\/fundo-de-tela\/\">Fundo de tela<\/a><\/li>\n<li id=\"menu-item-30654\" class=\"menu-item menu-item-type-post_type menu-item-object-page menu-item-30654\"><a href=\"https:\/\/semead.com.br\/29\/visitas\/\">Visitas<\/a><\/li>\n<li id=\"menu-item-30692\" class=\"menu-item menu-item-type-post_type menu-item-object-page menu-item-30692\"><a href=\"https:\/\/semead.com.br\/29\/resultado-fast-track\/\">Resultado Fast-track<\/a><\/li>\n<li id=\"menu-item-31486\" class=\"menu-item menu-item-type-post_type menu-item-object-page menu-item-31486\"><a href=\"https:\/\/semead.com.br\/29\/areas\/cientificas\/gestao-de-pessoas\/\">Gest\u00e3o de Pessoas<\/a><\/li>\n<li id=\"menu-item-31535\" class=\"menu-item menu-item-type-post_type menu-item-object-page menu-item-31535\"><a href=\"https:\/\/semead.com.br\/29\/areas\/cientificas\/empreendedorismo\/\">Empreendedorismo<\/a><\/li>\n<li id=\"menu-item-32787\" class=\"menu-item menu-item-type-post_type menu-item-object-page menu-item-32787\"><a href=\"https:\/\/semead.com.br\/29\/meeting-with-the-editors-semead-2024\/\">Meeting with the Editors SEMEAD 2024<\/a><\/li>\n<\/ul><\/div>\t\t\t\t<\/div>\n\t\t\t\t<\/div>\n\t\t\t\t\t<\/div>\n\t\t<\/div>\n\t\t\t\t\t<\/div>\n\t\t<\/section>\n\t\t\t\t<\/div>\n\t\t","protected":false},"excerpt":{"rendered":"<p>\u00c9 uma das atividades centrais do evento, onde os participantes podem apresentar seus artigos aprovados em sess\u00f5es compartilhadas com trabalhos que sejam em algum n\u00edvel correlato aos seus. Estas sess\u00f5es s\u00e3o orientadas por um moderador (geralmente um Professor Doutor) e um debatedor (alunos de p\u00f3s-gradua\u00e7\u00e3o) que coordenam as discuss\u00f5es entre os participantes e as argumenta\u00e7\u00f5es [&hellip;]<\/p>\n","protected":false},"author":4,"featured_media":0,"parent":0,"menu_order":0,"comment_status":"closed","ping_status":"closed","template":"","meta":{"_acf_changed":false,"tpgb_global_settings":"","inline_featured_image":false,"_monsterinsights_skip_tracking":false,"_monsterinsights_sitenote_active":false,"_monsterinsights_sitenote_note":"","_monsterinsights_sitenote_category":0,"footnotes":""},"class_list":["post-18176","page","type-page","status-publish","hentry"],"acf":{"coordenadores":null,"audio_da_coordenacao":null,"temas":null},"yoast_head":"<!-- This site is optimized with the Yoast SEO plugin v27.5 - https:\/\/yoast.com\/product\/yoast-seo-wordpress\/ -->\n<title>Sess\u00f5es de Apresenta\u00e7\u00e3o de Trabalhos - XXIX SemeAd<\/title>\n<meta name=\"robots\" content=\"index, follow, max-snippet:-1, max-image-preview:large, max-video-preview:-1\" \/>\n<link rel=\"canonical\" href=\"https:\/\/semead.com.br\/29\/sessoes-de-apresentacao-de-trabalhos\/\" \/>\n<meta property=\"og:locale\" content=\"pt_BR\" \/>\n<meta property=\"og:type\" content=\"article\" \/>\n<meta property=\"og:title\" content=\"Sess\u00f5es de Apresenta\u00e7\u00e3o de Trabalhos - XXIX SemeAd\" \/>\n<meta property=\"og:description\" content=\"\u00c9 uma das atividades centrais do evento, onde os participantes podem apresentar seus artigos aprovados em sess\u00f5es compartilhadas com trabalhos que sejam em algum n\u00edvel correlato aos seus. Estas sess\u00f5es s\u00e3o orientadas por um moderador (geralmente um Professor Doutor) e um debatedor (alunos de p\u00f3s-gradua\u00e7\u00e3o) que coordenam as discuss\u00f5es entre os participantes e as argumenta\u00e7\u00f5es [&hellip;]\" \/>\n<meta property=\"og:url\" content=\"https:\/\/semead.com.br\/29\/sessoes-de-apresentacao-de-trabalhos\/\" \/>\n<meta property=\"og:site_name\" content=\"XXIX SemeAd\" \/>\n<meta property=\"article:modified_time\" content=\"2023-04-28T18:34:26+00:00\" \/>\n<meta name=\"twitter:card\" content=\"summary_large_image\" \/>\n<meta name=\"twitter:label1\" content=\"Est. tempo de leitura\" \/>\n\t<meta name=\"twitter:data1\" content=\"1 minuto\" \/>\n<script type=\"application\/ld+json\" class=\"yoast-schema-graph\">{\"@context\":\"https:\\\/\\\/schema.org\",\"@graph\":[{\"@type\":\"WebPage\",\"@id\":\"https:\\\/\\\/semead.com.br\\\/29\\\/sessoes-de-apresentacao-de-trabalhos\\\/\",\"url\":\"https:\\\/\\\/semead.com.br\\\/29\\\/sessoes-de-apresentacao-de-trabalhos\\\/\",\"name\":\"Sess\u00f5es de Apresenta\u00e7\u00e3o de Trabalhos - XXIX SemeAd\",\"isPartOf\":{\"@id\":\"https:\\\/\\\/semead.com.br\\\/29\\\/#website\"},\"datePublished\":\"2021-05-24T18:45:29+00:00\",\"dateModified\":\"2023-04-28T18:34:26+00:00\",\"breadcrumb\":{\"@id\":\"https:\\\/\\\/semead.com.br\\\/29\\\/sessoes-de-apresentacao-de-trabalhos\\\/#breadcrumb\"},\"inLanguage\":\"pt-BR\",\"potentialAction\":[{\"@type\":\"ReadAction\",\"target\":[\"https:\\\/\\\/semead.com.br\\\/29\\\/sessoes-de-apresentacao-de-trabalhos\\\/\"]}]},{\"@type\":\"BreadcrumbList\",\"@id\":\"https:\\\/\\\/semead.com.br\\\/29\\\/sessoes-de-apresentacao-de-trabalhos\\\/#breadcrumb\",\"itemListElement\":[{\"@type\":\"ListItem\",\"position\":1,\"name\":\"In\u00edcio\",\"item\":\"https:\\\/\\\/semead.com.br\\\/29\\\/\"},{\"@type\":\"ListItem\",\"position\":2,\"name\":\"Sess\u00f5es de Apresenta\u00e7\u00e3o de Trabalhos\"}]},{\"@type\":\"WebSite\",\"@id\":\"https:\\\/\\\/semead.com.br\\\/29\\\/#website\",\"url\":\"https:\\\/\\\/semead.com.br\\\/29\\\/\",\"name\":\"XXIX SemeAd\",\"description\":\"Semin\u00e1rios em administra\u00e7\u00e3o\",\"potentialAction\":[{\"@type\":\"SearchAction\",\"target\":{\"@type\":\"EntryPoint\",\"urlTemplate\":\"https:\\\/\\\/semead.com.br\\\/29\\\/?s={search_term_string}\"},\"query-input\":{\"@type\":\"PropertyValueSpecification\",\"valueRequired\":true,\"valueName\":\"search_term_string\"}}],\"inLanguage\":\"pt-BR\"}]}<\/script>\n<!-- \/ Yoast SEO plugin. -->","yoast_head_json":{"title":"Sess\u00f5es de Apresenta\u00e7\u00e3o de Trabalhos - XXIX SemeAd","robots":{"index":"index","follow":"follow","max-snippet":"max-snippet:-1","max-image-preview":"max-image-preview:large","max-video-preview":"max-video-preview:-1"},"canonical":"https:\/\/semead.com.br\/29\/sessoes-de-apresentacao-de-trabalhos\/","og_locale":"pt_BR","og_type":"article","og_title":"Sess\u00f5es de Apresenta\u00e7\u00e3o de Trabalhos - XXIX SemeAd","og_description":"\u00c9 uma das atividades centrais do evento, onde os participantes podem apresentar seus artigos aprovados em sess\u00f5es compartilhadas com trabalhos que sejam em algum n\u00edvel correlato aos seus. Estas sess\u00f5es s\u00e3o orientadas por um moderador (geralmente um Professor Doutor) e um debatedor (alunos de p\u00f3s-gradua\u00e7\u00e3o) que coordenam as discuss\u00f5es entre os participantes e as argumenta\u00e7\u00f5es [&hellip;]","og_url":"https:\/\/semead.com.br\/29\/sessoes-de-apresentacao-de-trabalhos\/","og_site_name":"XXIX SemeAd","article_modified_time":"2023-04-28T18:34:26+00:00","twitter_card":"summary_large_image","twitter_misc":{"Est. tempo de leitura":"1 minuto"},"schema":{"@context":"https:\/\/schema.org","@graph":[{"@type":"WebPage","@id":"https:\/\/semead.com.br\/29\/sessoes-de-apresentacao-de-trabalhos\/","url":"https:\/\/semead.com.br\/29\/sessoes-de-apresentacao-de-trabalhos\/","name":"Sess\u00f5es de Apresenta\u00e7\u00e3o de Trabalhos - XXIX SemeAd","isPartOf":{"@id":"https:\/\/semead.com.br\/29\/#website"},"datePublished":"2021-05-24T18:45:29+00:00","dateModified":"2023-04-28T18:34:26+00:00","breadcrumb":{"@id":"https:\/\/semead.com.br\/29\/sessoes-de-apresentacao-de-trabalhos\/#breadcrumb"},"inLanguage":"pt-BR","potentialAction":[{"@type":"ReadAction","target":["https:\/\/semead.com.br\/29\/sessoes-de-apresentacao-de-trabalhos\/"]}]},{"@type":"BreadcrumbList","@id":"https:\/\/semead.com.br\/29\/sessoes-de-apresentacao-de-trabalhos\/#breadcrumb","itemListElement":[{"@type":"ListItem","position":1,"name":"In\u00edcio","item":"https:\/\/semead.com.br\/29\/"},{"@type":"ListItem","position":2,"name":"Sess\u00f5es de Apresenta\u00e7\u00e3o de Trabalhos"}]},{"@type":"WebSite","@id":"https:\/\/semead.com.br\/29\/#website","url":"https:\/\/semead.com.br\/29\/","name":"XXIX SemeAd","description":"Semin\u00e1rios em administra\u00e7\u00e3o","potentialAction":[{"@type":"SearchAction","target":{"@type":"EntryPoint","urlTemplate":"https:\/\/semead.com.br\/29\/?s={search_term_string}"},"query-input":{"@type":"PropertyValueSpecification","valueRequired":true,"valueName":"search_term_string"}}],"inLanguage":"pt-BR"}]}},"tpgb_featured_images":null,"tpgb_post_meta_info":{"get_date":"24 de maio de 2021","get_modified_date":"28 de abril de 2023","author_name":"semeadfernandoyada77","author_url":"https:\/\/semead.com.br\/29\/author\/semeadfernandoyada77\/","author_email":"fernandoyada+semead@gmail.com","author_website":"","author_description":"","author_facebook":"","author_twitter":"","author_instagram":"","author_role":["administrator"],"author_firstname":"","author_lastname":"","user_login":"semeadfernandoyada77","author_avatar":"<img alt='' src='https:\/\/secure.gravatar.com\/avatar\/5cf727b92add7940479f95be27b8a9f4752bdd62514030afb7ce6d274c363cee?s=200&#038;d=mm&#038;r=g' srcset='https:\/\/secure.gravatar.com\/avatar\/5cf727b92add7940479f95be27b8a9f4752bdd62514030afb7ce6d274c363cee?s=400&#038;d=mm&#038;r=g 2x' class='avatar avatar-200 photo' height='200' width='200' decoding='async'\/>","author_avatar_url":"https:\/\/secure.gravatar.com\/avatar\/5cf727b92add7940479f95be27b8a9f4752bdd62514030afb7ce6d274c363cee?s=96&d=mm&r=g","comment_count":0,"post_likes":0,"post_views":0},"tpgb_post_category":[],"jetpack_sharing_enabled":true,"_links":{"self":[{"href":"https:\/\/semead.com.br\/29\/wp-json\/wp\/v2\/pages\/18176","targetHints":{"allow":["GET"]}}],"collection":[{"href":"https:\/\/semead.com.br\/29\/wp-json\/wp\/v2\/pages"}],"about":[{"href":"https:\/\/semead.com.br\/29\/wp-json\/wp\/v2\/types\/page"}],"author":[{"embeddable":true,"href":"https:\/\/semead.com.br\/29\/wp-json\/wp\/v2\/users\/4"}],"replies":[{"embeddable":true,"href":"https:\/\/semead.com.br\/29\/wp-json\/wp\/v2\/comments?post=18176"}],"version-history":[{"count":0,"href":"https:\/\/semead.com.br\/29\/wp-json\/wp\/v2\/pages\/18176\/revisions"}],"wp:attachment":[{"href":"https:\/\/semead.com.br\/29\/wp-json\/wp\/v2\/media?parent=18176"}],"curies":[{"name":"wp","href":"https:\/\/api.w.org\/{rel}","templated":true}]}}