{"id":20079,"date":"2021-06-18T09:55:19","date_gmt":"2021-06-18T12:55:19","guid":{"rendered":"https:\/\/semead.com.br\/29-novo\/?page_id=20079"},"modified":"2026-04-25T16:09:03","modified_gmt":"2026-04-25T19:09:03","slug":"fast-track-top-journals","status":"publish","type":"page","link":"https:\/\/semead.com.br\/29\/fast-track\/fast-track-top-journals\/","title":{"rendered":"Fast-Track Top Journals"},"content":{"rendered":"\t\t<div data-elementor-type=\"wp-page\" data-elementor-id=\"20079\" class=\"elementor elementor-20079\" data-elementor-post-type=\"page\">\n\t\t\t\t\t\t<section class=\"elementor-section elementor-top-section elementor-element elementor-element-4ebdf58 elementor-section-boxed elementor-section-height-default elementor-section-height-default\" data-id=\"4ebdf58\" data-element_type=\"section\" data-e-type=\"section\">\n\t\t\t\t\t\t<div class=\"elementor-container elementor-column-gap-default\">\n\t\t\t\t\t<div class=\"elementor-column elementor-col-100 elementor-top-column elementor-element elementor-element-ff7eaf5\" data-id=\"ff7eaf5\" data-element_type=\"column\" data-e-type=\"column\">\n\t\t\t<div class=\"elementor-widget-wrap elementor-element-populated\">\n\t\t\t\t\t\t<div class=\"elementor-element elementor-element-1440d34 elementor-widget elementor-widget-toggle\" data-id=\"1440d34\" data-element_type=\"widget\" data-e-type=\"widget\" data-widget_type=\"toggle.default\">\n\t\t\t\t<div class=\"elementor-widget-container\">\n\t\t\t\t\t\t\t<div class=\"elementor-toggle\">\n\t\t\t\t\t\t\t<div class=\"elementor-toggle-item\">\n\t\t\t\t\t<div id=\"elementor-tab-title-2121\" class=\"elementor-tab-title\" data-tab=\"1\" role=\"button\" aria-controls=\"elementor-tab-content-2121\" aria-expanded=\"false\">\n\t\t\t\t\t\t\t\t\t\t\t\t<span class=\"elementor-toggle-icon elementor-toggle-icon-left\" aria-hidden=\"true\">\n\t\t\t\t\t\t\t\t\t\t\t\t\t\t\t<span class=\"elementor-toggle-icon-closed\"><i class=\"fas fa-caret-right\"><\/i><\/span>\n\t\t\t\t\t\t\t\t<span class=\"elementor-toggle-icon-opened\"><i class=\"elementor-toggle-icon-opened fas fa-caret-up\"><\/i><\/span>\n\t\t\t\t\t\t\t\t\t\t\t\t\t<\/span>\n\t\t\t\t\t\t\t\t\t\t\t\t<a class=\"elementor-toggle-title\" tabindex=\"0\">California Management Review<\/a>\n\t\t\t\t\t<\/div>\n\n\t\t\t\t\t<div id=\"elementor-tab-content-2121\" class=\"elementor-tab-content elementor-clearfix\" data-tab=\"1\" role=\"region\" aria-labelledby=\"elementor-tab-title-2121\"><div class=\"translate-tooltip-mtz translator-hidden\"><div class=\"header\"><div class=\"header-controls\"><span style=\"color: #646464;\">Editor-in-Chief: David Vogel &#8211; (JCR: 8.836)<\/span><\/div><\/div><\/div><p>California Management Review defines management broadly, with a particular focus on corporate strategy and innovation, the management of technology, and the social impact of business.<\/p><p>Our extensive catalog of reprints is used in university courses, executive programs, and management seminars around the world. All of our content is available across a variety of media and platforms, and is distributed in partnership with Harvard Business School Publishing, SAGE Business Publishing, Study.net, and EBSCO. During the past year, CMR&#8217;s content has been accessed more than half a million times by EBSCO platform users. There were 179,000 downloads on the SAGE Journals platform, and 109,000 copies of CMR&#8217;s content were distributed by Harvard Business School Publishing. Based on our five-year impact factor of 6.551, CMR is one of the most frequently cited management publications. We invite you to explore the ways in which the California Management Review can help you meet your academic and professional goals.<\/p><p>Website: <a href=\"https:\/\/cmr.berkeley.edu\/\">https:\/\/cmr.berkeley.edu\/<\/a><\/p><p>I<strong>mportant<\/strong>:<\/p><p>Before submitt your article and indicate it to California Management Review in the Fast-Track process of the SemeAd, please, ensure the article is appropriate to the scope and patterns of the California Management Review.<\/p><\/div>\n\t\t\t\t<\/div>\n\t\t\t\t\t\t\t<div class=\"elementor-toggle-item\">\n\t\t\t\t\t<div id=\"elementor-tab-title-2122\" class=\"elementor-tab-title\" data-tab=\"2\" role=\"button\" aria-controls=\"elementor-tab-content-2122\" aria-expanded=\"false\">\n\t\t\t\t\t\t\t\t\t\t\t\t<span class=\"elementor-toggle-icon elementor-toggle-icon-left\" aria-hidden=\"true\">\n\t\t\t\t\t\t\t\t\t\t\t\t\t\t\t<span class=\"elementor-toggle-icon-closed\"><i class=\"fas fa-caret-right\"><\/i><\/span>\n\t\t\t\t\t\t\t\t<span class=\"elementor-toggle-icon-opened\"><i class=\"elementor-toggle-icon-opened fas fa-caret-up\"><\/i><\/span>\n\t\t\t\t\t\t\t\t\t\t\t\t\t<\/span>\n\t\t\t\t\t\t\t\t\t\t\t\t<a class=\"elementor-toggle-title\" tabindex=\"0\">Long Range Planning<\/a>\n\t\t\t\t\t<\/div>\n\n\t\t\t\t\t<div id=\"elementor-tab-content-2122\" class=\"elementor-tab-content elementor-clearfix\" data-tab=\"2\" role=\"region\" aria-labelledby=\"elementor-tab-title-2122\"><div class=\"translate-tooltip-mtz translator-hidden\"><div class=\"header\"><div class=\"header-controls\"><span style=\"color: #646464;\">Editor-in-Chief: Tomi Laamanen &#8211; (JCR: 8.802)<\/span><\/div><\/div><\/div><p>Long Range Planning (LRP) is a leading international journal for the field of strategic management. The journal has forged a strong reputation for publishing original research since 1968. We encourage submissions of articles that involve empirical research and theoretical articles, including studies that review and assess the current state of knowledge in important areas of strategy.<\/p><p>The majority of users of LRP come from the academic world, and the journal serves two functions in that world: the transmission of research findings among academic researchers, and the transmission of ideas that are useful in the classroom. Articles may be written for practicing managers and students in professional programs, or they may be directed primarily to academic researchers. LRP takes an inclusive approach to empirical research, publishing studies based on primary survey data, archival data, case study and other recognized approaches to data collection.<\/p><p>LRP welcomes work from scholars based in all parts of the world, including emerging and transitional economies. All work must meet a high standard and is assessed for originality and quality through a rigorous peer review process. The areas of work published by LRP include, among others: corporate strategy and governance, business strategy and new business models, international dimensions of strategy, strategies for emerging markets, entrepreneurship, innovation, organizational structure and design, corporate social responsibility, management of technology, methods for strategy research, and business processes. In addition to publication of high quality individual articles, LRP also publishes topically-themed special issues.<\/p><p>Website: <a href=\"https:\/\/www.journals.elsevier.com\/long-range-planning\">https:\/\/www.journals.elsevier.com\/long-range-planning<\/a><\/p><p><strong>Important<\/strong>:<\/p><p>Before submit your article and indicate it to Long Range Planning in the Fast-Track process of the SemeAd, please, ensure the article is appropriate to the scope and patterns of the Long Range Planning.<\/p><\/div>\n\t\t\t\t<\/div>\n\t\t\t\t\t\t\t<div class=\"elementor-toggle-item\">\n\t\t\t\t\t<div id=\"elementor-tab-title-2123\" class=\"elementor-tab-title\" data-tab=\"3\" role=\"button\" aria-controls=\"elementor-tab-content-2123\" aria-expanded=\"false\">\n\t\t\t\t\t\t\t\t\t\t\t\t<span class=\"elementor-toggle-icon elementor-toggle-icon-left\" aria-hidden=\"true\">\n\t\t\t\t\t\t\t\t\t\t\t\t\t\t\t<span class=\"elementor-toggle-icon-closed\"><i class=\"fas fa-caret-right\"><\/i><\/span>\n\t\t\t\t\t\t\t\t<span class=\"elementor-toggle-icon-opened\"><i class=\"elementor-toggle-icon-opened fas fa-caret-up\"><\/i><\/span>\n\t\t\t\t\t\t\t\t\t\t\t\t\t<\/span>\n\t\t\t\t\t\t\t\t\t\t\t\t<a class=\"elementor-toggle-title\" tabindex=\"0\">Small Business Economics<\/a>\n\t\t\t\t\t<\/div>\n\n\t\t\t\t\t<div id=\"elementor-tab-content-2123\" class=\"elementor-tab-content elementor-clearfix\" data-tab=\"3\" role=\"region\" aria-labelledby=\"elementor-tab-title-2123\"><div class=\"translate-tooltip-mtz translator-hidden\"><div class=\"header\"><div class=\"header-controls\"><span style=\"color: #646464;\">Editor-in-Chief: Zoltan J. Acs, David B. Audretsch &#8211; (JCR: 8.164)<\/span><\/div><\/div><\/div><p>An Entrepreneurship Journal (SBEJ) publishes original, rigorous theoretical and empirical research addressing all aspects of entrepreneurship and small business economics, with a special emphasis on the economic and societal relevance of research findings for scholars, practitioners and policy makers.<\/p><p>SBEJ covers a broad scope of topics, ranging from the core themes of the entrepreneurial process and new venture creation to other topics like self-employment, family firms, small and medium-sized enterprises, innovative start-ups, and entrepreneurial finance. SBEJ welcomes scientific studies at different levels of analysis, including individuals (e.g. entrepreneurs&#8217; characteristics and occupational choice), firms (e.g., firms\u2019 life courses and performance, innovation, and global issues like digitization), macro level (e.g., institutions and public policies within local, regional, national and international contexts), as well as cross-level dynamics.<\/p><p>As a leading entrepreneurship journal, SBEJ welcomes cross-disciplinary research.<\/p><p>Website: <a href=\"https:\/\/www.springer.com\/journal\/11187\">https:\/\/www.springer.com\/journal\/11187<\/a><\/p><p><strong>Important<\/strong>:<\/p><p>Before submit your article and indicate it to Small Business Economics in the Fast-Track process of the SemeAd, please, ensure the article is appropriate to the scope and patterns of the Small Business Economics.<\/p><\/div>\n\t\t\t\t<\/div>\n\t\t\t\t\t\t\t<div class=\"elementor-toggle-item\">\n\t\t\t\t\t<div id=\"elementor-tab-title-2124\" class=\"elementor-tab-title\" data-tab=\"4\" role=\"button\" aria-controls=\"elementor-tab-content-2124\" aria-expanded=\"false\">\n\t\t\t\t\t\t\t\t\t\t\t\t<span class=\"elementor-toggle-icon elementor-toggle-icon-left\" aria-hidden=\"true\">\n\t\t\t\t\t\t\t\t\t\t\t\t\t\t\t<span class=\"elementor-toggle-icon-closed\"><i class=\"fas fa-caret-right\"><\/i><\/span>\n\t\t\t\t\t\t\t\t<span class=\"elementor-toggle-icon-opened\"><i class=\"elementor-toggle-icon-opened fas fa-caret-up\"><\/i><\/span>\n\t\t\t\t\t\t\t\t\t\t\t\t\t<\/span>\n\t\t\t\t\t\t\t\t\t\t\t\t<a class=\"elementor-toggle-title\" tabindex=\"0\">Technological Forecasting and Social Change<\/a>\n\t\t\t\t\t<\/div>\n\n\t\t\t\t\t<div id=\"elementor-tab-content-2124\" class=\"elementor-tab-content elementor-clearfix\" data-tab=\"4\" role=\"region\" aria-labelledby=\"elementor-tab-title-2124\"><div class=\"translate-tooltip-mtz translator-hidden\"><div class=\"header\"><div class=\"header-controls\"><span style=\"color: #646464;\">Editor-in-Chief: Scott Cunningham, Mei-Chih Hu &#8211; (JCR: 8.593)<\/span><\/div><\/div><\/div><p>A major forum for those wishing to deal directly with the methodology and practice of technological forecasting and future studies as planning tools as they interrelate social, environmental and technological factors.<\/p><p>The Technological Forecasting and Social Change A major forum for those wishing to deal directly with the methodology and practice of technological forecasting and future.<\/p><p>Technological Forecasting and Social Change selects for publication articles that deal directly with the methodology and practice of technological forecasting as a planning tool, or the analysis of the interaction of technology with the social, behavioral and environmental aspects in integrative planning.Readability and good writing style are important criteria for publication. Content and presentation must meet the normal standards for scientific credibility and must be of scholarly caliber. Short research notes describing significant work in progress or posing problems for research are also invited.<\/p><p>Website: <a href=\"https:\/\/www.journals.elsevier.com\/technological-forecasting-and-social-change\">https:\/\/www.journals.elsevier.com\/technological-forecasting-and-social-change<\/a><\/p><p><strong>Important<\/strong>:<\/p><p>Before submit your article and indicate it to Technological Forecasting and Social Change in the Fast-Track process of the SemeAd, please, ensure the article is appropriate to the scope and patterns of the Technological Forecasting and Social Change.<\/p><\/div>\n\t\t\t\t<\/div>\n\t\t\t\t\t\t\t\t<\/div>\n\t\t\t\t\t\t<\/div>\n\t\t\t\t<\/div>\n\t\t\t\t\t<\/div>\n\t\t<\/div>\n\t\t\t\t\t<\/div>\n\t\t<\/section>\n\t\t\t\t<\/div>\n\t\t","protected":false},"excerpt":{"rendered":"<p>California Management Review Editor-in-Chief: David Vogel &#8211; (JCR: 8.836) California Management Review defines management broadly, with a particular focus on corporate strategy and innovation, the management of technology, and the social impact of business. Our extensive catalog of reprints is used in university courses, executive programs, and management seminars around the world. All of our [&hellip;]<\/p>\n","protected":false},"author":1,"featured_media":0,"parent":25,"menu_order":0,"comment_status":"closed","ping_status":"closed","template":"","meta":{"_acf_changed":false,"tpgb_global_settings":"","inline_featured_image":false,"_monsterinsights_skip_tracking":false,"_monsterinsights_sitenote_active":false,"_monsterinsights_sitenote_note":"","_monsterinsights_sitenote_category":0,"footnotes":""},"class_list":["post-20079","page","type-page","status-publish","hentry"],"acf":{"coordenadores":null,"audio_da_coordenacao":"","temas":null},"yoast_head":"<!-- This site is optimized with the Yoast SEO plugin v27.5 - https:\/\/yoast.com\/product\/yoast-seo-wordpress\/ -->\n<title>Fast-Track Top Journals - XXIX SemeAd<\/title>\n<meta name=\"robots\" content=\"index, follow, max-snippet:-1, max-image-preview:large, max-video-preview:-1\" \/>\n<link rel=\"canonical\" href=\"https:\/\/semead.com.br\/29\/fast-track\/fast-track-top-journals\/\" \/>\n<meta property=\"og:locale\" content=\"pt_BR\" \/>\n<meta property=\"og:type\" content=\"article\" \/>\n<meta property=\"og:title\" content=\"Fast-Track Top Journals - XXIX SemeAd\" \/>\n<meta property=\"og:description\" content=\"California Management Review Editor-in-Chief: David Vogel &#8211; (JCR: 8.836) California Management Review defines management broadly, with a particular focus on corporate strategy and innovation, the management of technology, and the social impact of business. Our extensive catalog of reprints is used in university courses, executive programs, and management seminars around the world. All of our [&hellip;]\" \/>\n<meta property=\"og:url\" content=\"https:\/\/semead.com.br\/29\/fast-track\/fast-track-top-journals\/\" \/>\n<meta property=\"og:site_name\" content=\"XXIX SemeAd\" \/>\n<meta property=\"article:modified_time\" content=\"2026-04-25T19:09:03+00:00\" \/>\n<meta name=\"twitter:card\" content=\"summary_large_image\" \/>\n<meta name=\"twitter:label1\" content=\"Est. tempo de leitura\" \/>\n\t<meta name=\"twitter:data1\" content=\"5 minutos\" \/>\n<script type=\"application\/ld+json\" class=\"yoast-schema-graph\">{\"@context\":\"https:\\\/\\\/schema.org\",\"@graph\":[{\"@type\":\"WebPage\",\"@id\":\"https:\\\/\\\/semead.com.br\\\/29\\\/fast-track\\\/fast-track-top-journals\\\/\",\"url\":\"https:\\\/\\\/semead.com.br\\\/29\\\/fast-track\\\/fast-track-top-journals\\\/\",\"name\":\"Fast-Track Top Journals - XXIX SemeAd\",\"isPartOf\":{\"@id\":\"https:\\\/\\\/semead.com.br\\\/29\\\/#website\"},\"datePublished\":\"2021-06-18T12:55:19+00:00\",\"dateModified\":\"2026-04-25T19:09:03+00:00\",\"breadcrumb\":{\"@id\":\"https:\\\/\\\/semead.com.br\\\/29\\\/fast-track\\\/fast-track-top-journals\\\/#breadcrumb\"},\"inLanguage\":\"pt-BR\",\"potentialAction\":[{\"@type\":\"ReadAction\",\"target\":[\"https:\\\/\\\/semead.com.br\\\/29\\\/fast-track\\\/fast-track-top-journals\\\/\"]}]},{\"@type\":\"BreadcrumbList\",\"@id\":\"https:\\\/\\\/semead.com.br\\\/29\\\/fast-track\\\/fast-track-top-journals\\\/#breadcrumb\",\"itemListElement\":[{\"@type\":\"ListItem\",\"position\":1,\"name\":\"In\u00edcio\",\"item\":\"https:\\\/\\\/semead.com.br\\\/29\\\/\"},{\"@type\":\"ListItem\",\"position\":2,\"name\":\"Fast-Track\",\"item\":\"https:\\\/\\\/semead.com.br\\\/29\\\/fast-track\\\/\"},{\"@type\":\"ListItem\",\"position\":3,\"name\":\"Fast-Track Top Journals\"}]},{\"@type\":\"WebSite\",\"@id\":\"https:\\\/\\\/semead.com.br\\\/29\\\/#website\",\"url\":\"https:\\\/\\\/semead.com.br\\\/29\\\/\",\"name\":\"XXIX SemeAd\",\"description\":\"Semin\u00e1rios em administra\u00e7\u00e3o\",\"potentialAction\":[{\"@type\":\"SearchAction\",\"target\":{\"@type\":\"EntryPoint\",\"urlTemplate\":\"https:\\\/\\\/semead.com.br\\\/29\\\/?s={search_term_string}\"},\"query-input\":{\"@type\":\"PropertyValueSpecification\",\"valueRequired\":true,\"valueName\":\"search_term_string\"}}],\"inLanguage\":\"pt-BR\"}]}<\/script>\n<!-- \/ Yoast SEO plugin. -->","yoast_head_json":{"title":"Fast-Track Top Journals - XXIX SemeAd","robots":{"index":"index","follow":"follow","max-snippet":"max-snippet:-1","max-image-preview":"max-image-preview:large","max-video-preview":"max-video-preview:-1"},"canonical":"https:\/\/semead.com.br\/29\/fast-track\/fast-track-top-journals\/","og_locale":"pt_BR","og_type":"article","og_title":"Fast-Track Top Journals - XXIX SemeAd","og_description":"California Management Review Editor-in-Chief: David Vogel &#8211; (JCR: 8.836) California Management Review defines management broadly, with a particular focus on corporate strategy and innovation, the management of technology, and the social impact of business. Our extensive catalog of reprints is used in university courses, executive programs, and management seminars around the world. All of our [&hellip;]","og_url":"https:\/\/semead.com.br\/29\/fast-track\/fast-track-top-journals\/","og_site_name":"XXIX SemeAd","article_modified_time":"2026-04-25T19:09:03+00:00","twitter_card":"summary_large_image","twitter_misc":{"Est. tempo de leitura":"5 minutos"},"schema":{"@context":"https:\/\/schema.org","@graph":[{"@type":"WebPage","@id":"https:\/\/semead.com.br\/29\/fast-track\/fast-track-top-journals\/","url":"https:\/\/semead.com.br\/29\/fast-track\/fast-track-top-journals\/","name":"Fast-Track Top Journals - XXIX SemeAd","isPartOf":{"@id":"https:\/\/semead.com.br\/29\/#website"},"datePublished":"2021-06-18T12:55:19+00:00","dateModified":"2026-04-25T19:09:03+00:00","breadcrumb":{"@id":"https:\/\/semead.com.br\/29\/fast-track\/fast-track-top-journals\/#breadcrumb"},"inLanguage":"pt-BR","potentialAction":[{"@type":"ReadAction","target":["https:\/\/semead.com.br\/29\/fast-track\/fast-track-top-journals\/"]}]},{"@type":"BreadcrumbList","@id":"https:\/\/semead.com.br\/29\/fast-track\/fast-track-top-journals\/#breadcrumb","itemListElement":[{"@type":"ListItem","position":1,"name":"In\u00edcio","item":"https:\/\/semead.com.br\/29\/"},{"@type":"ListItem","position":2,"name":"Fast-Track","item":"https:\/\/semead.com.br\/29\/fast-track\/"},{"@type":"ListItem","position":3,"name":"Fast-Track Top Journals"}]},{"@type":"WebSite","@id":"https:\/\/semead.com.br\/29\/#website","url":"https:\/\/semead.com.br\/29\/","name":"XXIX SemeAd","description":"Semin\u00e1rios em administra\u00e7\u00e3o","potentialAction":[{"@type":"SearchAction","target":{"@type":"EntryPoint","urlTemplate":"https:\/\/semead.com.br\/29\/?s={search_term_string}"},"query-input":{"@type":"PropertyValueSpecification","valueRequired":true,"valueName":"search_term_string"}}],"inLanguage":"pt-BR"}]}},"tpgb_featured_images":null,"tpgb_post_meta_info":{"get_date":"18 de junho de 2021","get_modified_date":"25 de abril de 2026","author_name":"fernando yada","author_url":"https:\/\/semead.com.br\/29\/author\/fernando-yada\/","author_email":"fernandoyada@gmail.com","author_website":"","author_description":"","author_facebook":"","author_twitter":"","author_instagram":"","author_role":[],"author_firstname":"","author_lastname":"","user_login":"fernando yada","author_avatar":"<img alt='' src='https:\/\/secure.gravatar.com\/avatar\/e12b4edc71c65a7866bb5109793beca18c7cebc936f8b62643a50a4c990e8426?s=200&#038;d=mm&#038;r=g' srcset='https:\/\/secure.gravatar.com\/avatar\/e12b4edc71c65a7866bb5109793beca18c7cebc936f8b62643a50a4c990e8426?s=400&#038;d=mm&#038;r=g 2x' class='avatar avatar-200 photo' height='200' width='200' decoding='async'\/>","author_avatar_url":"https:\/\/secure.gravatar.com\/avatar\/e12b4edc71c65a7866bb5109793beca18c7cebc936f8b62643a50a4c990e8426?s=96&d=mm&r=g","comment_count":0,"post_likes":0,"post_views":0},"tpgb_post_category":[],"jetpack_sharing_enabled":true,"_links":{"self":[{"href":"https:\/\/semead.com.br\/29\/wp-json\/wp\/v2\/pages\/20079","targetHints":{"allow":["GET"]}}],"collection":[{"href":"https:\/\/semead.com.br\/29\/wp-json\/wp\/v2\/pages"}],"about":[{"href":"https:\/\/semead.com.br\/29\/wp-json\/wp\/v2\/types\/page"}],"author":[{"embeddable":true,"href":"https:\/\/semead.com.br\/29\/wp-json\/wp\/v2\/users\/1"}],"replies":[{"embeddable":true,"href":"https:\/\/semead.com.br\/29\/wp-json\/wp\/v2\/comments?post=20079"}],"version-history":[{"count":3,"href":"https:\/\/semead.com.br\/29\/wp-json\/wp\/v2\/pages\/20079\/revisions"}],"predecessor-version":[{"id":35173,"href":"https:\/\/semead.com.br\/29\/wp-json\/wp\/v2\/pages\/20079\/revisions\/35173"}],"up":[{"embeddable":true,"href":"https:\/\/semead.com.br\/29\/wp-json\/wp\/v2\/pages\/25"}],"wp:attachment":[{"href":"https:\/\/semead.com.br\/29\/wp-json\/wp\/v2\/media?parent=20079"}],"curies":[{"name":"wp","href":"https:\/\/api.w.org\/{rel}","templated":true}]}}