{"id":22444,"date":"2021-08-23T10:08:38","date_gmt":"2021-08-23T13:08:38","guid":{"rendered":"https:\/\/semead.com.br\/29-novo\/?page_id=22444"},"modified":"2023-04-28T15:32:32","modified_gmt":"2023-04-28T18:32:32","slug":"bolsa-semead-pq-jr","status":"publish","type":"page","link":"https:\/\/semead.com.br\/29\/bolsa-semead-pq-jr\/","title":{"rendered":"Lan\u00e7amento: Bolsa SemeAd PQ Jr."},"content":{"rendered":"\t\t<div data-elementor-type=\"wp-page\" data-elementor-id=\"22444\" class=\"elementor elementor-22444\" data-elementor-post-type=\"page\">\n\t\t\t\t\t\t<section class=\"elementor-section elementor-top-section elementor-element elementor-element-46866846 elementor-section-boxed elementor-section-height-default elementor-section-height-default\" data-id=\"46866846\" data-element_type=\"section\" data-e-type=\"section\">\n\t\t\t\t\t\t<div class=\"elementor-container elementor-column-gap-default\">\n\t\t\t\t\t<div class=\"elementor-column elementor-col-100 elementor-top-column elementor-element elementor-element-4cd05764\" data-id=\"4cd05764\" data-element_type=\"column\" data-e-type=\"column\">\n\t\t\t<div class=\"elementor-widget-wrap elementor-element-populated\">\n\t\t\t\t\t\t<div class=\"elementor-element elementor-element-351442c8 elementor-widget elementor-widget-text-editor\" data-id=\"351442c8\" data-element_type=\"widget\" data-e-type=\"widget\" data-widget_type=\"text-editor.default\">\n\t\t\t\t<div class=\"elementor-widget-container\">\n\t\t\t\t\t\t\t\t\t<p>Comunidade SemeAd,<\/p><p>Temos uma novidade pra voc\u00ea, baseada em um dos nossos pilares, o da <strong>inova\u00e7\u00e3o<\/strong>.<\/p><p>Veja a grava\u00e7\u00e3o da nossa live que aconteceu no dia 31\/08\/2021. Nela apresentamos alguns detalhes do quem vem por a\u00ed, com o apoio da nossa parceira: a Cactvs!<\/p><p>Logo em seguida do v\u00eddeo, voc\u00ea encontra um bot\u00e3o de acesso \u00e0 p\u00e1gina onde est\u00e1 dispon\u00edvel o Edital da I Bolsa SemeAd PQ Jr.<\/p><p>Atenciosamente,<\/p><p><em><strong>Coordena\u00e7\u00e3o Geral do SemeAd<\/strong><\/em><\/p>\t\t\t\t\t\t\t\t<\/div>\n\t\t\t\t<\/div>\n\t\t\t\t\t<\/div>\n\t\t<\/div>\n\t\t\t\t\t<\/div>\n\t\t<\/section>\n\t\t\t\t<section class=\"elementor-section elementor-top-section elementor-element elementor-element-e8f846a elementor-section-boxed elementor-section-height-default elementor-section-height-default\" data-id=\"e8f846a\" data-element_type=\"section\" data-e-type=\"section\">\n\t\t\t\t\t\t<div class=\"elementor-container elementor-column-gap-default\">\n\t\t\t\t\t<div class=\"elementor-column elementor-col-100 elementor-top-column elementor-element elementor-element-4189dd4\" data-id=\"4189dd4\" data-element_type=\"column\" data-e-type=\"column\">\n\t\t\t<div class=\"elementor-widget-wrap elementor-element-populated\">\n\t\t\t\t\t\t<div class=\"elementor-element elementor-element-6638d79 elementor-widget elementor-widget-video\" data-id=\"6638d79\" data-element_type=\"widget\" data-e-type=\"widget\" data-settings=\"{&quot;youtube_url&quot;:&quot;https:\\\/\\\/youtu.be\\\/0IGbIStDMhM&quot;,&quot;video_type&quot;:&quot;youtube&quot;,&quot;controls&quot;:&quot;yes&quot;}\" data-widget_type=\"video.default\">\n\t\t\t\t<div class=\"elementor-widget-container\">\n\t\t\t\t\t\t\t<div class=\"elementor-wrapper elementor-open-inline\">\n\t\t\t<div class=\"elementor-video\"><\/div>\t\t<\/div>\n\t\t\t\t\t\t<\/div>\n\t\t\t\t<\/div>\n\t\t\t\t\t<\/div>\n\t\t<\/div>\n\t\t\t\t\t<\/div>\n\t\t<\/section>\n\t\t\t\t<section class=\"elementor-section elementor-top-section elementor-element elementor-element-7b17d48 elementor-section-boxed elementor-section-height-default elementor-section-height-default\" data-id=\"7b17d48\" data-element_type=\"section\" data-e-type=\"section\">\n\t\t\t\t\t\t<div class=\"elementor-container elementor-column-gap-default\">\n\t\t\t\t\t<div class=\"elementor-column elementor-col-100 elementor-top-column elementor-element elementor-element-22168f5\" data-id=\"22168f5\" data-element_type=\"column\" data-e-type=\"column\">\n\t\t\t<div class=\"elementor-widget-wrap\">\n\t\t\t\t\t\t\t<\/div>\n\t\t<\/div>\n\t\t\t\t\t<\/div>\n\t\t<\/section>\n\t\t\t\t<\/div>\n\t\t","protected":false},"excerpt":{"rendered":"<p>Comunidade SemeAd, Temos uma novidade pra voc\u00ea, baseada em um dos nossos pilares, o da inova\u00e7\u00e3o. Veja a grava\u00e7\u00e3o da nossa live que aconteceu no dia 31\/08\/2021. Nela apresentamos alguns detalhes do quem vem por a\u00ed, com o apoio da nossa parceira: a Cactvs! Logo em seguida do v\u00eddeo, voc\u00ea encontra um bot\u00e3o de acesso [&hellip;]<\/p>\n","protected":false},"author":10,"featured_media":0,"parent":0,"menu_order":0,"comment_status":"closed","ping_status":"closed","template":"","meta":{"_acf_changed":false,"tpgb_global_settings":"","inline_featured_image":false,"_monsterinsights_skip_tracking":false,"_monsterinsights_sitenote_active":false,"_monsterinsights_sitenote_note":"","_monsterinsights_sitenote_category":0,"footnotes":""},"class_list":["post-22444","page","type-page","status-publish","hentry"],"acf":{"coordenadores":null,"audio_da_coordenacao":null,"temas":null},"yoast_head":"<!-- This site is optimized with the Yoast SEO plugin v27.5 - https:\/\/yoast.com\/product\/yoast-seo-wordpress\/ -->\n<title>Lan\u00e7amento: Bolsa SemeAd PQ Jr. - XXIX SemeAd<\/title>\n<meta name=\"robots\" content=\"index, follow, max-snippet:-1, max-image-preview:large, max-video-preview:-1\" \/>\n<link rel=\"canonical\" href=\"https:\/\/semead.com.br\/29\/bolsa-semead-pq-jr\/\" \/>\n<meta property=\"og:locale\" content=\"pt_BR\" \/>\n<meta property=\"og:type\" content=\"article\" \/>\n<meta property=\"og:title\" content=\"Lan\u00e7amento: Bolsa SemeAd PQ Jr. - XXIX SemeAd\" \/>\n<meta property=\"og:description\" content=\"Comunidade SemeAd, Temos uma novidade pra voc\u00ea, baseada em um dos nossos pilares, o da inova\u00e7\u00e3o. Veja a grava\u00e7\u00e3o da nossa live que aconteceu no dia 31\/08\/2021. Nela apresentamos alguns detalhes do quem vem por a\u00ed, com o apoio da nossa parceira: a Cactvs! Logo em seguida do v\u00eddeo, voc\u00ea encontra um bot\u00e3o de acesso [&hellip;]\" \/>\n<meta property=\"og:url\" content=\"https:\/\/semead.com.br\/29\/bolsa-semead-pq-jr\/\" \/>\n<meta property=\"og:site_name\" content=\"XXIX SemeAd\" \/>\n<meta property=\"article:modified_time\" content=\"2023-04-28T18:32:32+00:00\" \/>\n<meta name=\"twitter:card\" content=\"summary_large_image\" \/>\n<meta name=\"twitter:label1\" content=\"Est. tempo de leitura\" \/>\n\t<meta name=\"twitter:data1\" content=\"1 minuto\" \/>\n<script type=\"application\/ld+json\" class=\"yoast-schema-graph\">{\"@context\":\"https:\\\/\\\/schema.org\",\"@graph\":[{\"@type\":\"WebPage\",\"@id\":\"https:\\\/\\\/semead.com.br\\\/29\\\/bolsa-semead-pq-jr\\\/\",\"url\":\"https:\\\/\\\/semead.com.br\\\/29\\\/bolsa-semead-pq-jr\\\/\",\"name\":\"Lan\u00e7amento: Bolsa SemeAd PQ Jr. - XXIX SemeAd\",\"isPartOf\":{\"@id\":\"https:\\\/\\\/semead.com.br\\\/29\\\/#website\"},\"datePublished\":\"2021-08-23T13:08:38+00:00\",\"dateModified\":\"2023-04-28T18:32:32+00:00\",\"breadcrumb\":{\"@id\":\"https:\\\/\\\/semead.com.br\\\/29\\\/bolsa-semead-pq-jr\\\/#breadcrumb\"},\"inLanguage\":\"pt-BR\",\"potentialAction\":[{\"@type\":\"ReadAction\",\"target\":[\"https:\\\/\\\/semead.com.br\\\/29\\\/bolsa-semead-pq-jr\\\/\"]}]},{\"@type\":\"BreadcrumbList\",\"@id\":\"https:\\\/\\\/semead.com.br\\\/29\\\/bolsa-semead-pq-jr\\\/#breadcrumb\",\"itemListElement\":[{\"@type\":\"ListItem\",\"position\":1,\"name\":\"In\u00edcio\",\"item\":\"https:\\\/\\\/semead.com.br\\\/29\\\/\"},{\"@type\":\"ListItem\",\"position\":2,\"name\":\"Lan\u00e7amento: Bolsa SemeAd PQ Jr.\"}]},{\"@type\":\"WebSite\",\"@id\":\"https:\\\/\\\/semead.com.br\\\/29\\\/#website\",\"url\":\"https:\\\/\\\/semead.com.br\\\/29\\\/\",\"name\":\"XXIX SemeAd\",\"description\":\"Semin\u00e1rios em administra\u00e7\u00e3o\",\"potentialAction\":[{\"@type\":\"SearchAction\",\"target\":{\"@type\":\"EntryPoint\",\"urlTemplate\":\"https:\\\/\\\/semead.com.br\\\/29\\\/?s={search_term_string}\"},\"query-input\":{\"@type\":\"PropertyValueSpecification\",\"valueRequired\":true,\"valueName\":\"search_term_string\"}}],\"inLanguage\":\"pt-BR\"}]}<\/script>\n<!-- \/ Yoast SEO plugin. -->","yoast_head_json":{"title":"Lan\u00e7amento: Bolsa SemeAd PQ Jr. - XXIX SemeAd","robots":{"index":"index","follow":"follow","max-snippet":"max-snippet:-1","max-image-preview":"max-image-preview:large","max-video-preview":"max-video-preview:-1"},"canonical":"https:\/\/semead.com.br\/29\/bolsa-semead-pq-jr\/","og_locale":"pt_BR","og_type":"article","og_title":"Lan\u00e7amento: Bolsa SemeAd PQ Jr. - XXIX SemeAd","og_description":"Comunidade SemeAd, Temos uma novidade pra voc\u00ea, baseada em um dos nossos pilares, o da inova\u00e7\u00e3o. Veja a grava\u00e7\u00e3o da nossa live que aconteceu no dia 31\/08\/2021. Nela apresentamos alguns detalhes do quem vem por a\u00ed, com o apoio da nossa parceira: a Cactvs! Logo em seguida do v\u00eddeo, voc\u00ea encontra um bot\u00e3o de acesso [&hellip;]","og_url":"https:\/\/semead.com.br\/29\/bolsa-semead-pq-jr\/","og_site_name":"XXIX SemeAd","article_modified_time":"2023-04-28T18:32:32+00:00","twitter_card":"summary_large_image","twitter_misc":{"Est. tempo de leitura":"1 minuto"},"schema":{"@context":"https:\/\/schema.org","@graph":[{"@type":"WebPage","@id":"https:\/\/semead.com.br\/29\/bolsa-semead-pq-jr\/","url":"https:\/\/semead.com.br\/29\/bolsa-semead-pq-jr\/","name":"Lan\u00e7amento: Bolsa SemeAd PQ Jr. - XXIX SemeAd","isPartOf":{"@id":"https:\/\/semead.com.br\/29\/#website"},"datePublished":"2021-08-23T13:08:38+00:00","dateModified":"2023-04-28T18:32:32+00:00","breadcrumb":{"@id":"https:\/\/semead.com.br\/29\/bolsa-semead-pq-jr\/#breadcrumb"},"inLanguage":"pt-BR","potentialAction":[{"@type":"ReadAction","target":["https:\/\/semead.com.br\/29\/bolsa-semead-pq-jr\/"]}]},{"@type":"BreadcrumbList","@id":"https:\/\/semead.com.br\/29\/bolsa-semead-pq-jr\/#breadcrumb","itemListElement":[{"@type":"ListItem","position":1,"name":"In\u00edcio","item":"https:\/\/semead.com.br\/29\/"},{"@type":"ListItem","position":2,"name":"Lan\u00e7amento: Bolsa SemeAd PQ Jr."}]},{"@type":"WebSite","@id":"https:\/\/semead.com.br\/29\/#website","url":"https:\/\/semead.com.br\/29\/","name":"XXIX SemeAd","description":"Semin\u00e1rios em administra\u00e7\u00e3o","potentialAction":[{"@type":"SearchAction","target":{"@type":"EntryPoint","urlTemplate":"https:\/\/semead.com.br\/29\/?s={search_term_string}"},"query-input":{"@type":"PropertyValueSpecification","valueRequired":true,"valueName":"search_term_string"}}],"inLanguage":"pt-BR"}]}},"tpgb_featured_images":null,"tpgb_post_meta_info":{"get_date":"23 de agosto de 2021","get_modified_date":"28 de abril de 2023","author_name":"","author_url":"https:\/\/semead.com.br\/29\/author\/","author_email":"","author_website":"","author_description":"","author_facebook":"","author_twitter":"","author_instagram":"","author_role":"","author_firstname":"","author_lastname":"","user_login":"","author_avatar":"<img alt='' src='https:\/\/secure.gravatar.com\/avatar\/?s=200&#038;d=mm&#038;r=g' srcset='https:\/\/secure.gravatar.com\/avatar\/?s=400&#038;d=mm&#038;r=g 2x' class='avatar avatar-200 photo avatar-default' height='200' width='200' decoding='async'\/>","author_avatar_url":"https:\/\/secure.gravatar.com\/avatar\/?s=96&d=mm&r=g","comment_count":0,"post_likes":0,"post_views":0},"tpgb_post_category":[],"jetpack_sharing_enabled":true,"_links":{"self":[{"href":"https:\/\/semead.com.br\/29\/wp-json\/wp\/v2\/pages\/22444","targetHints":{"allow":["GET"]}}],"collection":[{"href":"https:\/\/semead.com.br\/29\/wp-json\/wp\/v2\/pages"}],"about":[{"href":"https:\/\/semead.com.br\/29\/wp-json\/wp\/v2\/types\/page"}],"author":[{"embeddable":true,"href":"https:\/\/semead.com.br\/29\/wp-json\/wp\/v2\/users\/10"}],"replies":[{"embeddable":true,"href":"https:\/\/semead.com.br\/29\/wp-json\/wp\/v2\/comments?post=22444"}],"version-history":[{"count":0,"href":"https:\/\/semead.com.br\/29\/wp-json\/wp\/v2\/pages\/22444\/revisions"}],"wp:attachment":[{"href":"https:\/\/semead.com.br\/29\/wp-json\/wp\/v2\/media?parent=22444"}],"curies":[{"name":"wp","href":"https:\/\/api.w.org\/{rel}","templated":true}]}}