{"id":25,"date":"2013-04-26T00:17:14","date_gmt":"2013-04-26T03:17:14","guid":{"rendered":"http:\/\/semead.com.br\/?page_id=25"},"modified":"2026-04-27T00:10:54","modified_gmt":"2026-04-27T03:10:54","slug":"fast-track","status":"publish","type":"page","link":"https:\/\/semead.com.br\/29\/fast-track\/","title":{"rendered":"Fast-Track"},"content":{"rendered":"\t\t<div data-elementor-type=\"wp-post\" data-elementor-id=\"25\" class=\"elementor elementor-25\" data-elementor-post-type=\"page\">\n\t\t\t\t\t\t<section class=\"elementor-section elementor-top-section elementor-element elementor-element-584dbbf8 elementor-section-boxed elementor-section-height-default elementor-section-height-default\" data-id=\"584dbbf8\" data-element_type=\"section\" data-e-type=\"section\">\n\t\t\t\t\t\t<div class=\"elementor-container elementor-column-gap-default\">\n\t\t\t\t\t<div class=\"elementor-column elementor-col-100 elementor-top-column elementor-element elementor-element-20a8e786\" data-id=\"20a8e786\" data-element_type=\"column\" data-e-type=\"column\">\n\t\t\t<div class=\"elementor-widget-wrap elementor-element-populated\">\n\t\t\t\t\t\t<section class=\"elementor-section elementor-inner-section elementor-element elementor-element-0266140 elementor-section-boxed elementor-section-height-default elementor-section-height-default\" data-id=\"0266140\" data-element_type=\"section\" data-e-type=\"section\">\n\t\t\t\t\t\t<div class=\"elementor-container elementor-column-gap-default\">\n\t\t\t\t\t<div class=\"elementor-column elementor-col-100 elementor-inner-column elementor-element elementor-element-f55aa99\" data-id=\"f55aa99\" data-element_type=\"column\" data-e-type=\"column\">\n\t\t\t<div class=\"elementor-widget-wrap elementor-element-populated\">\n\t\t\t\t\t\t<div class=\"elementor-element elementor-element-a367e10 elementor-widget elementor-widget-text-editor\" data-id=\"a367e10\" data-element_type=\"widget\" data-e-type=\"widget\" data-widget_type=\"text-editor.default\">\n\t\t\t\t<div class=\"elementor-widget-container\">\n\t\t\t\t\t\t\t\t\t<p>O processo de Fast- Track tem o objetivo de fazer a ponte entre os autores e os editores de peri\u00f3dicos cient\u00edficos nacionais e internacionais. O SemeAd tem parceria com editores de mais de 70 peri\u00f3dicos que se engajam no processo de \u201cdesk review\u201d dos trabalhos submetidos.<\/p><p>No momento de submiss\u00e3o dos trabalhos, os autores podem optar pelo processo de Fast-Track do SemeAd e indicar dentre os peri\u00f3dicos cadastrados na base do SemeAd, aqueles cuja cobertura editorial se encaixam na tem\u00e1tica do trabalho. No caso de Artigos Te\u00f3ricos e Te\u00f3rico-Emp\u00edricos os autores poder\u00e3o escolher at\u00e9 um peri\u00f3dico em cada estrato do sistema Qualis\/Capes. Artigos Aplicados e Casos de Ensino poder\u00e3o optar pelos peri\u00f3dicos cujo escopo incluiu este tipo de trabalho.<\/p><p>A op\u00e7\u00e3o pelo Fast-track indica aos avaliadores dos trabalhos que os autores querem participar da possibilidade de \u201cdesk review\u201d pelos editores dos peri\u00f3dicos. Os avaliadores durante o processo de avalia\u00e7\u00e3o classificam os trabalhos em eleg\u00edveis e n\u00e3o eleg\u00edveis para o processo de fast-track.Quando os avaliadores elegem o artigo ao Fast Track, o trabalho \u00e9 repassado \u00e0s revistas indicadas pelos autores, <b>ap\u00f3s a submiss\u00e3o<\/b>, para que seus editores possam realizar a aprecia\u00e7\u00e3o do trabalho. Os editores informam ao SemeAd sobre um dos dois veredictos: selecionado ou n\u00e3o selecionado. Em todos os casos, a ordem de envio dos trabalhos \u00e0s revistas segue a classifica\u00e7\u00e3o manifesta pelos autores, respeitando o maior estrato do sistema Qualis\/Capes. Quando o trabalho \u00e9 reprovado pelo editor de uma revista, o trabalho \u00e9 direcionado a outro editor de outra revista, por\u00e9m de Qualis\/Capes mais baixo. Realizamos este procedimento at\u00e9 a \u00faltima op\u00e7\u00e3o manifesta pelo autor.<\/p><p><strong>Se voc\u00ea desejar submeter seu trabalho (artigo) ao Fast-Track, voc\u00ea deve acessar a tela de edi\u00e7\u00e3o do trabalho at\u00e9 a data limite de submiss\u00e3o.<\/strong><\/p><p>Ao escolher os peri\u00f3dicos, <strong>os autores autorizam que a equipe do SemeAd encaminhe os seus artigos \u00e0 aprecia\u00e7\u00e3o dos editores das revistas, caso esses tenham sido considerados eleg\u00edveis para o Fast-Track.<\/strong><\/p><p>O SemeAd declara que n\u00e3o interfere na sele\u00e7\u00e3o ou elegibilidades dos trabalhos que passam pelo processo de Fast-track. Os trabalhos selecionados pelos avaliadores como eleg\u00edveis para o Fast-Track s\u00e3o enviados aos editores dos peri\u00f3dicos apontados pelos autores; e, dessa forma, passam pela etapa de <em>desk-review<\/em> desse peri\u00f3dico. Cada trabalho selecionado ao Fast-Track ser\u00e1 indicado a somente um peri\u00f3dico por vez.<\/p><p><strong>Ap\u00f3s o resultado da sele\u00e7\u00e3o dos artigos ao Fast-Track, que ser\u00e1 divulgada no evento do SemeAd, os autores receber\u00e3o um e-mail do SemeAd com a data final para o encaminhamento dos artigos aos peri\u00f3dicos. Os autores dever\u00e3o, ent\u00e3o, efetuar a submiss\u00e3o dos seus artigos \u00e0s revistas. Sugerimos que as indica\u00e7\u00f5es de melhorias obtidas pelo processo de avalia\u00e7\u00e3o dos trabalhos no SemeAd sejam realizadas nos artigos a fim de aumentar a probabilidade de aceita\u00e7\u00e3o do artigo na revista.<\/strong><\/p><p><strong>IMPORTANTE:<\/strong><\/p><p>1) <strong>O SemeAd n\u00e3o garante nenhuma aprova\u00e7\u00e3o do artigo nos peri\u00f3dicos.<\/strong> Os artigos selecionados pelo Fast-Track e submetidos \u00e0s revistas ser\u00e3o encaminhados para o curso normal de avalia\u00e7\u00e3o blind-review, por\u00e9m sem a etapa de desk-review (o artigo j\u00e1 foi aprovado nesta etapa pelo pr\u00f3prio editor ao selecion\u00e1-lo e apreci\u00e1-lo). Fica na responsabilidade das revistas a aprova\u00e7\u00e3o ou reprova\u00e7\u00e3o do artigo.<\/p><p>2) Os autores dever\u00e3o verificar as regras de submiss\u00e3o dos peri\u00f3dicos.<\/p><p>3) O SemeAd n\u00e3o se responsabiliza por qualquer imprevisto, de qualquer natureza, por parte do peri\u00f3dico.<\/p><p>4) Os autores dever\u00e3o informar aos editores, no momento de submiss\u00e3o dos artigos nos peri\u00f3dicos, que os seus artigos foram aprovados no Fast-Track do SemeAd. Essa informa\u00e7\u00e3o deve constar no campo de \u201cinforma\u00e7\u00f5es aos editores\u201d ou campo similar ou at\u00e9 por um e-mail aos editores.<\/p><p>5) \u00c9 de responsabilidade dos autores que redigiram seus artigos em portugu\u00eas e que foram aceitos por peri\u00f3dicos internacionais, fazer a tradu\u00e7\u00e3o para o ingl\u00eas, conforme as regras do peri\u00f3dico.<\/p>\t\t\t\t\t\t\t\t<\/div>\n\t\t\t\t<\/div>\n\t\t\t\t\t<\/div>\n\t\t<\/div>\n\t\t\t\t\t<\/div>\n\t\t<\/section>\n\t\t\t\t<section class=\"elementor-section elementor-inner-section elementor-element elementor-element-eab6976 elementor-section-boxed elementor-section-height-default elementor-section-height-default\" data-id=\"eab6976\" data-element_type=\"section\" data-e-type=\"section\">\n\t\t\t\t\t\t<div class=\"elementor-container elementor-column-gap-default\">\n\t\t\t\t\t<div class=\"elementor-column elementor-col-100 elementor-inner-column elementor-element elementor-element-8c552be\" data-id=\"8c552be\" data-element_type=\"column\" data-e-type=\"column\">\n\t\t\t<div class=\"elementor-widget-wrap elementor-element-populated\">\n\t\t\t\t\t\t<div class=\"elementor-element elementor-element-5a78ee8 elementor-widget elementor-widget-text-editor\" data-id=\"5a78ee8\" data-element_type=\"widget\" data-e-type=\"widget\" data-widget_type=\"text-editor.default\">\n\t\t\t\t<div class=\"elementor-widget-container\">\n\t\t\t\t\t\t\t\t\t<p><strong>Nova Segmenta\u00e7\u00e3o de Journals do Evento: SemeAd Ranking (SR1 \u2013 SR6)<\/strong><\/p><p><span style=\"letter-spacing: -0.01em;\">Com o objetivo de fortalecer e dar maior transpar\u00eancia ao processo de Fast-Track do SemeAd, e considerando que a classifica\u00e7\u00e3o anteriormente adotada \u2014 baseada no sistema Qualis CAPES \u2014 deixou de existir e de atribuir pontua\u00e7\u00e3o \u00e0s publica\u00e7\u00f5es, a organiza\u00e7\u00e3o do evento instituiu uma segmenta\u00e7\u00e3o pr\u00f3pria de peri\u00f3dicos, denominada SemeAd Ranking (SR).<\/span><\/p><p>Essa nova classifica\u00e7\u00e3o \u00e9 composta por seis (6) extratos, denominados SR1 a SR6, cujos crit\u00e9rios foram definidos em conson\u00e2ncia com as diretrizes atualmente propostas pela \u00e1rea de Administra\u00e7\u00e3o da CAPES.<\/p><p>Os extratos s\u00e3o definidos da seguinte forma:<\/p><ul><li>SR1 \u2013 Top Journals: peri\u00f3dicos com classifica\u00e7\u00e3o ABS \u2265 3 e, simultaneamente, classifica\u00e7\u00e3o ABDC A.<\/li><li>SR2 \u2013 Muito Bom (MB): peri\u00f3dicos enquadrados na categoria Muito Bom segundo os crit\u00e9rios da CAPES.<\/li><li>SR3 \u2013 Bom (B): peri\u00f3dicos classificados como Bom pela CAPES.<\/li><li>SR4 \u2013 Regular (R): peri\u00f3dicos classificados como Regular pela CAPES.<\/li><li>SR5 \u2013 Fraco (F): peri\u00f3dicos classificados como Fraco pela CAPES.<\/li><li>SR6 \u2013 Insuficiente (I) ou sem classifica\u00e7\u00e3o: peri\u00f3dicos classificados como Insuficiente pela CAPES ou que n\u00e3o possuam classifica\u00e7\u00e3o.<\/li><\/ul>\t\t\t\t\t\t\t\t<\/div>\n\t\t\t\t<\/div>\n\t\t\t\t\t<\/div>\n\t\t<\/div>\n\t\t\t\t\t<\/div>\n\t\t<\/section>\n\t\t\t\t\t<\/div>\n\t\t<\/div>\n\t\t\t\t\t<\/div>\n\t\t<\/section>\n\t\t\t\t<section class=\"elementor-section elementor-top-section elementor-element elementor-element-266b554 elementor-section-full_width elementor-section-stretched elementor-section-height-default elementor-section-height-default\" data-id=\"266b554\" data-element_type=\"section\" data-e-type=\"section\" data-settings=\"{&quot;stretch_section&quot;:&quot;section-stretched&quot;}\">\n\t\t\t\t\t\t<div class=\"elementor-container elementor-column-gap-default\">\n\t\t\t\t\t<div class=\"elementor-column elementor-col-100 elementor-top-column elementor-element elementor-element-b287fa0\" data-id=\"b287fa0\" data-element_type=\"column\" data-e-type=\"column\">\n\t\t\t<div class=\"elementor-widget-wrap elementor-element-populated\">\n\t\t\t\t\t\t<div class=\"elementor-element elementor-element-7486461 elementor-widget elementor-widget-shortcode\" data-id=\"7486461\" data-element_type=\"widget\" data-e-type=\"widget\" data-widget_type=\"shortcode.default\">\n\t\t\t\t<div class=\"elementor-widget-container\">\n\t\t\t\t\t\t\t<div class=\"elementor-shortcode\"><iframe src=\"https:\/\/login.semead.com.br\/29semead\/revistas\/revistas\" width=\"100%\" height=\"5000\" scrolling=\"yes\"><\/iframe><\/div>\n\t\t\t\t\t\t<\/div>\n\t\t\t\t<\/div>\n\t\t\t\t\t<\/div>\n\t\t<\/div>\n\t\t\t\t\t<\/div>\n\t\t<\/section>\n\t\t\t\t<\/div>\n\t\t","protected":false},"excerpt":{"rendered":"<p>O processo de Fast- Track tem o objetivo de fazer a ponte entre os autores e os editores de peri\u00f3dicos cient\u00edficos nacionais e internacionais. O SemeAd tem parceria com editores de mais de 70 peri\u00f3dicos que se engajam no processo de \u201cdesk review\u201d dos trabalhos submetidos. No momento de submiss\u00e3o dos trabalhos, os autores podem [&hellip;]<\/p>\n","protected":false},"author":1,"featured_media":0,"parent":0,"menu_order":0,"comment_status":"closed","ping_status":"closed","template":"","meta":{"_acf_changed":false,"tpgb_global_settings":"","inline_featured_image":false,"_monsterinsights_skip_tracking":false,"_monsterinsights_sitenote_active":false,"_monsterinsights_sitenote_note":"","_monsterinsights_sitenote_category":0,"footnotes":""},"class_list":["post-25","page","type-page","status-publish","hentry"],"acf":{"coordenadores":null,"audio_da_coordenacao":null,"temas":null},"yoast_head":"<!-- This site is optimized with the Yoast SEO plugin v27.5 - https:\/\/yoast.com\/product\/yoast-seo-wordpress\/ -->\n<title>Fast-Track - XXIX SemeAd<\/title>\n<meta name=\"robots\" content=\"index, follow, max-snippet:-1, max-image-preview:large, max-video-preview:-1\" \/>\n<link rel=\"canonical\" href=\"https:\/\/semead.com.br\/29\/fast-track\/\" \/>\n<meta property=\"og:locale\" content=\"pt_BR\" \/>\n<meta property=\"og:type\" content=\"article\" \/>\n<meta property=\"og:title\" content=\"Fast-Track - XXIX SemeAd\" \/>\n<meta property=\"og:description\" content=\"O processo de Fast- Track tem o objetivo de fazer a ponte entre os autores e os editores de peri\u00f3dicos cient\u00edficos nacionais e internacionais. O SemeAd tem parceria com editores de mais de 70 peri\u00f3dicos que se engajam no processo de \u201cdesk review\u201d dos trabalhos submetidos. No momento de submiss\u00e3o dos trabalhos, os autores podem [&hellip;]\" \/>\n<meta property=\"og:url\" content=\"https:\/\/semead.com.br\/29\/fast-track\/\" \/>\n<meta property=\"og:site_name\" content=\"XXIX SemeAd\" \/>\n<meta property=\"article:modified_time\" content=\"2026-04-27T03:10:54+00:00\" \/>\n<meta name=\"twitter:card\" content=\"summary_large_image\" \/>\n<meta name=\"twitter:label1\" content=\"Est. tempo de leitura\" \/>\n\t<meta name=\"twitter:data1\" content=\"5 minutos\" \/>\n<script type=\"application\/ld+json\" class=\"yoast-schema-graph\">{\"@context\":\"https:\\\/\\\/schema.org\",\"@graph\":[{\"@type\":\"WebPage\",\"@id\":\"https:\\\/\\\/semead.com.br\\\/29\\\/fast-track\\\/\",\"url\":\"https:\\\/\\\/semead.com.br\\\/29\\\/fast-track\\\/\",\"name\":\"Fast-Track - XXIX SemeAd\",\"isPartOf\":{\"@id\":\"https:\\\/\\\/semead.com.br\\\/29\\\/#website\"},\"datePublished\":\"2013-04-26T03:17:14+00:00\",\"dateModified\":\"2026-04-27T03:10:54+00:00\",\"breadcrumb\":{\"@id\":\"https:\\\/\\\/semead.com.br\\\/29\\\/fast-track\\\/#breadcrumb\"},\"inLanguage\":\"pt-BR\",\"potentialAction\":[{\"@type\":\"ReadAction\",\"target\":[\"https:\\\/\\\/semead.com.br\\\/29\\\/fast-track\\\/\"]}]},{\"@type\":\"BreadcrumbList\",\"@id\":\"https:\\\/\\\/semead.com.br\\\/29\\\/fast-track\\\/#breadcrumb\",\"itemListElement\":[{\"@type\":\"ListItem\",\"position\":1,\"name\":\"In\u00edcio\",\"item\":\"https:\\\/\\\/semead.com.br\\\/29\\\/\"},{\"@type\":\"ListItem\",\"position\":2,\"name\":\"Fast-Track\"}]},{\"@type\":\"WebSite\",\"@id\":\"https:\\\/\\\/semead.com.br\\\/29\\\/#website\",\"url\":\"https:\\\/\\\/semead.com.br\\\/29\\\/\",\"name\":\"XXIX SemeAd\",\"description\":\"Semin\u00e1rios em administra\u00e7\u00e3o\",\"potentialAction\":[{\"@type\":\"SearchAction\",\"target\":{\"@type\":\"EntryPoint\",\"urlTemplate\":\"https:\\\/\\\/semead.com.br\\\/29\\\/?s={search_term_string}\"},\"query-input\":{\"@type\":\"PropertyValueSpecification\",\"valueRequired\":true,\"valueName\":\"search_term_string\"}}],\"inLanguage\":\"pt-BR\"}]}<\/script>\n<!-- \/ Yoast SEO plugin. -->","yoast_head_json":{"title":"Fast-Track - XXIX SemeAd","robots":{"index":"index","follow":"follow","max-snippet":"max-snippet:-1","max-image-preview":"max-image-preview:large","max-video-preview":"max-video-preview:-1"},"canonical":"https:\/\/semead.com.br\/29\/fast-track\/","og_locale":"pt_BR","og_type":"article","og_title":"Fast-Track - XXIX SemeAd","og_description":"O processo de Fast- Track tem o objetivo de fazer a ponte entre os autores e os editores de peri\u00f3dicos cient\u00edficos nacionais e internacionais. O SemeAd tem parceria com editores de mais de 70 peri\u00f3dicos que se engajam no processo de \u201cdesk review\u201d dos trabalhos submetidos. No momento de submiss\u00e3o dos trabalhos, os autores podem [&hellip;]","og_url":"https:\/\/semead.com.br\/29\/fast-track\/","og_site_name":"XXIX SemeAd","article_modified_time":"2026-04-27T03:10:54+00:00","twitter_card":"summary_large_image","twitter_misc":{"Est. tempo de leitura":"5 minutos"},"schema":{"@context":"https:\/\/schema.org","@graph":[{"@type":"WebPage","@id":"https:\/\/semead.com.br\/29\/fast-track\/","url":"https:\/\/semead.com.br\/29\/fast-track\/","name":"Fast-Track - XXIX SemeAd","isPartOf":{"@id":"https:\/\/semead.com.br\/29\/#website"},"datePublished":"2013-04-26T03:17:14+00:00","dateModified":"2026-04-27T03:10:54+00:00","breadcrumb":{"@id":"https:\/\/semead.com.br\/29\/fast-track\/#breadcrumb"},"inLanguage":"pt-BR","potentialAction":[{"@type":"ReadAction","target":["https:\/\/semead.com.br\/29\/fast-track\/"]}]},{"@type":"BreadcrumbList","@id":"https:\/\/semead.com.br\/29\/fast-track\/#breadcrumb","itemListElement":[{"@type":"ListItem","position":1,"name":"In\u00edcio","item":"https:\/\/semead.com.br\/29\/"},{"@type":"ListItem","position":2,"name":"Fast-Track"}]},{"@type":"WebSite","@id":"https:\/\/semead.com.br\/29\/#website","url":"https:\/\/semead.com.br\/29\/","name":"XXIX SemeAd","description":"Semin\u00e1rios em administra\u00e7\u00e3o","potentialAction":[{"@type":"SearchAction","target":{"@type":"EntryPoint","urlTemplate":"https:\/\/semead.com.br\/29\/?s={search_term_string}"},"query-input":{"@type":"PropertyValueSpecification","valueRequired":true,"valueName":"search_term_string"}}],"inLanguage":"pt-BR"}]}},"tpgb_featured_images":null,"tpgb_post_meta_info":{"get_date":"26 de abril de 2013","get_modified_date":"27 de abril de 2026","author_name":"fernando yada","author_url":"https:\/\/semead.com.br\/29\/author\/fernando-yada\/","author_email":"fernandoyada@gmail.com","author_website":"","author_description":"","author_facebook":"","author_twitter":"","author_instagram":"","author_role":[],"author_firstname":"","author_lastname":"","user_login":"fernando yada","author_avatar":"<img alt='' src='https:\/\/secure.gravatar.com\/avatar\/e12b4edc71c65a7866bb5109793beca18c7cebc936f8b62643a50a4c990e8426?s=200&#038;d=mm&#038;r=g' srcset='https:\/\/secure.gravatar.com\/avatar\/e12b4edc71c65a7866bb5109793beca18c7cebc936f8b62643a50a4c990e8426?s=400&#038;d=mm&#038;r=g 2x' class='avatar avatar-200 photo' height='200' width='200' decoding='async'\/>","author_avatar_url":"https:\/\/secure.gravatar.com\/avatar\/e12b4edc71c65a7866bb5109793beca18c7cebc936f8b62643a50a4c990e8426?s=96&d=mm&r=g","comment_count":0,"post_likes":0,"post_views":0},"tpgb_post_category":[],"jetpack_sharing_enabled":true,"_links":{"self":[{"href":"https:\/\/semead.com.br\/29\/wp-json\/wp\/v2\/pages\/25","targetHints":{"allow":["GET"]}}],"collection":[{"href":"https:\/\/semead.com.br\/29\/wp-json\/wp\/v2\/pages"}],"about":[{"href":"https:\/\/semead.com.br\/29\/wp-json\/wp\/v2\/types\/page"}],"author":[{"embeddable":true,"href":"https:\/\/semead.com.br\/29\/wp-json\/wp\/v2\/users\/1"}],"replies":[{"embeddable":true,"href":"https:\/\/semead.com.br\/29\/wp-json\/wp\/v2\/comments?post=25"}],"version-history":[{"count":3,"href":"https:\/\/semead.com.br\/29\/wp-json\/wp\/v2\/pages\/25\/revisions"}],"predecessor-version":[{"id":35789,"href":"https:\/\/semead.com.br\/29\/wp-json\/wp\/v2\/pages\/25\/revisions\/35789"}],"wp:attachment":[{"href":"https:\/\/semead.com.br\/29\/wp-json\/wp\/v2\/media?parent=25"}],"curies":[{"name":"wp","href":"https:\/\/api.w.org\/{rel}","templated":true}]}}