{"id":28850,"date":"2023-06-02T16:22:35","date_gmt":"2023-06-02T19:22:35","guid":{"rendered":"https:\/\/semead.com.br\/29-novo\/?page_id=28850"},"modified":"2023-06-02T16:36:02","modified_gmt":"2023-06-02T19:36:02","slug":"doctoral-consortium","status":"publish","type":"page","link":"https:\/\/semead.com.br\/29\/doctoral-consortium\/","title":{"rendered":"Doctoral Consortium"},"content":{"rendered":"\t\t<div data-elementor-type=\"wp-page\" data-elementor-id=\"28850\" class=\"elementor elementor-28850\" data-elementor-post-type=\"page\">\n\t\t\t\t\t\t<section class=\"elementor-section elementor-top-section elementor-element elementor-element-2a08d3b elementor-section-boxed elementor-section-height-default elementor-section-height-default\" data-id=\"2a08d3b\" data-element_type=\"section\" data-e-type=\"section\">\n\t\t\t\t\t\t<div class=\"elementor-container elementor-column-gap-default\">\n\t\t\t\t\t<div class=\"elementor-column elementor-col-50 elementor-top-column elementor-element elementor-element-d940411\" data-id=\"d940411\" data-element_type=\"column\" data-e-type=\"column\">\n\t\t\t<div class=\"elementor-widget-wrap elementor-element-populated\">\n\t\t\t\t\t\t<div class=\"elementor-element elementor-element-c24e646 elementor-widget elementor-widget-text-editor\" data-id=\"c24e646\" data-element_type=\"widget\" data-e-type=\"widget\" data-widget_type=\"text-editor.default\">\n\t\t\t\t<div class=\"elementor-widget-container\">\n\t\t\t\t\t\t\t\t\t<p>The SemeAd Doctoral Consortium invites doctoral students to submit their Academic Doctoral Thesis proposals in the following areas: Public Administration; Entrepreneurship; Organizational Strategy; Innovation management; Organizational Studies; Social and Environmental Management; Finance; People Management and Marketing.<\/p><p>Since last year, we have a new area for submissions dedicated to Professional Doctoral Thesis proposals. Thus, if you are doing a professional doctorate, submit your proposal indicating the \u201cProfessional Doctorate\u201d area, regardless of the thematic area.<\/p><p>All submissions will be appreciated by the Consortium Coordinator and the Leaders of each of the areas of the Doctoral Consortium. The most suitable submissions will be selected. The panel will be composed of two PhD professors, who will present suggestions and reflections on their proposal.<\/p><p>It is important to note that submissions follow SemeAd&#8217;s schedule. However, PhD students with approved and registered proposals will be invited to submit (optional) a more updated version of the project, one month before the date of the examination. We do this because we know that throughout the submission period until the presentation, the doctoral student is working on improving his project. Therefore, we offer the opportunity for the doctoral student to place the version closest to the current one for the examination of the bank.<\/p>\t\t\t\t\t\t\t\t<\/div>\n\t\t\t\t<\/div>\n\t\t\t\t\t<\/div>\n\t\t<\/div>\n\t\t\t\t<div class=\"elementor-column elementor-col-50 elementor-top-column elementor-element elementor-element-a7c2937\" data-id=\"a7c2937\" data-element_type=\"column\" data-e-type=\"column\">\n\t\t\t<div class=\"elementor-widget-wrap elementor-element-populated\">\n\t\t\t\t<div class=\"elementor-element elementor-element-5fb99e7 e-con-full e-flex e-con e-parent\" data-id=\"5fb99e7\" data-element_type=\"container\" data-e-type=\"container\" data-settings=\"{&quot;background_background&quot;:&quot;classic&quot;}\">\n\t\t\t\t<div class=\"elementor-element elementor-element-60d86b3 elementor-widget elementor-widget-heading\" data-id=\"60d86b3\" data-element_type=\"widget\" data-e-type=\"widget\" data-widget_type=\"heading.default\">\n\t\t\t\t<div class=\"elementor-widget-container\">\n\t\t\t\t\t<h4 class=\"elementor-heading-title elementor-size-default\"><a href=\"https:\/\/semead.com.br\/26\/regras-para-submissao-ao-consorcio\/\">Access the doctoral consortium submission rules\u200b<\/a><\/h4>\t\t\t\t<\/div>\n\t\t\t\t<\/div>\n\t\t\t\t<div class=\"elementor-element elementor-element-8c385d6 elementor-align-justify elementor-widget elementor-widget-button\" data-id=\"8c385d6\" data-element_type=\"widget\" data-e-type=\"widget\" data-widget_type=\"button.default\">\n\t\t\t\t<div class=\"elementor-widget-container\">\n\t\t\t\t\t\t\t\t\t<div class=\"elementor-button-wrapper\">\n\t\t\t\t\t<a class=\"elementor-button elementor-button-link elementor-size-sm\" href=\"https:\/\/semead.com.br\/26\/regras-para-submissao-ao-consorcio\/\">\n\t\t\t\t\t\t<span class=\"elementor-button-content-wrapper\">\n\t\t\t\t\t\t\t\t\t<span class=\"elementor-button-text\">Click here to see the submission rules<\/span>\n\t\t\t\t\t<\/span>\n\t\t\t\t\t<\/a>\n\t\t\t\t<\/div>\n\t\t\t\t\t\t\t\t<\/div>\n\t\t\t\t<\/div>\n\t\t\t\t<\/div>\n\t\t\t\t\t<\/div>\n\t\t<\/div>\n\t\t\t\t\t<\/div>\n\t\t<\/section>\n\t\t\t\t<section class=\"elementor-section elementor-top-section elementor-element elementor-element-9ad4183 elementor-section-boxed elementor-section-height-default elementor-section-height-default\" data-id=\"9ad4183\" data-element_type=\"section\" data-e-type=\"section\">\n\t\t\t\t\t\t<div class=\"elementor-container elementor-column-gap-default\">\n\t\t\t\t\t<div class=\"elementor-column elementor-col-100 elementor-top-column elementor-element elementor-element-e72cbf2\" data-id=\"e72cbf2\" data-element_type=\"column\" data-e-type=\"column\">\n\t\t\t<div class=\"elementor-widget-wrap elementor-element-populated\">\n\t\t\t\t\t\t<div class=\"elementor-element elementor-element-b508599 elementor-alert-info elementor-widget elementor-widget-alert\" data-id=\"b508599\" data-element_type=\"widget\" data-e-type=\"widget\" data-widget_type=\"alert.default\">\n\t\t\t\t<div class=\"elementor-widget-container\">\n\t\t\t\t\t\t\t<div class=\"elementor-alert\" role=\"alert\">\n\n\t\t\t\t\t\t<span class=\"elementor-alert-title\">Observation:<\/span>\n\t\t\t\n\t\t\t\t\t\t<span class=\"elementor-alert-description\">The activities of the Doctoral Consortium will be carried out exclusively online, on 11\/08 (Tuesday). The schedule of lectures and stalls will be announced in due course.<\/span>\n\t\t\t\n\t\t\t\t\t\t<button type=\"button\" class=\"elementor-alert-dismiss\" aria-label=\"Dispensar este alerta.\">\n\t\t\t\t\t\t\t\t\t<span aria-hidden=\"true\">&times;<\/span>\n\t\t\t\t\t\t\t<\/button>\n\t\t\t\n\t\t<\/div>\n\t\t\t\t\t\t<\/div>\n\t\t\t\t<\/div>\n\t\t\t\t<div class=\"elementor-element elementor-element-aa048ff elementor-alert-info elementor-widget elementor-widget-alert\" data-id=\"aa048ff\" data-element_type=\"widget\" data-e-type=\"widget\" data-widget_type=\"alert.default\">\n\t\t\t\t<div class=\"elementor-widget-container\">\n\t\t\t\t\t\t\t<div class=\"elementor-alert\" role=\"alert\">\n\n\t\t\t\t\t\t<span class=\"elementor-alert-title\">For doctoral students contemplated in the doctoral consortium we offer benefits to come:<\/span>\n\t\t\t\n\t\t\t\t\t\t<span class=\"elementor-alert-description\">Stay the night of 11\/7 at a hotel defined by the organization of the event; exemption from registration fee; Bonus for participation in 1 outdoor living activity on 11\/7.\nAirfare and other stays are at the expense of the congressman.<\/span>\n\t\t\t\n\t\t\t\t\t\t<button type=\"button\" class=\"elementor-alert-dismiss\" aria-label=\"Dispensar este alerta.\">\n\t\t\t\t\t\t\t\t\t<span aria-hidden=\"true\">&times;<\/span>\n\t\t\t\t\t\t\t<\/button>\n\t\t\t\n\t\t<\/div>\n\t\t\t\t\t\t<\/div>\n\t\t\t\t<\/div>\n\t\t\t\t\t<\/div>\n\t\t<\/div>\n\t\t\t\t\t<\/div>\n\t\t<\/section>\n\t\t\t\t<\/div>\n\t\t","protected":false},"excerpt":{"rendered":"<p>The SemeAd Doctoral Consortium invites doctoral students to submit their Academic Doctoral Thesis proposals in the following areas: Public Administration; Entrepreneurship; Organizational Strategy; Innovation management; Organizational Studies; Social and Environmental Management; Finance; People Management and Marketing. Since last year, we have a new area for submissions dedicated to Professional Doctoral Thesis proposals. Thus, if you [&hellip;]<\/p>\n","protected":false},"author":14,"featured_media":0,"parent":0,"menu_order":0,"comment_status":"closed","ping_status":"closed","template":"","meta":{"_acf_changed":false,"tpgb_global_settings":"","inline_featured_image":false,"_monsterinsights_skip_tracking":false,"_monsterinsights_sitenote_active":false,"_monsterinsights_sitenote_note":"","_monsterinsights_sitenote_category":0,"footnotes":""},"class_list":["post-28850","page","type-page","status-publish","hentry"],"acf":{"coordenadores":null,"audio_da_coordenacao":null,"temas":null},"yoast_head":"<!-- This site is optimized with the Yoast SEO plugin v27.5 - https:\/\/yoast.com\/product\/yoast-seo-wordpress\/ -->\n<title>Doctoral Consortium - XXIX SemeAd<\/title>\n<meta name=\"robots\" content=\"index, follow, max-snippet:-1, max-image-preview:large, max-video-preview:-1\" \/>\n<link rel=\"canonical\" href=\"https:\/\/semead.com.br\/29\/doctoral-consortium\/\" \/>\n<meta property=\"og:locale\" content=\"pt_BR\" \/>\n<meta property=\"og:type\" content=\"article\" \/>\n<meta property=\"og:title\" content=\"Doctoral Consortium - XXIX SemeAd\" \/>\n<meta property=\"og:description\" content=\"The SemeAd Doctoral Consortium invites doctoral students to submit their Academic Doctoral Thesis proposals in the following areas: Public Administration; Entrepreneurship; Organizational Strategy; Innovation management; Organizational Studies; Social and Environmental Management; Finance; People Management and Marketing. Since last year, we have a new area for submissions dedicated to Professional Doctoral Thesis proposals. Thus, if you [&hellip;]\" \/>\n<meta property=\"og:url\" content=\"https:\/\/semead.com.br\/29\/doctoral-consortium\/\" \/>\n<meta property=\"og:site_name\" content=\"XXIX SemeAd\" \/>\n<meta property=\"article:modified_time\" content=\"2023-06-02T19:36:02+00:00\" \/>\n<meta name=\"twitter:card\" content=\"summary_large_image\" \/>\n<meta name=\"twitter:label1\" content=\"Est. tempo de leitura\" \/>\n\t<meta name=\"twitter:data1\" content=\"2 minutos\" \/>\n<script type=\"application\/ld+json\" class=\"yoast-schema-graph\">{\"@context\":\"https:\\\/\\\/schema.org\",\"@graph\":[{\"@type\":\"WebPage\",\"@id\":\"https:\\\/\\\/semead.com.br\\\/29\\\/doctoral-consortium\\\/\",\"url\":\"https:\\\/\\\/semead.com.br\\\/29\\\/doctoral-consortium\\\/\",\"name\":\"Doctoral Consortium - XXIX SemeAd\",\"isPartOf\":{\"@id\":\"https:\\\/\\\/semead.com.br\\\/29\\\/#website\"},\"datePublished\":\"2023-06-02T19:22:35+00:00\",\"dateModified\":\"2023-06-02T19:36:02+00:00\",\"breadcrumb\":{\"@id\":\"https:\\\/\\\/semead.com.br\\\/29\\\/doctoral-consortium\\\/#breadcrumb\"},\"inLanguage\":\"pt-BR\",\"potentialAction\":[{\"@type\":\"ReadAction\",\"target\":[\"https:\\\/\\\/semead.com.br\\\/29\\\/doctoral-consortium\\\/\"]}]},{\"@type\":\"BreadcrumbList\",\"@id\":\"https:\\\/\\\/semead.com.br\\\/29\\\/doctoral-consortium\\\/#breadcrumb\",\"itemListElement\":[{\"@type\":\"ListItem\",\"position\":1,\"name\":\"In\u00edcio\",\"item\":\"https:\\\/\\\/semead.com.br\\\/29\\\/\"},{\"@type\":\"ListItem\",\"position\":2,\"name\":\"Doctoral Consortium\"}]},{\"@type\":\"WebSite\",\"@id\":\"https:\\\/\\\/semead.com.br\\\/29\\\/#website\",\"url\":\"https:\\\/\\\/semead.com.br\\\/29\\\/\",\"name\":\"XXIX SemeAd\",\"description\":\"Semin\u00e1rios em administra\u00e7\u00e3o\",\"potentialAction\":[{\"@type\":\"SearchAction\",\"target\":{\"@type\":\"EntryPoint\",\"urlTemplate\":\"https:\\\/\\\/semead.com.br\\\/29\\\/?s={search_term_string}\"},\"query-input\":{\"@type\":\"PropertyValueSpecification\",\"valueRequired\":true,\"valueName\":\"search_term_string\"}}],\"inLanguage\":\"pt-BR\"}]}<\/script>\n<!-- \/ Yoast SEO plugin. -->","yoast_head_json":{"title":"Doctoral Consortium - XXIX SemeAd","robots":{"index":"index","follow":"follow","max-snippet":"max-snippet:-1","max-image-preview":"max-image-preview:large","max-video-preview":"max-video-preview:-1"},"canonical":"https:\/\/semead.com.br\/29\/doctoral-consortium\/","og_locale":"pt_BR","og_type":"article","og_title":"Doctoral Consortium - XXIX SemeAd","og_description":"The SemeAd Doctoral Consortium invites doctoral students to submit their Academic Doctoral Thesis proposals in the following areas: Public Administration; Entrepreneurship; Organizational Strategy; Innovation management; Organizational Studies; Social and Environmental Management; Finance; People Management and Marketing. Since last year, we have a new area for submissions dedicated to Professional Doctoral Thesis proposals. Thus, if you [&hellip;]","og_url":"https:\/\/semead.com.br\/29\/doctoral-consortium\/","og_site_name":"XXIX SemeAd","article_modified_time":"2023-06-02T19:36:02+00:00","twitter_card":"summary_large_image","twitter_misc":{"Est. tempo de leitura":"2 minutos"},"schema":{"@context":"https:\/\/schema.org","@graph":[{"@type":"WebPage","@id":"https:\/\/semead.com.br\/29\/doctoral-consortium\/","url":"https:\/\/semead.com.br\/29\/doctoral-consortium\/","name":"Doctoral Consortium - XXIX SemeAd","isPartOf":{"@id":"https:\/\/semead.com.br\/29\/#website"},"datePublished":"2023-06-02T19:22:35+00:00","dateModified":"2023-06-02T19:36:02+00:00","breadcrumb":{"@id":"https:\/\/semead.com.br\/29\/doctoral-consortium\/#breadcrumb"},"inLanguage":"pt-BR","potentialAction":[{"@type":"ReadAction","target":["https:\/\/semead.com.br\/29\/doctoral-consortium\/"]}]},{"@type":"BreadcrumbList","@id":"https:\/\/semead.com.br\/29\/doctoral-consortium\/#breadcrumb","itemListElement":[{"@type":"ListItem","position":1,"name":"In\u00edcio","item":"https:\/\/semead.com.br\/29\/"},{"@type":"ListItem","position":2,"name":"Doctoral Consortium"}]},{"@type":"WebSite","@id":"https:\/\/semead.com.br\/29\/#website","url":"https:\/\/semead.com.br\/29\/","name":"XXIX SemeAd","description":"Semin\u00e1rios em administra\u00e7\u00e3o","potentialAction":[{"@type":"SearchAction","target":{"@type":"EntryPoint","urlTemplate":"https:\/\/semead.com.br\/29\/?s={search_term_string}"},"query-input":{"@type":"PropertyValueSpecification","valueRequired":true,"valueName":"search_term_string"}}],"inLanguage":"pt-BR"}]}},"tpgb_featured_images":null,"tpgb_post_meta_info":{"get_date":"2 de junho de 2023","get_modified_date":"2 de junho de 2023","author_name":"","author_url":"https:\/\/semead.com.br\/29\/author\/","author_email":"","author_website":"","author_description":"","author_facebook":"","author_twitter":"","author_instagram":"","author_role":"","author_firstname":"","author_lastname":"","user_login":"","author_avatar":"<img alt='' src='https:\/\/secure.gravatar.com\/avatar\/?s=200&#038;d=mm&#038;r=g' srcset='https:\/\/secure.gravatar.com\/avatar\/?s=400&#038;d=mm&#038;r=g 2x' class='avatar avatar-200 photo avatar-default' height='200' width='200' decoding='async'\/>","author_avatar_url":"https:\/\/secure.gravatar.com\/avatar\/?s=96&d=mm&r=g","comment_count":0,"post_likes":0,"post_views":0},"tpgb_post_category":[],"jetpack_sharing_enabled":true,"_links":{"self":[{"href":"https:\/\/semead.com.br\/29\/wp-json\/wp\/v2\/pages\/28850","targetHints":{"allow":["GET"]}}],"collection":[{"href":"https:\/\/semead.com.br\/29\/wp-json\/wp\/v2\/pages"}],"about":[{"href":"https:\/\/semead.com.br\/29\/wp-json\/wp\/v2\/types\/page"}],"author":[{"embeddable":true,"href":"https:\/\/semead.com.br\/29\/wp-json\/wp\/v2\/users\/14"}],"replies":[{"embeddable":true,"href":"https:\/\/semead.com.br\/29\/wp-json\/wp\/v2\/comments?post=28850"}],"version-history":[{"count":0,"href":"https:\/\/semead.com.br\/29\/wp-json\/wp\/v2\/pages\/28850\/revisions"}],"wp:attachment":[{"href":"https:\/\/semead.com.br\/29\/wp-json\/wp\/v2\/media?parent=28850"}],"curies":[{"name":"wp","href":"https:\/\/api.w.org\/{rel}","templated":true}]}}