{"id":30644,"date":"2023-11-06T22:49:30","date_gmt":"2023-11-07T01:49:30","guid":{"rendered":"https:\/\/semead.com.br\/29-novo\/?page_id=30644"},"modified":"2023-11-06T22:49:32","modified_gmt":"2023-11-07T01:49:32","slug":"fundo-de-tela","status":"publish","type":"page","link":"https:\/\/semead.com.br\/29\/fundo-de-tela\/","title":{"rendered":"Fundo de tela"},"content":{"rendered":"\n<p>Fundo de tela oficial do SemeAd<\/p>\n\n\n\n<h2 class=\"wp-block-heading\">Modelo 1<\/h2>\n\n\n\n<figure class=\"wp-block-image size-full\"><img data-recalc-dims=\"1\" decoding=\"async\" src=\"https:\/\/i0.wp.com\/semead.com.br\/29-novo\/wp-content\/uploads\/sites\/21\/2023\/11\/1-Plano-de-Fundo-Laranja.png?w=1140&#038;ssl=1\" alt=\"\" class=\"wp-image-30642\"\/><\/figure>\n\n\n\n<h2 class=\"wp-block-heading\">Modelo 2<\/h2>\n\n\n\n<figure class=\"wp-block-image size-full\"><img data-recalc-dims=\"1\" decoding=\"async\" src=\"https:\/\/i0.wp.com\/semead.com.br\/29-novo\/wp-content\/uploads\/sites\/21\/2023\/11\/2-Plano-de-Fundo-Azul.png?w=1140&#038;ssl=1\" alt=\"\" class=\"wp-image-30640\"\/><\/figure>\n","protected":false},"excerpt":{"rendered":"<p>Fundo de tela oficial do SemeAd Modelo 1 Modelo 2<\/p>\n","protected":false},"author":4,"featured_media":0,"parent":0,"menu_order":0,"comment_status":"closed","ping_status":"closed","template":"","meta":{"_acf_changed":false,"tpgb_global_settings":"","inline_featured_image":false,"_monsterinsights_skip_tracking":false,"_monsterinsights_sitenote_active":false,"_monsterinsights_sitenote_note":"","_monsterinsights_sitenote_category":0,"footnotes":""},"class_list":["post-30644","page","type-page","status-publish","hentry"],"acf":{"coordenadores":null,"audio_da_coordenacao":null,"temas":null},"yoast_head":"<!-- This site is optimized with the Yoast SEO plugin v27.5 - https:\/\/yoast.com\/product\/yoast-seo-wordpress\/ -->\n<title>Fundo de tela - XXIX SemeAd<\/title>\n<meta name=\"robots\" content=\"index, follow, max-snippet:-1, max-image-preview:large, max-video-preview:-1\" \/>\n<link rel=\"canonical\" href=\"https:\/\/semead.com.br\/29\/fundo-de-tela\/\" \/>\n<meta property=\"og:locale\" content=\"pt_BR\" \/>\n<meta property=\"og:type\" content=\"article\" \/>\n<meta property=\"og:title\" content=\"Fundo de tela - XXIX SemeAd\" \/>\n<meta property=\"og:description\" content=\"Fundo de tela oficial do SemeAd Modelo 1 Modelo 2\" \/>\n<meta property=\"og:url\" content=\"https:\/\/semead.com.br\/29\/fundo-de-tela\/\" \/>\n<meta property=\"og:site_name\" content=\"XXIX SemeAd\" \/>\n<meta property=\"article:modified_time\" content=\"2023-11-07T01:49:32+00:00\" \/>\n<meta property=\"og:image\" content=\"https:\/\/semead.com.br\/29-novo\/wp-content\/uploads\/sites\/21\/2023\/11\/1-Plano-de-Fundo-Laranja.png\" \/>\n<meta name=\"twitter:card\" content=\"summary_large_image\" \/>\n<meta name=\"twitter:label1\" content=\"Est. tempo de leitura\" \/>\n\t<meta name=\"twitter:data1\" content=\"1 minuto\" \/>\n<script type=\"application\/ld+json\" class=\"yoast-schema-graph\">{\"@context\":\"https:\\\/\\\/schema.org\",\"@graph\":[{\"@type\":\"WebPage\",\"@id\":\"https:\\\/\\\/semead.com.br\\\/29\\\/fundo-de-tela\\\/\",\"url\":\"https:\\\/\\\/semead.com.br\\\/29\\\/fundo-de-tela\\\/\",\"name\":\"Fundo de tela - XXIX SemeAd\",\"isPartOf\":{\"@id\":\"https:\\\/\\\/semead.com.br\\\/29\\\/#website\"},\"primaryImageOfPage\":{\"@id\":\"https:\\\/\\\/semead.com.br\\\/29\\\/fundo-de-tela\\\/#primaryimage\"},\"image\":{\"@id\":\"https:\\\/\\\/semead.com.br\\\/29\\\/fundo-de-tela\\\/#primaryimage\"},\"thumbnailUrl\":\"https:\\\/\\\/semead.com.br\\\/29-novo\\\/wp-content\\\/uploads\\\/sites\\\/21\\\/2023\\\/11\\\/1-Plano-de-Fundo-Laranja.png\",\"datePublished\":\"2023-11-07T01:49:30+00:00\",\"dateModified\":\"2023-11-07T01:49:32+00:00\",\"breadcrumb\":{\"@id\":\"https:\\\/\\\/semead.com.br\\\/29\\\/fundo-de-tela\\\/#breadcrumb\"},\"inLanguage\":\"pt-BR\",\"potentialAction\":[{\"@type\":\"ReadAction\",\"target\":[\"https:\\\/\\\/semead.com.br\\\/29\\\/fundo-de-tela\\\/\"]}]},{\"@type\":\"ImageObject\",\"inLanguage\":\"pt-BR\",\"@id\":\"https:\\\/\\\/semead.com.br\\\/29\\\/fundo-de-tela\\\/#primaryimage\",\"url\":\"https:\\\/\\\/semead.com.br\\\/29-novo\\\/wp-content\\\/uploads\\\/sites\\\/21\\\/2023\\\/11\\\/1-Plano-de-Fundo-Laranja.png\",\"contentUrl\":\"https:\\\/\\\/semead.com.br\\\/29-novo\\\/wp-content\\\/uploads\\\/sites\\\/21\\\/2023\\\/11\\\/1-Plano-de-Fundo-Laranja.png\"},{\"@type\":\"BreadcrumbList\",\"@id\":\"https:\\\/\\\/semead.com.br\\\/29\\\/fundo-de-tela\\\/#breadcrumb\",\"itemListElement\":[{\"@type\":\"ListItem\",\"position\":1,\"name\":\"In\u00edcio\",\"item\":\"https:\\\/\\\/semead.com.br\\\/29\\\/\"},{\"@type\":\"ListItem\",\"position\":2,\"name\":\"Fundo de tela\"}]},{\"@type\":\"WebSite\",\"@id\":\"https:\\\/\\\/semead.com.br\\\/29\\\/#website\",\"url\":\"https:\\\/\\\/semead.com.br\\\/29\\\/\",\"name\":\"XXIX SemeAd\",\"description\":\"Semin\u00e1rios em administra\u00e7\u00e3o\",\"potentialAction\":[{\"@type\":\"SearchAction\",\"target\":{\"@type\":\"EntryPoint\",\"urlTemplate\":\"https:\\\/\\\/semead.com.br\\\/29\\\/?s={search_term_string}\"},\"query-input\":{\"@type\":\"PropertyValueSpecification\",\"valueRequired\":true,\"valueName\":\"search_term_string\"}}],\"inLanguage\":\"pt-BR\"}]}<\/script>\n<!-- \/ Yoast SEO plugin. -->","yoast_head_json":{"title":"Fundo de tela - XXIX SemeAd","robots":{"index":"index","follow":"follow","max-snippet":"max-snippet:-1","max-image-preview":"max-image-preview:large","max-video-preview":"max-video-preview:-1"},"canonical":"https:\/\/semead.com.br\/29\/fundo-de-tela\/","og_locale":"pt_BR","og_type":"article","og_title":"Fundo de tela - XXIX SemeAd","og_description":"Fundo de tela oficial do SemeAd Modelo 1 Modelo 2","og_url":"https:\/\/semead.com.br\/29\/fundo-de-tela\/","og_site_name":"XXIX SemeAd","article_modified_time":"2023-11-07T01:49:32+00:00","og_image":[{"url":"https:\/\/semead.com.br\/29-novo\/wp-content\/uploads\/sites\/21\/2023\/11\/1-Plano-de-Fundo-Laranja.png","type":"","width":"","height":""}],"twitter_card":"summary_large_image","twitter_misc":{"Est. tempo de leitura":"1 minuto"},"schema":{"@context":"https:\/\/schema.org","@graph":[{"@type":"WebPage","@id":"https:\/\/semead.com.br\/29\/fundo-de-tela\/","url":"https:\/\/semead.com.br\/29\/fundo-de-tela\/","name":"Fundo de tela - XXIX SemeAd","isPartOf":{"@id":"https:\/\/semead.com.br\/29\/#website"},"primaryImageOfPage":{"@id":"https:\/\/semead.com.br\/29\/fundo-de-tela\/#primaryimage"},"image":{"@id":"https:\/\/semead.com.br\/29\/fundo-de-tela\/#primaryimage"},"thumbnailUrl":"https:\/\/semead.com.br\/29-novo\/wp-content\/uploads\/sites\/21\/2023\/11\/1-Plano-de-Fundo-Laranja.png","datePublished":"2023-11-07T01:49:30+00:00","dateModified":"2023-11-07T01:49:32+00:00","breadcrumb":{"@id":"https:\/\/semead.com.br\/29\/fundo-de-tela\/#breadcrumb"},"inLanguage":"pt-BR","potentialAction":[{"@type":"ReadAction","target":["https:\/\/semead.com.br\/29\/fundo-de-tela\/"]}]},{"@type":"ImageObject","inLanguage":"pt-BR","@id":"https:\/\/semead.com.br\/29\/fundo-de-tela\/#primaryimage","url":"https:\/\/semead.com.br\/29-novo\/wp-content\/uploads\/sites\/21\/2023\/11\/1-Plano-de-Fundo-Laranja.png","contentUrl":"https:\/\/semead.com.br\/29-novo\/wp-content\/uploads\/sites\/21\/2023\/11\/1-Plano-de-Fundo-Laranja.png"},{"@type":"BreadcrumbList","@id":"https:\/\/semead.com.br\/29\/fundo-de-tela\/#breadcrumb","itemListElement":[{"@type":"ListItem","position":1,"name":"In\u00edcio","item":"https:\/\/semead.com.br\/29\/"},{"@type":"ListItem","position":2,"name":"Fundo de tela"}]},{"@type":"WebSite","@id":"https:\/\/semead.com.br\/29\/#website","url":"https:\/\/semead.com.br\/29\/","name":"XXIX SemeAd","description":"Semin\u00e1rios em administra\u00e7\u00e3o","potentialAction":[{"@type":"SearchAction","target":{"@type":"EntryPoint","urlTemplate":"https:\/\/semead.com.br\/29\/?s={search_term_string}"},"query-input":{"@type":"PropertyValueSpecification","valueRequired":true,"valueName":"search_term_string"}}],"inLanguage":"pt-BR"}]}},"tpgb_featured_images":null,"tpgb_post_meta_info":{"get_date":"6 de novembro de 2023","get_modified_date":"6 de novembro de 2023","author_name":"semeadfernandoyada77","author_url":"https:\/\/semead.com.br\/29\/author\/semeadfernandoyada77\/","author_email":"fernandoyada+semead@gmail.com","author_website":"","author_description":"","author_facebook":"","author_twitter":"","author_instagram":"","author_role":["administrator"],"author_firstname":"","author_lastname":"","user_login":"semeadfernandoyada77","author_avatar":"<img alt='' src='https:\/\/secure.gravatar.com\/avatar\/5cf727b92add7940479f95be27b8a9f4752bdd62514030afb7ce6d274c363cee?s=200&#038;d=mm&#038;r=g' srcset='https:\/\/secure.gravatar.com\/avatar\/5cf727b92add7940479f95be27b8a9f4752bdd62514030afb7ce6d274c363cee?s=400&#038;d=mm&#038;r=g 2x' class='avatar avatar-200 photo' height='200' width='200' decoding='async'\/>","author_avatar_url":"https:\/\/secure.gravatar.com\/avatar\/5cf727b92add7940479f95be27b8a9f4752bdd62514030afb7ce6d274c363cee?s=96&d=mm&r=g","comment_count":0,"post_likes":0,"post_views":0},"tpgb_post_category":[],"jetpack_sharing_enabled":true,"_links":{"self":[{"href":"https:\/\/semead.com.br\/29\/wp-json\/wp\/v2\/pages\/30644","targetHints":{"allow":["GET"]}}],"collection":[{"href":"https:\/\/semead.com.br\/29\/wp-json\/wp\/v2\/pages"}],"about":[{"href":"https:\/\/semead.com.br\/29\/wp-json\/wp\/v2\/types\/page"}],"author":[{"embeddable":true,"href":"https:\/\/semead.com.br\/29\/wp-json\/wp\/v2\/users\/4"}],"replies":[{"embeddable":true,"href":"https:\/\/semead.com.br\/29\/wp-json\/wp\/v2\/comments?post=30644"}],"version-history":[{"count":0,"href":"https:\/\/semead.com.br\/29\/wp-json\/wp\/v2\/pages\/30644\/revisions"}],"wp:attachment":[{"href":"https:\/\/semead.com.br\/29\/wp-json\/wp\/v2\/media?parent=30644"}],"curies":[{"name":"wp","href":"https:\/\/api.w.org\/{rel}","templated":true}]}}