{"id":31,"date":"2013-04-26T00:21:48","date_gmt":"2013-04-26T00:21:48","guid":{"rendered":"http:\/\/semead.com.br\/?page_id=31"},"modified":"2025-04-28T14:31:58","modified_gmt":"2025-04-28T17:31:58","slug":"edicoes-anteriores","status":"publish","type":"page","link":"https:\/\/semead.com.br\/29\/edicoes-anteriores\/","title":{"rendered":"Edi\u00e7\u00f5es Anteriores"},"content":{"rendered":"\n<h3 class=\"wp-block-heading\">XXVII SemeAd &#8211; 2024<\/h3>\n\n\n<a href=\"https:\/\/semead.com.br\/27\" class=\"symple-button normal navy   \" target=\"_blank\"\" title=\"27 SemeAd\" style=\"border-radius:10px\" rel=\"\"><span class=\"symple-button-inner\" style=\"border-radius:10px\">Site<\/span><\/a>\n\n\n<a href=\"http:\/\/login.semead.com.br\/27semead\/anais\/\" class=\"symple-button normal navy   \" target=\"_blank\"\" title=\"27 SemeAd - Anais\" style=\"border-radius:10px\" rel=\"\"><span class=\"symple-button-inner\" style=\"border-radius:10px\">Anais<\/span><\/a>\n\n\n\n<hr class=\"wp-block-separator has-alpha-channel-opacity\"\/>\n\n\n\n<h3 class=\"wp-block-heading\">XXVI SemeAd &#8211; 2023<\/h3>\n\n\n<a href=\"https:\/\/semead.com.br\/26\" class=\"symple-button normal navy   \" target=\"_blank\"\" title=\"26 SemeAd\" style=\"border-radius:10px\" rel=\"\"><span class=\"symple-button-inner\" style=\"border-radius:10px\">Site<\/span><\/a>\n\n\n<a href=\"http:\/\/login.semead.com.br\/26semead\/anais\/\" class=\"symple-button normal navy   \" target=\"_blank\"\" title=\"25 SemeAd - Anais\" style=\"border-radius:10px\" rel=\"\"><span class=\"symple-button-inner\" style=\"border-radius:10px\">Anais<\/span><\/a>\n\n\n\n<hr class=\"wp-block-separator has-alpha-channel-opacity\"\/>\n\n\n\n<h3 class=\"wp-block-heading\">XXV SemeAd &#8211; 2022<\/h3>\n\n\n<a href=\"https:\/\/semead.com.br\/25\" class=\"symple-button normal navy   \" target=\"_blank\"\" title=\"25 SemeAd\" style=\"border-radius:10px\" rel=\"\"><span class=\"symple-button-inner\" style=\"border-radius:10px\">Site<\/span><\/a>\n\n\n<a href=\"http:\/\/submissao.semead.com.br\/25semead\/anais\/\" class=\"symple-button normal navy   \" target=\"_blank\"\" title=\"25 SemeAd - Anais\" style=\"border-radius:10px\" rel=\"\"><span class=\"symple-button-inner\" style=\"border-radius:10px\">Anais<\/span><\/a>\n\n\n\n<hr class=\"wp-block-separator has-alpha-channel-opacity\"\/>\n\n\n\n<h3 class=\"wp-block-heading\">XXIV SemeAd &#8211; 2021<\/h3>\n\n\n<a href=\"https:\/\/semead.com.br\/24\" class=\"symple-button normal navy   \" target=\"_blank\"\" title=\"24 SemeAd\" style=\"border-radius:10px\" rel=\"\"><span class=\"symple-button-inner\" style=\"border-radius:10px\">Site<\/span><\/a>\n\n\n<a href=\"http:\/\/login.semead.com.br\/24semead\/anais\/\" class=\"symple-button normal navy   \" target=\"_blank\"\" title=\"24 SemeAd - Anais\" style=\"border-radius:10px\" rel=\"\"><span class=\"symple-button-inner\" style=\"border-radius:10px\">Anais<\/span><\/a>\n\n\n\n<hr class=\"wp-block-separator has-alpha-channel-opacity\"\/>\n\n\n\n<h3 class=\"wp-block-heading\">XXIII SemeAd &#8211; 2020<\/h3>\n\n\n<a href=\"https:\/\/semead.com.br\/23\" class=\"symple-button normal navy   \" target=\"_blank\"\" title=\"23 SemeAd\" style=\"border-radius:10px\" rel=\"\"><span class=\"symple-button-inner\" style=\"border-radius:10px\">Site<\/span><\/a>\n\n\n<a href=\"http:\/\/login.semead.com.br\/23semead\/anais\/\" class=\"symple-button normal navy   \" target=\"_blank\"\" title=\"23 SemeAd - Anais\" style=\"border-radius:10px\" rel=\"\"><span class=\"symple-button-inner\" style=\"border-radius:10px\">Anais<\/span><\/a>\n\n\n\n<hr class=\"wp-block-separator has-alpha-channel-opacity\"\/>\n\n\n\n<h3 class=\"wp-block-heading\">XXII SemeAd &#8211; 2019<\/h3>\n\n\n<a href=\"https:\/\/semead.com.br\/22\" class=\"symple-button normal navy   \" target=\"_blank\"\" title=\"22 SemeAd\" style=\"border-radius:10px\" rel=\"\"><span class=\"symple-button-inner\" style=\"border-radius:10px\">Site<\/span><\/a>\n\n\n<a href=\"http:\/\/login.semead.com.br\/22semead\/anais\/\" class=\"symple-button normal navy   \" target=\"_blank\"\" title=\"22 SemeAd - Anais\" style=\"border-radius:10px\" rel=\"\"><span class=\"symple-button-inner\" style=\"border-radius:10px\">Anais<\/span><\/a>\n\n\n\n<hr class=\"wp-block-separator has-alpha-channel-opacity\"\/>\n\n\n\n<h3 class=\"wp-block-heading\">XXI SemeAd &#8211; 2018<\/h3>\n\n\n<a href=\"https:\/\/semead.com.br\/21\" class=\"symple-button normal navy   \" target=\"_blank\"\" title=\"21 SemeAd\" style=\"border-radius:10px\" rel=\"\"><span class=\"symple-button-inner\" style=\"border-radius:10px\">Site<\/span><\/a>\n\n\n<a href=\"http:\/\/login.semead.com.br\/21semead\/anais\/\" class=\"symple-button normal navy   \" target=\"_blank\"\" title=\"21 SemeAd - Anais\" style=\"border-radius:10px\" rel=\"\"><span class=\"symple-button-inner\" style=\"border-radius:10px\">Anais<\/span><\/a>\n\n\n\n<hr class=\"wp-block-separator has-alpha-channel-opacity\"\/>\n\n\n\n<h3 class=\"wp-block-heading\">XX SemeAd &#8211; 2017<\/h3>\n\n\n<a href=\"https:\/\/semead.com.br\/20\" class=\"symple-button normal navy   \" target=\"_blank\"\" title=\"20 SemeAd\" style=\"border-radius:10px\" rel=\"\"><span class=\"symple-button-inner\" style=\"border-radius:10px\">Site<\/span><\/a>\n\n\n<a href=\"http:\/\/login.semead.com.br\/20semead\/anais\/\" class=\"symple-button normal navy   \" target=\"_blank\"\" title=\"20 SemeAd - Anais\" style=\"border-radius:10px\" rel=\"\"><span class=\"symple-button-inner\" style=\"border-radius:10px\">Anais<\/span><\/a>\n\n\n\n<hr class=\"wp-block-separator has-alpha-channel-opacity\"\/>\n\n\n\n<h3 class=\"wp-block-heading\">XIX SemeAd &#8211; 2016<\/h3>\n\n\n<a href=\"https:\/\/semead.com.br\/19\/home_\" class=\"symple-button normal navy   \" target=\"_blank\"\" title=\"19 SemeAd\" style=\"border-radius:10px\" rel=\"\"><span class=\"symple-button-inner\" style=\"border-radius:10px\">Site<\/span><\/a>\n\n\n<a href=\"http:\/\/login.semead.com.br\/19semead\/anais\/\" class=\"symple-button normal navy   \" target=\"_blank\"\" title=\"19 SemeAd - Anais\" style=\"border-radius:10px\" rel=\"\"><span class=\"symple-button-inner\" style=\"border-radius:10px\">Anais<\/span><\/a>\n\n\n\n<hr class=\"wp-block-separator has-alpha-channel-opacity\"\/>\n\n\n\n<h3 class=\"wp-block-heading\">XVIII SemeAd &#8211; 2015<\/h3>\n\n\n<a href=\"https:\/\/semead.com.br\/18\" class=\"symple-button normal navy   \" target=\"_blank\"\" title=\"18 SemeAd\" style=\"border-radius:10px\" rel=\"\"><span class=\"symple-button-inner\" style=\"border-radius:10px\">Site<\/span><\/a>\n\n\n<a href=\"http:\/\/sistema.semead.com.br\/18semead\/resultado\/\" class=\"symple-button normal navy   \" target=\"_blank\"\" title=\"18 SemeAd - Anais\" style=\"border-radius:10px\" rel=\"\"><span class=\"symple-button-inner\" style=\"border-radius:10px\">Anais<\/span><\/a>\n\n\n\n<hr class=\"wp-block-separator has-alpha-channel-opacity\"\/>\n\n\n\n<h3 class=\"wp-block-heading\">XVII SemeAd &#8211; 2014<\/h3>\n\n\n<a href=\"https:\/\/semead.com.br\/17\" class=\"symple-button normal navy   \" target=\"_blank\"\" title=\"17 SemeAd\" style=\"border-radius:10px\" rel=\"\"><span class=\"symple-button-inner\" style=\"border-radius:10px\">Site<\/span><\/a>\n\n\n<a href=\"http:\/\/sistema.semead.com.br\/17semead\/resultado\/\" class=\"symple-button normal navy   \" target=\"_blank\"\" title=\"17 SemeAd - Anais\" style=\"border-radius:10px\" rel=\"\"><span class=\"symple-button-inner\" style=\"border-radius:10px\">Anais<\/span><\/a>\n\n\n\n<hr class=\"wp-block-separator has-alpha-channel-opacity\"\/>\n\n\n\n<h3 class=\"wp-block-heading\">XVI SemeAd &#8211; 2013<\/h3>\n\n\n<a href=\"https:\/\/semead.com.br\/16\/\" class=\"symple-button normal navy   \" target=\"_blank\"\" title=\"16 SemeAd\" style=\"border-radius:10px\" rel=\"\"><span class=\"symple-button-inner\" style=\"border-radius:10px\">Site<\/span><\/a>\n\n\n<a href=\"http:\/\/sistema.semead.com.br\/16semead\/resultado\/\" class=\"symple-button normal navy   \" target=\"_blank\"\" title=\"17 SemeAd - Anais\" style=\"border-radius:10px\" rel=\"\"><span class=\"symple-button-inner\" style=\"border-radius:10px\">Anais<\/span><\/a>\n\n\n\n<hr class=\"wp-block-separator has-alpha-channel-opacity\"\/>\n\n\n\n<h3 class=\"wp-block-heading\">XV SemeAd &#8211; 2012<\/h3>\n\n\n<a href=\"http:\/\/sistema.semead.com.br\/15semead\/\" class=\"symple-button normal navy   \" target=\"_blank\"\" title=\"15 SemeAd\" style=\"border-radius:10px\" rel=\"\"><span class=\"symple-button-inner\" style=\"border-radius:10px\">Site<\/span><\/a>\n\n\n<a href=\"http:\/\/sistema.semead.com.br\/15semead\/resultado\/\" class=\"symple-button normal navy   \" target=\"_blank\"\" title=\"15 SemeAd - Anais\" style=\"border-radius:10px\" rel=\"\"><span class=\"symple-button-inner\" style=\"border-radius:10px\">Anais<\/span><\/a>\n\n\n\n<hr class=\"wp-block-separator has-alpha-channel-opacity\"\/>\n\n\n\n<h3 class=\"wp-block-heading\">XIV SemeAd &#8211; 2011<\/h3>\n\n\n<a href=\"http:\/\/sistema.semead.com.br\/14semead\/\" class=\"symple-button normal navy   \" target=\"_blank\"\" title=\"14 SemeAd\" style=\"border-radius:10px\" rel=\"\"><span class=\"symple-button-inner\" style=\"border-radius:10px\">Site<\/span><\/a>\n\n\n<a href=\"http:\/\/sistema.semead.com.br\/14semead\/resultado\/\" class=\"symple-button normal navy   \" target=\"_blank\"\" title=\"14 SemeAd - Anais\" style=\"border-radius:10px\" rel=\"\"><span class=\"symple-button-inner\" style=\"border-radius:10px\">Anais<\/span><\/a>\n\n\n\n<hr class=\"wp-block-separator has-alpha-channel-opacity\"\/>\n\n\n\n<h3 class=\"wp-block-heading\">XIII SemeAd &#8211; 2010<\/h3>\n\n\n<a href=\"http:\/\/sistema.semead.com.br\/13semead\/\" class=\"symple-button normal navy   \" target=\"_blank\"\" title=\"13 SemeAd\" style=\"border-radius:10px\" rel=\"\"><span class=\"symple-button-inner\" style=\"border-radius:10px\">Site<\/span><\/a>\n\n\n<a href=\"http:\/\/sistema.semead.com.br\/13semead\/resultado\/\" class=\"symple-button normal navy   \" target=\"_blank\"\" title=\"13 SemeAd - Anais\" style=\"border-radius:10px\" rel=\"\"><span class=\"symple-button-inner\" style=\"border-radius:10px\">Anais<\/span><\/a>\n\n\n\n<hr class=\"wp-block-separator has-alpha-channel-opacity\"\/>\n\n\n\n<h3 class=\"wp-block-heading\">XII SemeAd &#8211; 2009<\/h3>\n\n\n<a href=\"http:\/\/sistema.semead.com.br\/12semead\/\" class=\"symple-button normal navy   \" target=\"_blank\"\" title=\"12 SemeAd\" style=\"border-radius:10px\" rel=\"\"><span class=\"symple-button-inner\" style=\"border-radius:10px\">Site<\/span><\/a>\n\n\n<a href=\"http:\/\/sistema.semead.com.br\/12semead\/resultado\/\" class=\"symple-button normal navy   \" target=\"_blank\"\" title=\"12 SemeAd - Anais\" style=\"border-radius:10px\" rel=\"\"><span class=\"symple-button-inner\" style=\"border-radius:10px\">Anais<\/span><\/a>\n\n\n\n<hr class=\"wp-block-separator has-alpha-channel-opacity\"\/>\n\n\n\n<h3 class=\"wp-block-heading\">XI SemeAd &#8211; 2008<\/h3>\n\n\n<a href=\"http:\/\/sistema.semead.com.br\/11semead\/\" class=\"symple-button normal navy   \" target=\"_blank\"\" title=\"11 SemeAd\" style=\"border-radius:10px\" rel=\"\"><span class=\"symple-button-inner\" style=\"border-radius:10px\">Site<\/span><\/a>\n\n\n<a href=\"http:\/\/sistema.semead.com.br\/11semead\/resultado\/\" class=\"symple-button normal navy   \" target=\"_blank\"\" title=\"11 SemeAd - Anais\" style=\"border-radius:10px\" rel=\"\"><span class=\"symple-button-inner\" style=\"border-radius:10px\">Anais<\/span><\/a>\n\n\n\n<hr class=\"wp-block-separator has-alpha-channel-opacity\"\/>\n\n\n\n<h3 class=\"wp-block-heading\">X SemeAd &#8211; 2007<\/h3>\n\n\n<a href=\"http:\/\/sistema.semead.com.br\/10semead\/\" class=\"symple-button normal navy   \" target=\"_blank\"\" title=\"10 SemeAd\" style=\"border-radius:10px\" rel=\"\"><span class=\"symple-button-inner\" style=\"border-radius:10px\">Site<\/span><\/a>\n\n\n<a href=\"http:\/\/sistema.semead.com.br\/10semead\/sistema\/resultado\/\" class=\"symple-button normal navy   \" target=\"_blank\"\" title=\"10 SemeAd - Anais\" style=\"border-radius:10px\" rel=\"\"><span class=\"symple-button-inner\" style=\"border-radius:10px\">Anais<\/span><\/a>\n\n\n\n<hr class=\"wp-block-separator has-alpha-channel-opacity\"\/>\n\n\n\n<h3 class=\"wp-block-heading\">IX SemeAd &#8211; 2006<\/h3>\n\n\n<a href=\"http:\/\/sistema.semead.com.br\/9semead\/\" class=\"symple-button normal navy   \" target=\"_blank\"\" title=\"9 SemeAd\" style=\"border-radius:10px\" rel=\"\"><span class=\"symple-button-inner\" style=\"border-radius:10px\">Site<\/span><\/a>\n\n\n<a href=\"http:\/\/sistema.semead.com.br\/9semead\/resultado_semead\/\" class=\"symple-button normal navy   \" target=\"_blank\"\" title=\"9 SemeAd - Anais\" style=\"border-radius:10px\" rel=\"\"><span class=\"symple-button-inner\" style=\"border-radius:10px\">Anais<\/span><\/a>\n\n\n\n<hr class=\"wp-block-separator has-alpha-channel-opacity\"\/>\n\n\n\n<h3 class=\"wp-block-heading\">VIII SemeAd &#8211; 2005<\/h3>\n\n\n<a href=\"http:\/\/sistema.semead.com.br\/8semead\/\" class=\"symple-button normal navy   \" target=\"_blank\"\" title=\"8 SemeAd\" style=\"border-radius:10px\" rel=\"\"><span class=\"symple-button-inner\" style=\"border-radius:10px\">Site<\/span><\/a>\n\n\n<a href=\"http:\/\/sistema.semead.com.br\/8semead\/resultado\/default.asp\" class=\"symple-button normal navy   \" target=\"_blank\"\" title=\"8 SemeAd - Anais\" style=\"border-radius:10px\" rel=\"\"><span class=\"symple-button-inner\" style=\"border-radius:10px\">Anais<\/span><\/a>\n\n\n\n<hr class=\"wp-block-separator has-alpha-channel-opacity\"\/>\n\n\n\n<h3 class=\"wp-block-heading\">VII SemeAd &#8211; 2004<\/h3>\n\n\n<a href=\"http:\/\/sistema.semead.com.br\/7semead\/\" class=\"symple-button normal navy   \" target=\"_blank\"\" title=\"7 SemeAd\" style=\"border-radius:10px\" rel=\"\"><span class=\"symple-button-inner\" style=\"border-radius:10px\">Site<\/span><\/a>\n\n\n<a href=\"http:\/\/sistema.semead.com.br\/7semead\/\" class=\"symple-button normal navy   \" target=\"_blank\"\" title=\"7 SemeAd - Anais\" style=\"border-radius:10px\" rel=\"\"><span class=\"symple-button-inner\" style=\"border-radius:10px\">Anais<\/span><\/a>\n\n\n\n<hr class=\"wp-block-separator has-alpha-channel-opacity\"\/>\n\n\n\n<h3 class=\"wp-block-heading\">VI SemeAd &#8211; 2003<\/h3>\n\n\n<a href=\"http:\/\/sistema.semead.com.br\/6semead\/\" class=\"symple-button normal navy   \" target=\"_blank\"\" title=\"6 SemeAd\" style=\"border-radius:10px\" rel=\"\"><span class=\"symple-button-inner\" style=\"border-radius:10px\">Site<\/span><\/a>\n\n\n<a href=\"http:\/\/sistema.semead.com.br\/6semead\/\" class=\"symple-button normal navy   \" target=\"_blank\"\" title=\"6 SemeAd - Anais\" style=\"border-radius:10px\" rel=\"\"><span class=\"symple-button-inner\" style=\"border-radius:10px\">Anais<\/span><\/a>\n\n\n\n<hr class=\"wp-block-separator has-alpha-channel-opacity\"\/>\n\n\n\n<h3 class=\"wp-block-heading\">V SemeAd &#8211; 2001<\/h3>\n\n\n<a href=\"http:\/\/sistema.semead.com.br\/5semead\/\" class=\"symple-button normal navy   \" target=\"_blank\"\" title=\"5 SemeAd\" style=\"border-radius:10px\" rel=\"\"><span class=\"symple-button-inner\" style=\"border-radius:10px\">Site<\/span><\/a>\n\n\n<a href=\"http:\/\/sistema.semead.com.br\/5semead\/\" class=\"symple-button normal navy   \" target=\"_blank\"\" title=\"5 SemeAd - Anais\" style=\"border-radius:10px\" rel=\"\"><span class=\"symple-button-inner\" style=\"border-radius:10px\">Anais<\/span><\/a>\n\n\n\n<hr class=\"wp-block-separator has-alpha-channel-opacity\"\/>\n\n\n\n<h3 class=\"wp-block-heading\">IV SemeAd &#8211; 1999<\/h3>\n\n\n<a href=\"http:\/\/sistema.semead.com.br\/4semead\/index.html\" class=\"symple-button normal navy   \" target=\"_blank\"\" title=\"4 SemeAd\" style=\"border-radius:10px\" rel=\"\"><span class=\"symple-button-inner\" style=\"border-radius:10px\">Site<\/span><\/a>\n\n\n<a href=\"http:\/\/sistema.semead.com.br\/4semead\/index.html\" class=\"symple-button normal navy   \" target=\"_blank\"\" title=\"4 SemeAd - Anais\" style=\"border-radius:10px\" rel=\"\"><span class=\"symple-button-inner\" style=\"border-radius:10px\">Anais<\/span><\/a>\n\n\n\n<hr class=\"wp-block-separator has-alpha-channel-opacity\"\/>\n\n\n\n<h3 class=\"wp-block-heading\">III SemeAd &#8211; 1998<\/h3>\n\n\n<a href=\"http:\/\/sistema.semead.com.br\/3semead\/index.html\" class=\"symple-button normal navy   \" target=\"_blank\"\" title=\"3 SemeAd\" style=\"border-radius:10px\" rel=\"\"><span class=\"symple-button-inner\" style=\"border-radius:10px\">Site<\/span><\/a>\n\n\n<a href=\"http:\/\/sistema.semead.com.br\/3semead\/Areas_tematicas.html\" class=\"symple-button normal navy   \" target=\"_blank\"\" title=\"3 SemeAd - Anais\" style=\"border-radius:10px\" rel=\"\"><span class=\"symple-button-inner\" style=\"border-radius:10px\">Anais<\/span><\/a>\n","protected":false},"excerpt":{"rendered":"<p>XXVII SemeAd &#8211; 2024 XXVI SemeAd &#8211; 2023 XXV SemeAd &#8211; 2022 XXIV SemeAd &#8211; 2021 XXIII SemeAd &#8211; 2020 XXII SemeAd &#8211; 2019 XXI SemeAd &#8211; 2018 XX SemeAd &#8211; 2017 XIX SemeAd &#8211; 2016 XVIII SemeAd &#8211; 2015 XVII SemeAd &#8211; 2014 XVI SemeAd &#8211; 2013 XV SemeAd &#8211; 2012 XIV SemeAd &#8211; [&hellip;]<\/p>\n","protected":false},"author":1,"featured_media":0,"parent":0,"menu_order":0,"comment_status":"closed","ping_status":"open","template":"","meta":{"_acf_changed":false,"tpgb_global_settings":"","inline_featured_image":false,"_monsterinsights_skip_tracking":false,"_monsterinsights_sitenote_active":false,"_monsterinsights_sitenote_note":"","_monsterinsights_sitenote_category":0,"footnotes":""},"class_list":["post-31","page","type-page","status-publish","hentry"],"acf":{"coordenadores":null,"audio_da_coordenacao":null,"temas":null},"yoast_head":"<!-- This site is optimized with the Yoast SEO plugin v27.5 - https:\/\/yoast.com\/product\/yoast-seo-wordpress\/ -->\n<title>Edi\u00e7\u00f5es Anteriores - XXIX SemeAd<\/title>\n<meta name=\"robots\" content=\"index, follow, max-snippet:-1, max-image-preview:large, max-video-preview:-1\" \/>\n<link rel=\"canonical\" href=\"https:\/\/semead.com.br\/29\/edicoes-anteriores\/\" \/>\n<meta property=\"og:locale\" content=\"pt_BR\" \/>\n<meta property=\"og:type\" content=\"article\" \/>\n<meta property=\"og:title\" content=\"Edi\u00e7\u00f5es Anteriores - XXIX SemeAd\" \/>\n<meta property=\"og:description\" content=\"XXVII SemeAd &#8211; 2024 XXVI SemeAd &#8211; 2023 XXV SemeAd &#8211; 2022 XXIV SemeAd &#8211; 2021 XXIII SemeAd &#8211; 2020 XXII SemeAd &#8211; 2019 XXI SemeAd &#8211; 2018 XX SemeAd &#8211; 2017 XIX SemeAd &#8211; 2016 XVIII SemeAd &#8211; 2015 XVII SemeAd &#8211; 2014 XVI SemeAd &#8211; 2013 XV SemeAd &#8211; 2012 XIV SemeAd &#8211; [&hellip;]\" \/>\n<meta property=\"og:url\" content=\"https:\/\/semead.com.br\/29\/edicoes-anteriores\/\" \/>\n<meta property=\"og:site_name\" content=\"XXIX SemeAd\" \/>\n<meta property=\"article:modified_time\" content=\"2025-04-28T17:31:58+00:00\" \/>\n<meta name=\"twitter:card\" content=\"summary_large_image\" \/>\n<meta name=\"twitter:label1\" content=\"Est. tempo de leitura\" \/>\n\t<meta name=\"twitter:data1\" content=\"3 minutos\" \/>\n<script type=\"application\/ld+json\" class=\"yoast-schema-graph\">{\"@context\":\"https:\\\/\\\/schema.org\",\"@graph\":[{\"@type\":\"WebPage\",\"@id\":\"https:\\\/\\\/semead.com.br\\\/29\\\/edicoes-anteriores\\\/\",\"url\":\"https:\\\/\\\/semead.com.br\\\/29\\\/edicoes-anteriores\\\/\",\"name\":\"Edi\u00e7\u00f5es Anteriores - XXIX SemeAd\",\"isPartOf\":{\"@id\":\"https:\\\/\\\/semead.com.br\\\/29\\\/#website\"},\"datePublished\":\"2013-04-26T00:21:48+00:00\",\"dateModified\":\"2025-04-28T17:31:58+00:00\",\"breadcrumb\":{\"@id\":\"https:\\\/\\\/semead.com.br\\\/29\\\/edicoes-anteriores\\\/#breadcrumb\"},\"inLanguage\":\"pt-BR\",\"potentialAction\":[{\"@type\":\"ReadAction\",\"target\":[\"https:\\\/\\\/semead.com.br\\\/29\\\/edicoes-anteriores\\\/\"]}]},{\"@type\":\"BreadcrumbList\",\"@id\":\"https:\\\/\\\/semead.com.br\\\/29\\\/edicoes-anteriores\\\/#breadcrumb\",\"itemListElement\":[{\"@type\":\"ListItem\",\"position\":1,\"name\":\"In\u00edcio\",\"item\":\"https:\\\/\\\/semead.com.br\\\/29\\\/\"},{\"@type\":\"ListItem\",\"position\":2,\"name\":\"Edi\u00e7\u00f5es Anteriores\"}]},{\"@type\":\"WebSite\",\"@id\":\"https:\\\/\\\/semead.com.br\\\/29\\\/#website\",\"url\":\"https:\\\/\\\/semead.com.br\\\/29\\\/\",\"name\":\"XXIX SemeAd\",\"description\":\"Semin\u00e1rios em administra\u00e7\u00e3o\",\"potentialAction\":[{\"@type\":\"SearchAction\",\"target\":{\"@type\":\"EntryPoint\",\"urlTemplate\":\"https:\\\/\\\/semead.com.br\\\/29\\\/?s={search_term_string}\"},\"query-input\":{\"@type\":\"PropertyValueSpecification\",\"valueRequired\":true,\"valueName\":\"search_term_string\"}}],\"inLanguage\":\"pt-BR\"}]}<\/script>\n<!-- \/ Yoast SEO plugin. -->","yoast_head_json":{"title":"Edi\u00e7\u00f5es Anteriores - XXIX SemeAd","robots":{"index":"index","follow":"follow","max-snippet":"max-snippet:-1","max-image-preview":"max-image-preview:large","max-video-preview":"max-video-preview:-1"},"canonical":"https:\/\/semead.com.br\/29\/edicoes-anteriores\/","og_locale":"pt_BR","og_type":"article","og_title":"Edi\u00e7\u00f5es Anteriores - XXIX SemeAd","og_description":"XXVII SemeAd &#8211; 2024 XXVI SemeAd &#8211; 2023 XXV SemeAd &#8211; 2022 XXIV SemeAd &#8211; 2021 XXIII SemeAd &#8211; 2020 XXII SemeAd &#8211; 2019 XXI SemeAd &#8211; 2018 XX SemeAd &#8211; 2017 XIX SemeAd &#8211; 2016 XVIII SemeAd &#8211; 2015 XVII SemeAd &#8211; 2014 XVI SemeAd &#8211; 2013 XV SemeAd &#8211; 2012 XIV SemeAd &#8211; [&hellip;]","og_url":"https:\/\/semead.com.br\/29\/edicoes-anteriores\/","og_site_name":"XXIX SemeAd","article_modified_time":"2025-04-28T17:31:58+00:00","twitter_card":"summary_large_image","twitter_misc":{"Est. tempo de leitura":"3 minutos"},"schema":{"@context":"https:\/\/schema.org","@graph":[{"@type":"WebPage","@id":"https:\/\/semead.com.br\/29\/edicoes-anteriores\/","url":"https:\/\/semead.com.br\/29\/edicoes-anteriores\/","name":"Edi\u00e7\u00f5es Anteriores - XXIX SemeAd","isPartOf":{"@id":"https:\/\/semead.com.br\/29\/#website"},"datePublished":"2013-04-26T00:21:48+00:00","dateModified":"2025-04-28T17:31:58+00:00","breadcrumb":{"@id":"https:\/\/semead.com.br\/29\/edicoes-anteriores\/#breadcrumb"},"inLanguage":"pt-BR","potentialAction":[{"@type":"ReadAction","target":["https:\/\/semead.com.br\/29\/edicoes-anteriores\/"]}]},{"@type":"BreadcrumbList","@id":"https:\/\/semead.com.br\/29\/edicoes-anteriores\/#breadcrumb","itemListElement":[{"@type":"ListItem","position":1,"name":"In\u00edcio","item":"https:\/\/semead.com.br\/29\/"},{"@type":"ListItem","position":2,"name":"Edi\u00e7\u00f5es Anteriores"}]},{"@type":"WebSite","@id":"https:\/\/semead.com.br\/29\/#website","url":"https:\/\/semead.com.br\/29\/","name":"XXIX SemeAd","description":"Semin\u00e1rios em administra\u00e7\u00e3o","potentialAction":[{"@type":"SearchAction","target":{"@type":"EntryPoint","urlTemplate":"https:\/\/semead.com.br\/29\/?s={search_term_string}"},"query-input":{"@type":"PropertyValueSpecification","valueRequired":true,"valueName":"search_term_string"}}],"inLanguage":"pt-BR"}]}},"tpgb_featured_images":null,"tpgb_post_meta_info":{"get_date":"26 de abril de 2013","get_modified_date":"28 de abril de 2025","author_name":"fernando yada","author_url":"https:\/\/semead.com.br\/29\/author\/fernando-yada\/","author_email":"fernandoyada@gmail.com","author_website":"","author_description":"","author_facebook":"","author_twitter":"","author_instagram":"","author_role":[],"author_firstname":"","author_lastname":"","user_login":"fernando yada","author_avatar":"<img alt='' src='https:\/\/secure.gravatar.com\/avatar\/e12b4edc71c65a7866bb5109793beca18c7cebc936f8b62643a50a4c990e8426?s=200&#038;d=mm&#038;r=g' srcset='https:\/\/secure.gravatar.com\/avatar\/e12b4edc71c65a7866bb5109793beca18c7cebc936f8b62643a50a4c990e8426?s=400&#038;d=mm&#038;r=g 2x' class='avatar avatar-200 photo' height='200' width='200' decoding='async'\/>","author_avatar_url":"https:\/\/secure.gravatar.com\/avatar\/e12b4edc71c65a7866bb5109793beca18c7cebc936f8b62643a50a4c990e8426?s=96&d=mm&r=g","comment_count":0,"post_likes":0,"post_views":0},"tpgb_post_category":[],"jetpack_sharing_enabled":true,"_links":{"self":[{"href":"https:\/\/semead.com.br\/29\/wp-json\/wp\/v2\/pages\/31","targetHints":{"allow":["GET"]}}],"collection":[{"href":"https:\/\/semead.com.br\/29\/wp-json\/wp\/v2\/pages"}],"about":[{"href":"https:\/\/semead.com.br\/29\/wp-json\/wp\/v2\/types\/page"}],"author":[{"embeddable":true,"href":"https:\/\/semead.com.br\/29\/wp-json\/wp\/v2\/users\/1"}],"replies":[{"embeddable":true,"href":"https:\/\/semead.com.br\/29\/wp-json\/wp\/v2\/comments?post=31"}],"version-history":[{"count":2,"href":"https:\/\/semead.com.br\/29\/wp-json\/wp\/v2\/pages\/31\/revisions"}],"predecessor-version":[{"id":33152,"href":"https:\/\/semead.com.br\/29\/wp-json\/wp\/v2\/pages\/31\/revisions\/33152"}],"wp:attachment":[{"href":"https:\/\/semead.com.br\/29\/wp-json\/wp\/v2\/media?parent=31"}],"curies":[{"name":"wp","href":"https:\/\/api.w.org\/{rel}","templated":true}]}}