{"id":32889,"date":"2024-11-04T10:03:35","date_gmt":"2024-11-04T13:03:35","guid":{"rendered":"https:\/\/semead.com.br\/29-novo\/?page_id=32889"},"modified":"2024-11-04T10:03:39","modified_gmt":"2024-11-04T13:03:39","slug":"disciplina-concentrada-ppga-semead","status":"publish","type":"page","link":"https:\/\/semead.com.br\/29\/disciplina-concentrada-ppga-semead\/","title":{"rendered":"Disciplina Concentrada PPGA\/SEMEAD"},"content":{"rendered":"\n<p>O SemeAd procura oferecer novas oportunidades de aprendizagem para os congressistas por meio da oferta de disciplinas concentradas. Este ano, por meio do Apoio da PRPI-USP e da FIA, pudemos trazer o Prof. Marcelo Nepomuceno da HEC Montreal para oferecer a disciplina &#8220;Mensura\u00e7\u00f5es de Marketing no S\u00e9culo 21: An\u00e1lise textual e medidas biol\u00f3gicas&#8221; e o painel <strong>&#8220;Publish or Perish: O caminho das pedras para publica\u00e7\u00f5es internacionais&#8221;<\/strong>.<\/p>\n\n\n\n<figure class=\"wp-block-image size-large\"><img data-recalc-dims=\"1\" height=\"1024\" width=\"1020\" decoding=\"async\" src=\"https:\/\/i0.wp.com\/semead.com.br\/29-novo\/wp-content\/uploads\/sites\/21\/2024\/11\/Disciplina-1020x1024.jpg?resize=1020%2C1024&#038;ssl=1\" alt=\"\" class=\"wp-image-32890\"\/><\/figure>\n","protected":false},"excerpt":{"rendered":"<p>O SemeAd procura oferecer novas oportunidades de aprendizagem para os congressistas por meio da oferta de disciplinas concentradas. Este ano, por meio do Apoio da PRPI-USP e da FIA, pudemos trazer o Prof. Marcelo Nepomuceno da HEC Montreal para oferecer a disciplina &#8220;Mensura\u00e7\u00f5es de Marketing no S\u00e9culo 21: An\u00e1lise textual e medidas biol\u00f3gicas&#8221; e o [&hellip;]<\/p>\n","protected":false},"author":4,"featured_media":0,"parent":0,"menu_order":0,"comment_status":"closed","ping_status":"closed","template":"","meta":{"_acf_changed":false,"tpgb_global_settings":"","inline_featured_image":false,"_monsterinsights_skip_tracking":false,"_monsterinsights_sitenote_active":false,"_monsterinsights_sitenote_note":"","_monsterinsights_sitenote_category":0,"footnotes":""},"class_list":["post-32889","page","type-page","status-publish","hentry"],"acf":{"coordenadores":null,"audio_da_coordenacao":null,"temas":null},"yoast_head":"<!-- This site is optimized with the Yoast SEO plugin v27.5 - https:\/\/yoast.com\/product\/yoast-seo-wordpress\/ -->\n<title>Disciplina Concentrada PPGA\/SEMEAD - XXIX SemeAd<\/title>\n<meta name=\"robots\" content=\"index, follow, max-snippet:-1, max-image-preview:large, max-video-preview:-1\" \/>\n<link rel=\"canonical\" href=\"https:\/\/semead.com.br\/29\/disciplina-concentrada-ppga-semead\/\" \/>\n<meta property=\"og:locale\" content=\"pt_BR\" \/>\n<meta property=\"og:type\" content=\"article\" \/>\n<meta property=\"og:title\" content=\"Disciplina Concentrada PPGA\/SEMEAD - XXIX SemeAd\" \/>\n<meta property=\"og:description\" content=\"O SemeAd procura oferecer novas oportunidades de aprendizagem para os congressistas por meio da oferta de disciplinas concentradas. Este ano, por meio do Apoio da PRPI-USP e da FIA, pudemos trazer o Prof. Marcelo Nepomuceno da HEC Montreal para oferecer a disciplina &#8220;Mensura\u00e7\u00f5es de Marketing no S\u00e9culo 21: An\u00e1lise textual e medidas biol\u00f3gicas&#8221; e o [&hellip;]\" \/>\n<meta property=\"og:url\" content=\"https:\/\/semead.com.br\/29\/disciplina-concentrada-ppga-semead\/\" \/>\n<meta property=\"og:site_name\" content=\"XXIX SemeAd\" \/>\n<meta property=\"article:modified_time\" content=\"2024-11-04T13:03:39+00:00\" \/>\n<meta property=\"og:image\" content=\"https:\/\/semead.com.br\/29-novo\/wp-content\/uploads\/sites\/21\/2024\/11\/Disciplina-1020x1024.jpg\" \/>\n<meta name=\"twitter:card\" content=\"summary_large_image\" \/>\n<meta name=\"twitter:label1\" content=\"Est. tempo de leitura\" \/>\n\t<meta name=\"twitter:data1\" content=\"1 minuto\" \/>\n<script type=\"application\/ld+json\" class=\"yoast-schema-graph\">{\"@context\":\"https:\\\/\\\/schema.org\",\"@graph\":[{\"@type\":\"WebPage\",\"@id\":\"https:\\\/\\\/semead.com.br\\\/29\\\/disciplina-concentrada-ppga-semead\\\/\",\"url\":\"https:\\\/\\\/semead.com.br\\\/29\\\/disciplina-concentrada-ppga-semead\\\/\",\"name\":\"Disciplina Concentrada PPGA\\\/SEMEAD - XXIX SemeAd\",\"isPartOf\":{\"@id\":\"https:\\\/\\\/semead.com.br\\\/29\\\/#website\"},\"primaryImageOfPage\":{\"@id\":\"https:\\\/\\\/semead.com.br\\\/29\\\/disciplina-concentrada-ppga-semead\\\/#primaryimage\"},\"image\":{\"@id\":\"https:\\\/\\\/semead.com.br\\\/29\\\/disciplina-concentrada-ppga-semead\\\/#primaryimage\"},\"thumbnailUrl\":\"https:\\\/\\\/semead.com.br\\\/29-novo\\\/wp-content\\\/uploads\\\/sites\\\/21\\\/2024\\\/11\\\/Disciplina-1020x1024.jpg\",\"datePublished\":\"2024-11-04T13:03:35+00:00\",\"dateModified\":\"2024-11-04T13:03:39+00:00\",\"breadcrumb\":{\"@id\":\"https:\\\/\\\/semead.com.br\\\/29\\\/disciplina-concentrada-ppga-semead\\\/#breadcrumb\"},\"inLanguage\":\"pt-BR\",\"potentialAction\":[{\"@type\":\"ReadAction\",\"target\":[\"https:\\\/\\\/semead.com.br\\\/29\\\/disciplina-concentrada-ppga-semead\\\/\"]}]},{\"@type\":\"ImageObject\",\"inLanguage\":\"pt-BR\",\"@id\":\"https:\\\/\\\/semead.com.br\\\/29\\\/disciplina-concentrada-ppga-semead\\\/#primaryimage\",\"url\":\"https:\\\/\\\/semead.com.br\\\/29-novo\\\/wp-content\\\/uploads\\\/sites\\\/21\\\/2024\\\/11\\\/Disciplina-1020x1024.jpg\",\"contentUrl\":\"https:\\\/\\\/semead.com.br\\\/29-novo\\\/wp-content\\\/uploads\\\/sites\\\/21\\\/2024\\\/11\\\/Disciplina-1020x1024.jpg\"},{\"@type\":\"BreadcrumbList\",\"@id\":\"https:\\\/\\\/semead.com.br\\\/29\\\/disciplina-concentrada-ppga-semead\\\/#breadcrumb\",\"itemListElement\":[{\"@type\":\"ListItem\",\"position\":1,\"name\":\"In\u00edcio\",\"item\":\"https:\\\/\\\/semead.com.br\\\/29\\\/\"},{\"@type\":\"ListItem\",\"position\":2,\"name\":\"Disciplina Concentrada PPGA\\\/SEMEAD\"}]},{\"@type\":\"WebSite\",\"@id\":\"https:\\\/\\\/semead.com.br\\\/29\\\/#website\",\"url\":\"https:\\\/\\\/semead.com.br\\\/29\\\/\",\"name\":\"XXIX SemeAd\",\"description\":\"Semin\u00e1rios em administra\u00e7\u00e3o\",\"potentialAction\":[{\"@type\":\"SearchAction\",\"target\":{\"@type\":\"EntryPoint\",\"urlTemplate\":\"https:\\\/\\\/semead.com.br\\\/29\\\/?s={search_term_string}\"},\"query-input\":{\"@type\":\"PropertyValueSpecification\",\"valueRequired\":true,\"valueName\":\"search_term_string\"}}],\"inLanguage\":\"pt-BR\"}]}<\/script>\n<!-- \/ Yoast SEO plugin. -->","yoast_head_json":{"title":"Disciplina Concentrada PPGA\/SEMEAD - XXIX SemeAd","robots":{"index":"index","follow":"follow","max-snippet":"max-snippet:-1","max-image-preview":"max-image-preview:large","max-video-preview":"max-video-preview:-1"},"canonical":"https:\/\/semead.com.br\/29\/disciplina-concentrada-ppga-semead\/","og_locale":"pt_BR","og_type":"article","og_title":"Disciplina Concentrada PPGA\/SEMEAD - XXIX SemeAd","og_description":"O SemeAd procura oferecer novas oportunidades de aprendizagem para os congressistas por meio da oferta de disciplinas concentradas. Este ano, por meio do Apoio da PRPI-USP e da FIA, pudemos trazer o Prof. Marcelo Nepomuceno da HEC Montreal para oferecer a disciplina &#8220;Mensura\u00e7\u00f5es de Marketing no S\u00e9culo 21: An\u00e1lise textual e medidas biol\u00f3gicas&#8221; e o [&hellip;]","og_url":"https:\/\/semead.com.br\/29\/disciplina-concentrada-ppga-semead\/","og_site_name":"XXIX SemeAd","article_modified_time":"2024-11-04T13:03:39+00:00","og_image":[{"url":"https:\/\/semead.com.br\/29-novo\/wp-content\/uploads\/sites\/21\/2024\/11\/Disciplina-1020x1024.jpg","type":"","width":"","height":""}],"twitter_card":"summary_large_image","twitter_misc":{"Est. tempo de leitura":"1 minuto"},"schema":{"@context":"https:\/\/schema.org","@graph":[{"@type":"WebPage","@id":"https:\/\/semead.com.br\/29\/disciplina-concentrada-ppga-semead\/","url":"https:\/\/semead.com.br\/29\/disciplina-concentrada-ppga-semead\/","name":"Disciplina Concentrada PPGA\/SEMEAD - XXIX SemeAd","isPartOf":{"@id":"https:\/\/semead.com.br\/29\/#website"},"primaryImageOfPage":{"@id":"https:\/\/semead.com.br\/29\/disciplina-concentrada-ppga-semead\/#primaryimage"},"image":{"@id":"https:\/\/semead.com.br\/29\/disciplina-concentrada-ppga-semead\/#primaryimage"},"thumbnailUrl":"https:\/\/semead.com.br\/29-novo\/wp-content\/uploads\/sites\/21\/2024\/11\/Disciplina-1020x1024.jpg","datePublished":"2024-11-04T13:03:35+00:00","dateModified":"2024-11-04T13:03:39+00:00","breadcrumb":{"@id":"https:\/\/semead.com.br\/29\/disciplina-concentrada-ppga-semead\/#breadcrumb"},"inLanguage":"pt-BR","potentialAction":[{"@type":"ReadAction","target":["https:\/\/semead.com.br\/29\/disciplina-concentrada-ppga-semead\/"]}]},{"@type":"ImageObject","inLanguage":"pt-BR","@id":"https:\/\/semead.com.br\/29\/disciplina-concentrada-ppga-semead\/#primaryimage","url":"https:\/\/semead.com.br\/29-novo\/wp-content\/uploads\/sites\/21\/2024\/11\/Disciplina-1020x1024.jpg","contentUrl":"https:\/\/semead.com.br\/29-novo\/wp-content\/uploads\/sites\/21\/2024\/11\/Disciplina-1020x1024.jpg"},{"@type":"BreadcrumbList","@id":"https:\/\/semead.com.br\/29\/disciplina-concentrada-ppga-semead\/#breadcrumb","itemListElement":[{"@type":"ListItem","position":1,"name":"In\u00edcio","item":"https:\/\/semead.com.br\/29\/"},{"@type":"ListItem","position":2,"name":"Disciplina Concentrada PPGA\/SEMEAD"}]},{"@type":"WebSite","@id":"https:\/\/semead.com.br\/29\/#website","url":"https:\/\/semead.com.br\/29\/","name":"XXIX SemeAd","description":"Semin\u00e1rios em administra\u00e7\u00e3o","potentialAction":[{"@type":"SearchAction","target":{"@type":"EntryPoint","urlTemplate":"https:\/\/semead.com.br\/29\/?s={search_term_string}"},"query-input":{"@type":"PropertyValueSpecification","valueRequired":true,"valueName":"search_term_string"}}],"inLanguage":"pt-BR"}]}},"tpgb_featured_images":null,"tpgb_post_meta_info":{"get_date":"4 de novembro de 2024","get_modified_date":"4 de novembro de 2024","author_name":"semeadfernandoyada77","author_url":"https:\/\/semead.com.br\/29\/author\/semeadfernandoyada77\/","author_email":"fernandoyada+semead@gmail.com","author_website":"","author_description":"","author_facebook":"","author_twitter":"","author_instagram":"","author_role":["administrator"],"author_firstname":"","author_lastname":"","user_login":"semeadfernandoyada77","author_avatar":"<img alt='' src='https:\/\/secure.gravatar.com\/avatar\/5cf727b92add7940479f95be27b8a9f4752bdd62514030afb7ce6d274c363cee?s=200&#038;d=mm&#038;r=g' srcset='https:\/\/secure.gravatar.com\/avatar\/5cf727b92add7940479f95be27b8a9f4752bdd62514030afb7ce6d274c363cee?s=400&#038;d=mm&#038;r=g 2x' class='avatar avatar-200 photo' height='200' width='200' decoding='async'\/>","author_avatar_url":"https:\/\/secure.gravatar.com\/avatar\/5cf727b92add7940479f95be27b8a9f4752bdd62514030afb7ce6d274c363cee?s=96&d=mm&r=g","comment_count":0,"post_likes":0,"post_views":0},"tpgb_post_category":[],"jetpack_sharing_enabled":true,"_links":{"self":[{"href":"https:\/\/semead.com.br\/29\/wp-json\/wp\/v2\/pages\/32889","targetHints":{"allow":["GET"]}}],"collection":[{"href":"https:\/\/semead.com.br\/29\/wp-json\/wp\/v2\/pages"}],"about":[{"href":"https:\/\/semead.com.br\/29\/wp-json\/wp\/v2\/types\/page"}],"author":[{"embeddable":true,"href":"https:\/\/semead.com.br\/29\/wp-json\/wp\/v2\/users\/4"}],"replies":[{"embeddable":true,"href":"https:\/\/semead.com.br\/29\/wp-json\/wp\/v2\/comments?post=32889"}],"version-history":[{"count":1,"href":"https:\/\/semead.com.br\/29\/wp-json\/wp\/v2\/pages\/32889\/revisions"}],"predecessor-version":[{"id":32894,"href":"https:\/\/semead.com.br\/29\/wp-json\/wp\/v2\/pages\/32889\/revisions\/32894"}],"wp:attachment":[{"href":"https:\/\/semead.com.br\/29\/wp-json\/wp\/v2\/media?parent=32889"}],"curies":[{"name":"wp","href":"https:\/\/api.w.org\/{rel}","templated":true}]}}